{"id":5411,"date":"2024-09-06T10:26:16","date_gmt":"2024-09-06T07:26:16","guid":{"rendered":"https:\/\/manitusolar.ro\/?page_id=5411"},"modified":"2024-09-10T14:34:25","modified_gmt":"2024-09-10T11:34:25","slug":"furnizor-kbe","status":"publish","type":"page","link":"https:\/\/manitusolar.ro\/en\/furnizor-kbe\/","title":{"rendered":"KBE"},"content":{"rendered":"<div data-elementor-type=\"wp-page\" data-elementor-id=\"5411\" class=\"elementor elementor-5411\" data-elementor-post-type=\"page\">\n\t\t\t\t<div class=\"elementor-element elementor-element-d3c5537 e-flex e-con-boxed e-con e-parent\" data-id=\"d3c5537\" data-element_type=\"container\" data-e-type=\"container\" data-settings=\"{&quot;background_background&quot;:&quot;classic&quot;}\">\n\t\t\t\t\t<div class=\"e-con-inner\">\n\t\t\t\t<div class=\"elementor-element elementor-element-a473be3 elementor-widget elementor-widget-text-editor\" data-id=\"a473be3\" data-element_type=\"widget\" data-e-type=\"widget\" data-widget_type=\"text-editor.default\">\n\t\t\t\t<div class=\"elementor-widget-container\">\n\t\t\t\t\t\t\t\t\t<p>Founded in 1973 in Germany, KBE is a specialized manufacturer of electrical cables, recognized for the superior quality of its products. With extensive experience in the field, KBE develops reliable solar cables that are resistant to extreme conditions and contribute to the overall efficiency of photovoltaic systems.<\/p><p><strong>Product Range:<\/strong> KBE solar cables are available in various cross-sections and are designed to withstand high temperatures and UV radiation, ensuring a long lifespan and minimal energy loss. These cables are essential for the installation of any photovoltaic system, guaranteeing optimal performance.<\/p><p><strong>Discover KBE cables in our online store!<\/strong><\/p>\t\t\t\t\t\t\t\t<\/div>\n\t\t\t\t<\/div>\n\t\t\t\t<div class=\"elementor-element elementor-element-79d43c3 elementor-align-left elementor-widget__width-initial elementor-widget-mobile__width-inherit elementor-widget elementor-widget-button\" data-id=\"79d43c3\" data-element_type=\"widget\" data-e-type=\"widget\" data-widget_type=\"button.default\">\n\t\t\t\t<div class=\"elementor-widget-container\">\n\t\t\t\t\t\t\t\t\t<div class=\"elementor-button-wrapper\">\n\t\t\t\t\t<a class=\"elementor-button elementor-button-link elementor-size-sm\" href=\"\/en\/categorii\/accesorii\/kbe\/\">\n\t\t\t\t\t\t<span class=\"elementor-button-content-wrapper\">\n\t\t\t\t\t\t\t\t\t<span class=\"elementor-button-text\">Shop Now<\/span>\n\t\t\t\t\t<\/span>\n\t\t\t\t\t<\/a>\n\t\t\t\t<\/div>\n\t\t\t\t\t\t\t\t<\/div>\n\t\t\t\t<\/div>\n\t\t\t\t\t<\/div>\n\t\t\t\t<\/div>\n\t\t\t\t<\/div>","protected":false},"excerpt":{"rendered":"<p>KBE, fondat\u0103 \u00een 1973 \u00een Germania, este un produc\u0103tor de cabluri electrice specializate, recunoscut pentru calitatea superioar\u0103 a produselor sale. Cu o experien\u021b\u0103 \u00eendelungat\u0103 \u00een domeniu, KBE dezvolt\u0103 cabluri solare fiabile, rezistente la condi\u021bii extreme \u0219i care contribuie la eficien\u021ba general\u0103 a sistemelor fotovoltaice. Produse: Cablurile solare produse de KBE sunt disponibile \u00een diferite sec\u021biuni [&hellip;]<\/p>\n","protected":false},"author":3,"featured_media":0,"parent":0,"menu_order":0,"comment_status":"closed","ping_status":"closed","template":"","meta":{"footnotes":""},"class_list":["post-5411","page","type-page","status-publish","hentry"],"yoast_head":"<!-- This site is optimized with the Yoast SEO plugin v27.3 - https:\/\/yoast.com\/product\/yoast-seo-wordpress\/ -->\n<title>KBE - Manitu Solar<\/title>\n<meta name=\"robots\" content=\"index, follow, max-snippet:-1, max-image-preview:large, max-video-preview:-1\" \/>\n<link rel=\"canonical\" href=\"https:\/\/manitusolar.ro\/en\/furnizor-kbe\/\" \/>\n<meta property=\"og:locale\" content=\"en_US\" \/>\n<meta property=\"og:type\" content=\"article\" \/>\n<meta property=\"og:title\" content=\"KBE - Manitu Solar\" \/>\n<meta property=\"og:description\" content=\"KBE, fondat\u0103 \u00een 1973 \u00een Germania, este un produc\u0103tor de cabluri electrice specializate, recunoscut pentru calitatea superioar\u0103 a produselor sale. Cu o experien\u021b\u0103 \u00eendelungat\u0103 \u00een domeniu, KBE dezvolt\u0103 cabluri solare fiabile, rezistente la condi\u021bii extreme \u0219i care contribuie la eficien\u021ba general\u0103 a sistemelor fotovoltaice. Produse: Cablurile solare produse de KBE sunt disponibile \u00een diferite sec\u021biuni [&hellip;]\" \/>\n<meta property=\"og:url\" content=\"https:\/\/manitusolar.ro\/en\/furnizor-kbe\/\" \/>\n<meta property=\"og:site_name\" content=\"Manitu Solar\" \/>\n<meta property=\"article:modified_time\" content=\"2024-09-10T11:34:25+00:00\" \/>\n<meta name=\"twitter:card\" content=\"summary_large_image\" \/>\n<meta name=\"twitter:label1\" content=\"Est. reading time\" \/>\n\t<meta name=\"twitter:data1\" content=\"1 minute\" \/>\n<script type=\"application\/ld+json\" class=\"yoast-schema-graph\">{\"@context\":\"https:\\\/\\\/schema.org\",\"@graph\":[{\"@type\":\"WebPage\",\"@id\":\"https:\\\/\\\/manitusolar.ro\\\/furnizor-kbe\\\/\",\"url\":\"https:\\\/\\\/manitusolar.ro\\\/furnizor-kbe\\\/\",\"name\":\"KBE - Manitu Solar\",\"isPartOf\":{\"@id\":\"https:\\\/\\\/manitusolar.ro\\\/#website\"},\"datePublished\":\"2024-09-06T07:26:16+00:00\",\"dateModified\":\"2024-09-10T11:34:25+00:00\",\"breadcrumb\":{\"@id\":\"https:\\\/\\\/manitusolar.ro\\\/furnizor-kbe\\\/#breadcrumb\"},\"inLanguage\":\"en-US\",\"potentialAction\":[{\"@type\":\"ReadAction\",\"target\":[\"https:\\\/\\\/manitusolar.ro\\\/furnizor-kbe\\\/\"]}]},{\"@type\":\"BreadcrumbList\",\"@id\":\"https:\\\/\\\/manitusolar.ro\\\/furnizor-kbe\\\/#breadcrumb\",\"itemListElement\":[{\"@type\":\"ListItem\",\"position\":1,\"name\":\"Home\",\"item\":\"https:\\\/\\\/manitusolar.ro\\\/\"},{\"@type\":\"ListItem\",\"position\":2,\"name\":\"KBE\"}]},{\"@type\":\"WebSite\",\"@id\":\"https:\\\/\\\/manitusolar.ro\\\/#website\",\"url\":\"https:\\\/\\\/manitusolar.ro\\\/\",\"name\":\"Manitu Solar\",\"description\":\"Distribuitor fotovoltaice, importator direct de panouri si sisteme fotovoltaice\",\"publisher\":{\"@id\":\"https:\\\/\\\/manitusolar.ro\\\/#organization\"},\"potentialAction\":[{\"@type\":\"SearchAction\",\"target\":{\"@type\":\"EntryPoint\",\"urlTemplate\":\"https:\\\/\\\/manitusolar.ro\\\/?s={search_term_string}\"},\"query-input\":{\"@type\":\"PropertyValueSpecification\",\"valueRequired\":true,\"valueName\":\"search_term_string\"}}],\"inLanguage\":\"en-US\"},{\"@type\":\"Organization\",\"@id\":\"https:\\\/\\\/manitusolar.ro\\\/#organization\",\"name\":\"Manitu Solar\",\"url\":\"https:\\\/\\\/manitusolar.ro\\\/\",\"logo\":{\"@type\":\"ImageObject\",\"inLanguage\":\"en-US\",\"@id\":\"https:\\\/\\\/manitusolar.ro\\\/#\\\/schema\\\/logo\\\/image\\\/\",\"url\":\"https:\\\/\\\/manitusolar.ro\\\/wp-content\\\/uploads\\\/2024\\\/08\\\/manitu_solar_color.svg\",\"contentUrl\":\"https:\\\/\\\/manitusolar.ro\\\/wp-content\\\/uploads\\\/2024\\\/08\\\/manitu_solar_color.svg\",\"width\":280,\"height\":60,\"caption\":\"Manitu Solar\"},\"image\":{\"@id\":\"https:\\\/\\\/manitusolar.ro\\\/#\\\/schema\\\/logo\\\/image\\\/\"}}]}<\/script>\n<!-- \/ Yoast SEO plugin. -->","yoast_head_json":{"title":"KBE - Manitu Solar","robots":{"index":"index","follow":"follow","max-snippet":"max-snippet:-1","max-image-preview":"max-image-preview:large","max-video-preview":"max-video-preview:-1"},"canonical":"https:\/\/manitusolar.ro\/en\/furnizor-kbe\/","og_locale":"en_US","og_type":"article","og_title":"KBE - Manitu Solar","og_description":"KBE, fondat\u0103 \u00een 1973 \u00een Germania, este un produc\u0103tor de cabluri electrice specializate, recunoscut pentru calitatea superioar\u0103 a produselor sale. Cu o experien\u021b\u0103 \u00eendelungat\u0103 \u00een domeniu, KBE dezvolt\u0103 cabluri solare fiabile, rezistente la condi\u021bii extreme \u0219i care contribuie la eficien\u021ba general\u0103 a sistemelor fotovoltaice. Produse: Cablurile solare produse de KBE sunt disponibile \u00een diferite sec\u021biuni [&hellip;]","og_url":"https:\/\/manitusolar.ro\/en\/furnizor-kbe\/","og_site_name":"Manitu Solar","article_modified_time":"2024-09-10T11:34:25+00:00","twitter_card":"summary_large_image","twitter_misc":{"Est. reading time":"1 minute"},"schema":{"@context":"https:\/\/schema.org","@graph":[{"@type":"WebPage","@id":"https:\/\/manitusolar.ro\/furnizor-kbe\/","url":"https:\/\/manitusolar.ro\/furnizor-kbe\/","name":"KBE - Manitu Solar","isPartOf":{"@id":"https:\/\/manitusolar.ro\/#website"},"datePublished":"2024-09-06T07:26:16+00:00","dateModified":"2024-09-10T11:34:25+00:00","breadcrumb":{"@id":"https:\/\/manitusolar.ro\/furnizor-kbe\/#breadcrumb"},"inLanguage":"en-US","potentialAction":[{"@type":"ReadAction","target":["https:\/\/manitusolar.ro\/furnizor-kbe\/"]}]},{"@type":"BreadcrumbList","@id":"https:\/\/manitusolar.ro\/furnizor-kbe\/#breadcrumb","itemListElement":[{"@type":"ListItem","position":1,"name":"Home","item":"https:\/\/manitusolar.ro\/"},{"@type":"ListItem","position":2,"name":"KBE"}]},{"@type":"WebSite","@id":"https:\/\/manitusolar.ro\/#website","url":"https:\/\/manitusolar.ro\/","name":"Manitu Solar","description":"Distribuitor fotovoltaice, importator direct de panouri si sisteme fotovoltaice","publisher":{"@id":"https:\/\/manitusolar.ro\/#organization"},"potentialAction":[{"@type":"SearchAction","target":{"@type":"EntryPoint","urlTemplate":"https:\/\/manitusolar.ro\/?s={search_term_string}"},"query-input":{"@type":"PropertyValueSpecification","valueRequired":true,"valueName":"search_term_string"}}],"inLanguage":"en-US"},{"@type":"Organization","@id":"https:\/\/manitusolar.ro\/#organization","name":"Manitu Solar","url":"https:\/\/manitusolar.ro\/","logo":{"@type":"ImageObject","inLanguage":"en-US","@id":"https:\/\/manitusolar.ro\/#\/schema\/logo\/image\/","url":"https:\/\/manitusolar.ro\/wp-content\/uploads\/2024\/08\/manitu_solar_color.svg","contentUrl":"https:\/\/manitusolar.ro\/wp-content\/uploads\/2024\/08\/manitu_solar_color.svg","width":280,"height":60,"caption":"Manitu Solar"},"image":{"@id":"https:\/\/manitusolar.ro\/#\/schema\/logo\/image\/"}}]}},"_links":{"self":[{"href":"https:\/\/manitusolar.ro\/en\/wp-json\/wp\/v2\/pages\/5411","targetHints":{"allow":["GET"]}}],"collection":[{"href":"https:\/\/manitusolar.ro\/en\/wp-json\/wp\/v2\/pages"}],"about":[{"href":"https:\/\/manitusolar.ro\/en\/wp-json\/wp\/v2\/types\/page"}],"author":[{"embeddable":true,"href":"https:\/\/manitusolar.ro\/en\/wp-json\/wp\/v2\/users\/3"}],"replies":[{"embeddable":true,"href":"https:\/\/manitusolar.ro\/en\/wp-json\/wp\/v2\/comments?post=5411"}],"version-history":[{"count":10,"href":"https:\/\/manitusolar.ro\/en\/wp-json\/wp\/v2\/pages\/5411\/revisions"}],"predecessor-version":[{"id":5949,"href":"https:\/\/manitusolar.ro\/en\/wp-json\/wp\/v2\/pages\/5411\/revisions\/5949"}],"wp:attachment":[{"href":"https:\/\/manitusolar.ro\/en\/wp-json\/wp\/v2\/media?parent=5411"}],"curies":[{"name":"wp","href":"https:\/\/api.w.org\/{rel}","templated":true}]}}