{"id":5413,"date":"2024-09-06T10:26:34","date_gmt":"2024-09-06T07:26:34","guid":{"rendered":"https:\/\/manitusolar.ro\/?page_id=5413"},"modified":"2024-09-10T14:35:07","modified_gmt":"2024-09-10T11:35:07","slug":"staubli","status":"publish","type":"page","link":"https:\/\/manitusolar.ro\/en\/staubli\/","title":{"rendered":"Staubli"},"content":{"rendered":"<div data-elementor-type=\"wp-page\" data-elementor-id=\"5413\" class=\"elementor elementor-5413\" data-elementor-post-type=\"page\">\n\t\t\t\t<div class=\"elementor-element elementor-element-72fb025 e-flex e-con-boxed e-con e-parent\" data-id=\"72fb025\" data-element_type=\"container\" data-e-type=\"container\" data-settings=\"{&quot;background_background&quot;:&quot;classic&quot;}\">\n\t\t\t\t\t<div class=\"e-con-inner\">\n\t\t\t\t<div class=\"elementor-element elementor-element-9db09eb elementor-widget elementor-widget-text-editor\" data-id=\"9db09eb\" data-element_type=\"widget\" data-e-type=\"widget\" data-widget_type=\"text-editor.default\">\n\t\t\t\t<div class=\"elementor-widget-container\">\n\t\t\t\t\t\t\t\t\t<p>With a history spanning more than a century, Staubli is a pioneer in the development of industrial connectivity solutions. In the solar industry, Staubli is renowned for producing high-quality photovoltaic connectors that ensure reliability and efficiency in large-scale solar energy projects.<\/p><p><strong>Products and Technologies:<\/strong> Staubli photovoltaic connectors are recognized for their high performance and resistance to harsh environmental conditions. With innovative contact technology and a durable design, these connectors ensure minimal energy loss and maximum safety in use. Staubli offers solutions for all types of solar projects, from residential to industrial.<\/p><p><strong>Discover Staubli connectors in our online store!<\/strong><\/p>\t\t\t\t\t\t\t\t<\/div>\n\t\t\t\t<\/div>\n\t\t\t\t<div class=\"elementor-element elementor-element-b0ca575 elementor-align-left elementor-widget__width-initial elementor-widget-mobile__width-inherit elementor-widget elementor-widget-button\" data-id=\"b0ca575\" data-element_type=\"widget\" data-e-type=\"widget\" data-widget_type=\"button.default\">\n\t\t\t\t<div class=\"elementor-widget-container\">\n\t\t\t\t\t\t\t\t\t<div class=\"elementor-button-wrapper\">\n\t\t\t\t\t<a class=\"elementor-button elementor-button-link elementor-size-sm\" href=\"\/en\/categorii\/accesorii\/staubli\/\">\n\t\t\t\t\t\t<span class=\"elementor-button-content-wrapper\">\n\t\t\t\t\t\t\t\t\t<span class=\"elementor-button-text\">Shop Now<\/span>\n\t\t\t\t\t<\/span>\n\t\t\t\t\t<\/a>\n\t\t\t\t<\/div>\n\t\t\t\t\t\t\t\t<\/div>\n\t\t\t\t<\/div>\n\t\t\t\t\t<\/div>\n\t\t\t\t<\/div>\n\t\t\t\t<\/div>","protected":false},"excerpt":{"rendered":"<p>Cu o istorie care se \u00eentinde pe mai mult de un secol, Staubli este un pionier \u00een dezvoltarea de solu\u021bii industriale de conectivitate. \u00cen industria solar\u0103, Staubli este cunoscut\u0103 pentru produc\u021bia de conectori fotovoltaici de \u00eenalt\u0103 calitate, care asigur\u0103 fiabilitate \u0219i eficien\u021b\u0103 \u00een proiectele de energie solar\u0103 la scar\u0103 larg\u0103. Produse \u0219i tehnologii: Conectorii fotovoltaici [&hellip;]<\/p>\n","protected":false},"author":3,"featured_media":0,"parent":0,"menu_order":0,"comment_status":"closed","ping_status":"closed","template":"","meta":{"footnotes":""},"class_list":["post-5413","page","type-page","status-publish","hentry"],"yoast_head":"<!-- This site is optimized with the Yoast SEO plugin v27.3 - https:\/\/yoast.com\/product\/yoast-seo-wordpress\/ -->\n<title>Staubli - Manitu Solar<\/title>\n<meta name=\"robots\" content=\"index, follow, max-snippet:-1, max-image-preview:large, max-video-preview:-1\" \/>\n<link rel=\"canonical\" href=\"https:\/\/manitusolar.ro\/en\/staubli\/\" \/>\n<meta property=\"og:locale\" content=\"en_US\" \/>\n<meta property=\"og:type\" content=\"article\" \/>\n<meta property=\"og:title\" content=\"Staubli - Manitu Solar\" \/>\n<meta property=\"og:description\" content=\"Cu o istorie care se \u00eentinde pe mai mult de un secol, Staubli este un pionier \u00een dezvoltarea de solu\u021bii industriale de conectivitate. \u00cen industria solar\u0103, Staubli este cunoscut\u0103 pentru produc\u021bia de conectori fotovoltaici de \u00eenalt\u0103 calitate, care asigur\u0103 fiabilitate \u0219i eficien\u021b\u0103 \u00een proiectele de energie solar\u0103 la scar\u0103 larg\u0103. Produse \u0219i tehnologii: Conectorii fotovoltaici [&hellip;]\" \/>\n<meta property=\"og:url\" content=\"https:\/\/manitusolar.ro\/en\/staubli\/\" \/>\n<meta property=\"og:site_name\" content=\"Manitu Solar\" \/>\n<meta property=\"article:modified_time\" content=\"2024-09-10T11:35:07+00:00\" \/>\n<meta name=\"twitter:card\" content=\"summary_large_image\" \/>\n<meta name=\"twitter:label1\" content=\"Est. reading time\" \/>\n\t<meta name=\"twitter:data1\" content=\"1 minute\" \/>\n<script type=\"application\/ld+json\" class=\"yoast-schema-graph\">{\"@context\":\"https:\\\/\\\/schema.org\",\"@graph\":[{\"@type\":\"WebPage\",\"@id\":\"https:\\\/\\\/manitusolar.ro\\\/staubli\\\/\",\"url\":\"https:\\\/\\\/manitusolar.ro\\\/staubli\\\/\",\"name\":\"Staubli - Manitu Solar\",\"isPartOf\":{\"@id\":\"https:\\\/\\\/manitusolar.ro\\\/#website\"},\"datePublished\":\"2024-09-06T07:26:34+00:00\",\"dateModified\":\"2024-09-10T11:35:07+00:00\",\"breadcrumb\":{\"@id\":\"https:\\\/\\\/manitusolar.ro\\\/staubli\\\/#breadcrumb\"},\"inLanguage\":\"en-US\",\"potentialAction\":[{\"@type\":\"ReadAction\",\"target\":[\"https:\\\/\\\/manitusolar.ro\\\/staubli\\\/\"]}]},{\"@type\":\"BreadcrumbList\",\"@id\":\"https:\\\/\\\/manitusolar.ro\\\/staubli\\\/#breadcrumb\",\"itemListElement\":[{\"@type\":\"ListItem\",\"position\":1,\"name\":\"Home\",\"item\":\"https:\\\/\\\/manitusolar.ro\\\/\"},{\"@type\":\"ListItem\",\"position\":2,\"name\":\"Staubli\"}]},{\"@type\":\"WebSite\",\"@id\":\"https:\\\/\\\/manitusolar.ro\\\/#website\",\"url\":\"https:\\\/\\\/manitusolar.ro\\\/\",\"name\":\"Manitu Solar\",\"description\":\"Distribuitor fotovoltaice, importator direct de panouri si sisteme fotovoltaice\",\"publisher\":{\"@id\":\"https:\\\/\\\/manitusolar.ro\\\/#organization\"},\"potentialAction\":[{\"@type\":\"SearchAction\",\"target\":{\"@type\":\"EntryPoint\",\"urlTemplate\":\"https:\\\/\\\/manitusolar.ro\\\/?s={search_term_string}\"},\"query-input\":{\"@type\":\"PropertyValueSpecification\",\"valueRequired\":true,\"valueName\":\"search_term_string\"}}],\"inLanguage\":\"en-US\"},{\"@type\":\"Organization\",\"@id\":\"https:\\\/\\\/manitusolar.ro\\\/#organization\",\"name\":\"Manitu Solar\",\"url\":\"https:\\\/\\\/manitusolar.ro\\\/\",\"logo\":{\"@type\":\"ImageObject\",\"inLanguage\":\"en-US\",\"@id\":\"https:\\\/\\\/manitusolar.ro\\\/#\\\/schema\\\/logo\\\/image\\\/\",\"url\":\"https:\\\/\\\/manitusolar.ro\\\/wp-content\\\/uploads\\\/2024\\\/08\\\/manitu_solar_color.svg\",\"contentUrl\":\"https:\\\/\\\/manitusolar.ro\\\/wp-content\\\/uploads\\\/2024\\\/08\\\/manitu_solar_color.svg\",\"width\":280,\"height\":60,\"caption\":\"Manitu Solar\"},\"image\":{\"@id\":\"https:\\\/\\\/manitusolar.ro\\\/#\\\/schema\\\/logo\\\/image\\\/\"}}]}<\/script>\n<!-- \/ Yoast SEO plugin. -->","yoast_head_json":{"title":"Staubli - Manitu Solar","robots":{"index":"index","follow":"follow","max-snippet":"max-snippet:-1","max-image-preview":"max-image-preview:large","max-video-preview":"max-video-preview:-1"},"canonical":"https:\/\/manitusolar.ro\/en\/staubli\/","og_locale":"en_US","og_type":"article","og_title":"Staubli - Manitu Solar","og_description":"Cu o istorie care se \u00eentinde pe mai mult de un secol, Staubli este un pionier \u00een dezvoltarea de solu\u021bii industriale de conectivitate. \u00cen industria solar\u0103, Staubli este cunoscut\u0103 pentru produc\u021bia de conectori fotovoltaici de \u00eenalt\u0103 calitate, care asigur\u0103 fiabilitate \u0219i eficien\u021b\u0103 \u00een proiectele de energie solar\u0103 la scar\u0103 larg\u0103. Produse \u0219i tehnologii: Conectorii fotovoltaici [&hellip;]","og_url":"https:\/\/manitusolar.ro\/en\/staubli\/","og_site_name":"Manitu Solar","article_modified_time":"2024-09-10T11:35:07+00:00","twitter_card":"summary_large_image","twitter_misc":{"Est. reading time":"1 minute"},"schema":{"@context":"https:\/\/schema.org","@graph":[{"@type":"WebPage","@id":"https:\/\/manitusolar.ro\/staubli\/","url":"https:\/\/manitusolar.ro\/staubli\/","name":"Staubli - Manitu Solar","isPartOf":{"@id":"https:\/\/manitusolar.ro\/#website"},"datePublished":"2024-09-06T07:26:34+00:00","dateModified":"2024-09-10T11:35:07+00:00","breadcrumb":{"@id":"https:\/\/manitusolar.ro\/staubli\/#breadcrumb"},"inLanguage":"en-US","potentialAction":[{"@type":"ReadAction","target":["https:\/\/manitusolar.ro\/staubli\/"]}]},{"@type":"BreadcrumbList","@id":"https:\/\/manitusolar.ro\/staubli\/#breadcrumb","itemListElement":[{"@type":"ListItem","position":1,"name":"Home","item":"https:\/\/manitusolar.ro\/"},{"@type":"ListItem","position":2,"name":"Staubli"}]},{"@type":"WebSite","@id":"https:\/\/manitusolar.ro\/#website","url":"https:\/\/manitusolar.ro\/","name":"Manitu Solar","description":"Distribuitor fotovoltaice, importator direct de panouri si sisteme fotovoltaice","publisher":{"@id":"https:\/\/manitusolar.ro\/#organization"},"potentialAction":[{"@type":"SearchAction","target":{"@type":"EntryPoint","urlTemplate":"https:\/\/manitusolar.ro\/?s={search_term_string}"},"query-input":{"@type":"PropertyValueSpecification","valueRequired":true,"valueName":"search_term_string"}}],"inLanguage":"en-US"},{"@type":"Organization","@id":"https:\/\/manitusolar.ro\/#organization","name":"Manitu Solar","url":"https:\/\/manitusolar.ro\/","logo":{"@type":"ImageObject","inLanguage":"en-US","@id":"https:\/\/manitusolar.ro\/#\/schema\/logo\/image\/","url":"https:\/\/manitusolar.ro\/wp-content\/uploads\/2024\/08\/manitu_solar_color.svg","contentUrl":"https:\/\/manitusolar.ro\/wp-content\/uploads\/2024\/08\/manitu_solar_color.svg","width":280,"height":60,"caption":"Manitu Solar"},"image":{"@id":"https:\/\/manitusolar.ro\/#\/schema\/logo\/image\/"}}]}},"_links":{"self":[{"href":"https:\/\/manitusolar.ro\/en\/wp-json\/wp\/v2\/pages\/5413","targetHints":{"allow":["GET"]}}],"collection":[{"href":"https:\/\/manitusolar.ro\/en\/wp-json\/wp\/v2\/pages"}],"about":[{"href":"https:\/\/manitusolar.ro\/en\/wp-json\/wp\/v2\/types\/page"}],"author":[{"embeddable":true,"href":"https:\/\/manitusolar.ro\/en\/wp-json\/wp\/v2\/users\/3"}],"replies":[{"embeddable":true,"href":"https:\/\/manitusolar.ro\/en\/wp-json\/wp\/v2\/comments?post=5413"}],"version-history":[{"count":19,"href":"https:\/\/manitusolar.ro\/en\/wp-json\/wp\/v2\/pages\/5413\/revisions"}],"predecessor-version":[{"id":5952,"href":"https:\/\/manitusolar.ro\/en\/wp-json\/wp\/v2\/pages\/5413\/revisions\/5952"}],"wp:attachment":[{"href":"https:\/\/manitusolar.ro\/en\/wp-json\/wp\/v2\/media?parent=5413"}],"curies":[{"name":"wp","href":"https:\/\/api.w.org\/{rel}","templated":true}]}}