{"id":5445,"date":"2024-09-06T10:41:27","date_gmt":"2024-09-06T07:41:27","guid":{"rendered":"https:\/\/manitusolar.ro\/?page_id=5445"},"modified":"2024-09-10T14:38:28","modified_gmt":"2024-09-10T11:38:28","slug":"trina-solar","status":"publish","type":"page","link":"https:\/\/manitusolar.ro\/en\/trina-solar\/","title":{"rendered":"Trina Solar"},"content":{"rendered":"<div data-elementor-type=\"wp-page\" data-elementor-id=\"5445\" class=\"elementor elementor-5445\" data-elementor-post-type=\"page\">\n\t\t\t\t<div class=\"elementor-element elementor-element-6164c4f e-flex e-con-boxed e-con e-parent\" data-id=\"6164c4f\" data-element_type=\"container\" data-e-type=\"container\" data-settings=\"{&quot;background_background&quot;:&quot;classic&quot;}\">\n\t\t\t\t\t<div class=\"e-con-inner\">\n\t\t\t\t<div class=\"elementor-element elementor-element-ea0299d elementor-widget elementor-widget-text-editor\" data-id=\"ea0299d\" data-element_type=\"widget\" data-e-type=\"widget\" data-widget_type=\"text-editor.default\">\n\t\t\t\t<div class=\"elementor-widget-container\">\n\t\t\t\t\t\t\t\t\t<p>Founded in 1997, Trina Solar has grown into a global name in the solar energy industry, known for its commitment to sustainability and technological innovation. With a strong presence across all continents, the company has a clear mission: to provide affordable and efficient solar solutions to reduce carbon emissions and build a greener future.<\/p><p><strong>Product Range:<\/strong> Trina Solar produces monocrystalline and bifacial photovoltaic panels, available in power ranges from 415W to 710W. Their products use advanced technologies such as PERC, Half-Cut, N Type, and i-TOPCon cells, ensuring superior performance, even in low-light conditions. Trina Solar panels are renowned for their durability and long-term efficiency, compatible with various mounting systems and inverters.<\/p><p><strong>Discover Trina Solar panels available in our online store! <\/strong><\/p>\t\t\t\t\t\t\t\t<\/div>\n\t\t\t\t<\/div>\n\t\t\t\t<div class=\"elementor-element elementor-element-08bd03b elementor-align-left elementor-widget__width-initial elementor-widget-mobile__width-inherit elementor-widget elementor-widget-button\" data-id=\"08bd03b\" data-element_type=\"widget\" data-e-type=\"widget\" data-widget_type=\"button.default\">\n\t\t\t\t<div class=\"elementor-widget-container\">\n\t\t\t\t\t\t\t\t\t<div class=\"elementor-button-wrapper\">\n\t\t\t\t\t<a class=\"elementor-button elementor-button-link elementor-size-sm\" href=\"\/en\/categorii\/panouri-fotovoltaice\/trina-solar\/\">\n\t\t\t\t\t\t<span class=\"elementor-button-content-wrapper\">\n\t\t\t\t\t\t\t\t\t<span class=\"elementor-button-text\">Shop Now<\/span>\n\t\t\t\t\t<\/span>\n\t\t\t\t\t<\/a>\n\t\t\t\t<\/div>\n\t\t\t\t\t\t\t\t<\/div>\n\t\t\t\t<\/div>\n\t\t\t\t\t<\/div>\n\t\t\t\t<\/div>\n\t\t\t\t<\/div>","protected":false},"excerpt":{"rendered":"<p>\u00cenfiin\u021bat\u0103 \u00een 1997, Trina Solar s-a transformat \u00eentr-un nume global de \u00eencredere \u00een industria energiei solare, fiind cunoscut\u0103 pentru angajamentul s\u0103u fa\u021b\u0103 de sustenabilitate \u0219i inova\u021bie tehnologic\u0103. Cu o prezen\u021b\u0103 puternic\u0103 pe toate continentele, compania are o misiune clar\u0103: s\u0103 ofere solu\u021bii solare accesibile \u0219i eficiente pentru a reduce emisiile de carbon \u0219i pentru a [&hellip;]<\/p>\n","protected":false},"author":3,"featured_media":0,"parent":0,"menu_order":0,"comment_status":"closed","ping_status":"closed","template":"","meta":{"footnotes":""},"class_list":["post-5445","page","type-page","status-publish","hentry"],"yoast_head":"<!-- This site is optimized with the Yoast SEO plugin v27.3 - https:\/\/yoast.com\/product\/yoast-seo-wordpress\/ -->\n<title>Trina Solar - Manitu Solar<\/title>\n<meta name=\"robots\" content=\"index, follow, max-snippet:-1, max-image-preview:large, max-video-preview:-1\" \/>\n<link rel=\"canonical\" href=\"https:\/\/manitusolar.ro\/en\/trina-solar\/\" \/>\n<meta property=\"og:locale\" content=\"en_US\" \/>\n<meta property=\"og:type\" content=\"article\" \/>\n<meta property=\"og:title\" content=\"Trina Solar - Manitu Solar\" \/>\n<meta property=\"og:description\" content=\"\u00cenfiin\u021bat\u0103 \u00een 1997, Trina Solar s-a transformat \u00eentr-un nume global de \u00eencredere \u00een industria energiei solare, fiind cunoscut\u0103 pentru angajamentul s\u0103u fa\u021b\u0103 de sustenabilitate \u0219i inova\u021bie tehnologic\u0103. Cu o prezen\u021b\u0103 puternic\u0103 pe toate continentele, compania are o misiune clar\u0103: s\u0103 ofere solu\u021bii solare accesibile \u0219i eficiente pentru a reduce emisiile de carbon \u0219i pentru a [&hellip;]\" \/>\n<meta property=\"og:url\" content=\"https:\/\/manitusolar.ro\/en\/trina-solar\/\" \/>\n<meta property=\"og:site_name\" content=\"Manitu Solar\" \/>\n<meta property=\"article:modified_time\" content=\"2024-09-10T11:38:28+00:00\" \/>\n<meta name=\"twitter:card\" content=\"summary_large_image\" \/>\n<meta name=\"twitter:label1\" content=\"Est. reading time\" \/>\n\t<meta name=\"twitter:data1\" content=\"1 minute\" \/>\n<script type=\"application\/ld+json\" class=\"yoast-schema-graph\">{\"@context\":\"https:\\\/\\\/schema.org\",\"@graph\":[{\"@type\":\"WebPage\",\"@id\":\"https:\\\/\\\/manitusolar.ro\\\/trina-solar\\\/\",\"url\":\"https:\\\/\\\/manitusolar.ro\\\/trina-solar\\\/\",\"name\":\"Trina Solar - Manitu Solar\",\"isPartOf\":{\"@id\":\"https:\\\/\\\/manitusolar.ro\\\/#website\"},\"datePublished\":\"2024-09-06T07:41:27+00:00\",\"dateModified\":\"2024-09-10T11:38:28+00:00\",\"breadcrumb\":{\"@id\":\"https:\\\/\\\/manitusolar.ro\\\/trina-solar\\\/#breadcrumb\"},\"inLanguage\":\"en-US\",\"potentialAction\":[{\"@type\":\"ReadAction\",\"target\":[\"https:\\\/\\\/manitusolar.ro\\\/trina-solar\\\/\"]}]},{\"@type\":\"BreadcrumbList\",\"@id\":\"https:\\\/\\\/manitusolar.ro\\\/trina-solar\\\/#breadcrumb\",\"itemListElement\":[{\"@type\":\"ListItem\",\"position\":1,\"name\":\"Home\",\"item\":\"https:\\\/\\\/manitusolar.ro\\\/\"},{\"@type\":\"ListItem\",\"position\":2,\"name\":\"Trina Solar\"}]},{\"@type\":\"WebSite\",\"@id\":\"https:\\\/\\\/manitusolar.ro\\\/#website\",\"url\":\"https:\\\/\\\/manitusolar.ro\\\/\",\"name\":\"Manitu Solar\",\"description\":\"Distribuitor fotovoltaice, importator direct de panouri si sisteme fotovoltaice\",\"publisher\":{\"@id\":\"https:\\\/\\\/manitusolar.ro\\\/#organization\"},\"potentialAction\":[{\"@type\":\"SearchAction\",\"target\":{\"@type\":\"EntryPoint\",\"urlTemplate\":\"https:\\\/\\\/manitusolar.ro\\\/?s={search_term_string}\"},\"query-input\":{\"@type\":\"PropertyValueSpecification\",\"valueRequired\":true,\"valueName\":\"search_term_string\"}}],\"inLanguage\":\"en-US\"},{\"@type\":\"Organization\",\"@id\":\"https:\\\/\\\/manitusolar.ro\\\/#organization\",\"name\":\"Manitu Solar\",\"url\":\"https:\\\/\\\/manitusolar.ro\\\/\",\"logo\":{\"@type\":\"ImageObject\",\"inLanguage\":\"en-US\",\"@id\":\"https:\\\/\\\/manitusolar.ro\\\/#\\\/schema\\\/logo\\\/image\\\/\",\"url\":\"https:\\\/\\\/manitusolar.ro\\\/wp-content\\\/uploads\\\/2024\\\/08\\\/manitu_solar_color.svg\",\"contentUrl\":\"https:\\\/\\\/manitusolar.ro\\\/wp-content\\\/uploads\\\/2024\\\/08\\\/manitu_solar_color.svg\",\"width\":280,\"height\":60,\"caption\":\"Manitu Solar\"},\"image\":{\"@id\":\"https:\\\/\\\/manitusolar.ro\\\/#\\\/schema\\\/logo\\\/image\\\/\"}}]}<\/script>\n<!-- \/ Yoast SEO plugin. -->","yoast_head_json":{"title":"Trina Solar - Manitu Solar","robots":{"index":"index","follow":"follow","max-snippet":"max-snippet:-1","max-image-preview":"max-image-preview:large","max-video-preview":"max-video-preview:-1"},"canonical":"https:\/\/manitusolar.ro\/en\/trina-solar\/","og_locale":"en_US","og_type":"article","og_title":"Trina Solar - Manitu Solar","og_description":"\u00cenfiin\u021bat\u0103 \u00een 1997, Trina Solar s-a transformat \u00eentr-un nume global de \u00eencredere \u00een industria energiei solare, fiind cunoscut\u0103 pentru angajamentul s\u0103u fa\u021b\u0103 de sustenabilitate \u0219i inova\u021bie tehnologic\u0103. Cu o prezen\u021b\u0103 puternic\u0103 pe toate continentele, compania are o misiune clar\u0103: s\u0103 ofere solu\u021bii solare accesibile \u0219i eficiente pentru a reduce emisiile de carbon \u0219i pentru a [&hellip;]","og_url":"https:\/\/manitusolar.ro\/en\/trina-solar\/","og_site_name":"Manitu Solar","article_modified_time":"2024-09-10T11:38:28+00:00","twitter_card":"summary_large_image","twitter_misc":{"Est. reading time":"1 minute"},"schema":{"@context":"https:\/\/schema.org","@graph":[{"@type":"WebPage","@id":"https:\/\/manitusolar.ro\/trina-solar\/","url":"https:\/\/manitusolar.ro\/trina-solar\/","name":"Trina Solar - Manitu Solar","isPartOf":{"@id":"https:\/\/manitusolar.ro\/#website"},"datePublished":"2024-09-06T07:41:27+00:00","dateModified":"2024-09-10T11:38:28+00:00","breadcrumb":{"@id":"https:\/\/manitusolar.ro\/trina-solar\/#breadcrumb"},"inLanguage":"en-US","potentialAction":[{"@type":"ReadAction","target":["https:\/\/manitusolar.ro\/trina-solar\/"]}]},{"@type":"BreadcrumbList","@id":"https:\/\/manitusolar.ro\/trina-solar\/#breadcrumb","itemListElement":[{"@type":"ListItem","position":1,"name":"Home","item":"https:\/\/manitusolar.ro\/"},{"@type":"ListItem","position":2,"name":"Trina Solar"}]},{"@type":"WebSite","@id":"https:\/\/manitusolar.ro\/#website","url":"https:\/\/manitusolar.ro\/","name":"Manitu Solar","description":"Distribuitor fotovoltaice, importator direct de panouri si sisteme fotovoltaice","publisher":{"@id":"https:\/\/manitusolar.ro\/#organization"},"potentialAction":[{"@type":"SearchAction","target":{"@type":"EntryPoint","urlTemplate":"https:\/\/manitusolar.ro\/?s={search_term_string}"},"query-input":{"@type":"PropertyValueSpecification","valueRequired":true,"valueName":"search_term_string"}}],"inLanguage":"en-US"},{"@type":"Organization","@id":"https:\/\/manitusolar.ro\/#organization","name":"Manitu Solar","url":"https:\/\/manitusolar.ro\/","logo":{"@type":"ImageObject","inLanguage":"en-US","@id":"https:\/\/manitusolar.ro\/#\/schema\/logo\/image\/","url":"https:\/\/manitusolar.ro\/wp-content\/uploads\/2024\/08\/manitu_solar_color.svg","contentUrl":"https:\/\/manitusolar.ro\/wp-content\/uploads\/2024\/08\/manitu_solar_color.svg","width":280,"height":60,"caption":"Manitu Solar"},"image":{"@id":"https:\/\/manitusolar.ro\/#\/schema\/logo\/image\/"}}]}},"_links":{"self":[{"href":"https:\/\/manitusolar.ro\/en\/wp-json\/wp\/v2\/pages\/5445","targetHints":{"allow":["GET"]}}],"collection":[{"href":"https:\/\/manitusolar.ro\/en\/wp-json\/wp\/v2\/pages"}],"about":[{"href":"https:\/\/manitusolar.ro\/en\/wp-json\/wp\/v2\/types\/page"}],"author":[{"embeddable":true,"href":"https:\/\/manitusolar.ro\/en\/wp-json\/wp\/v2\/users\/3"}],"replies":[{"embeddable":true,"href":"https:\/\/manitusolar.ro\/en\/wp-json\/wp\/v2\/comments?post=5445"}],"version-history":[{"count":43,"href":"https:\/\/manitusolar.ro\/en\/wp-json\/wp\/v2\/pages\/5445\/revisions"}],"predecessor-version":[{"id":5985,"href":"https:\/\/manitusolar.ro\/en\/wp-json\/wp\/v2\/pages\/5445\/revisions\/5985"}],"wp:attachment":[{"href":"https:\/\/manitusolar.ro\/en\/wp-json\/wp\/v2\/media?parent=5445"}],"curies":[{"name":"wp","href":"https:\/\/api.w.org\/{rel}","templated":true}]}}