{"id":5463,"date":"2024-09-06T10:47:48","date_gmt":"2024-09-06T07:47:48","guid":{"rendered":"https:\/\/manitusolar.ro\/?page_id=5463"},"modified":"2024-09-10T14:37:02","modified_gmt":"2024-09-10T11:37:02","slug":"solplanet","status":"publish","type":"page","link":"https:\/\/manitusolar.ro\/en\/solplanet\/","title":{"rendered":"Solplanet"},"content":{"rendered":"<div data-elementor-type=\"wp-page\" data-elementor-id=\"5463\" class=\"elementor elementor-5463\" data-elementor-post-type=\"page\">\n\t\t\t\t<div class=\"elementor-element elementor-element-6b1cca9 e-flex e-con-boxed e-con e-parent\" data-id=\"6b1cca9\" data-element_type=\"container\" data-e-type=\"container\" data-settings=\"{&quot;background_background&quot;:&quot;classic&quot;}\">\n\t\t\t\t\t<div class=\"e-con-inner\">\n\t\t\t\t<div class=\"elementor-element elementor-element-3c4f525 elementor-widget elementor-widget-text-editor\" data-id=\"3c4f525\" data-element_type=\"widget\" data-e-type=\"widget\" data-widget_type=\"text-editor.default\">\n\t\t\t\t<div class=\"elementor-widget-container\">\n\t\t\t\t\t\t\t\t\t<p>Solplanet, part of the AISWEI group, is a global producer of solar inverters, with a solid history in the industry. The company focuses on providing accessible, reliable, and easy-to-use solar solutions for consumers and businesses worldwide. Solplanet's philosophy is to develop high-performance products that are easy to install and require minimal maintenance.<\/p><p><strong>Product Range:<\/strong> Solplanet produces single-phase and three-phase solar inverters, available in power ranges from 3kW to 110kW. The products feature advanced monitoring and protection functions, as well as performance optimization technologies, making them suitable for residential and commercial installations. The inverters are appreciated for their high efficiency and reliability in variable operating conditions.<\/p><p><strong>Discover Solplanet's product range in our online store!<\/strong><\/p>\t\t\t\t\t\t\t\t<\/div>\n\t\t\t\t<\/div>\n\t\t\t\t<div class=\"elementor-element elementor-element-b79257d elementor-align-left elementor-widget__width-initial elementor-widget-mobile__width-inherit elementor-widget elementor-widget-button\" data-id=\"b79257d\" data-element_type=\"widget\" data-e-type=\"widget\" data-widget_type=\"button.default\">\n\t\t\t\t<div class=\"elementor-widget-container\">\n\t\t\t\t\t\t\t\t\t<div class=\"elementor-button-wrapper\">\n\t\t\t\t\t<a class=\"elementor-button elementor-button-link elementor-size-sm\" href=\"\/en\/categorii\/invertoare\/solplanet\/?yith_wcan=1&#038;product_cat=solplanet,solplanet-stocare\">\n\t\t\t\t\t\t<span class=\"elementor-button-content-wrapper\">\n\t\t\t\t\t\t\t\t\t<span class=\"elementor-button-text\">Shop Now<\/span>\n\t\t\t\t\t<\/span>\n\t\t\t\t\t<\/a>\n\t\t\t\t<\/div>\n\t\t\t\t\t\t\t\t<\/div>\n\t\t\t\t<\/div>\n\t\t\t\t\t<\/div>\n\t\t\t\t<\/div>\n\t\t\t\t<\/div>","protected":false},"excerpt":{"rendered":"<p>Solplanet face parte din grupul AISWEI, un produc\u0103tor global de invertoare solare, cu o istorie solid\u0103 \u00een industrie. Compania \u00ee\u0219i concentreaz\u0103 eforturile pe oferirea unor solu\u021bii solare accesibile, fiabile \u0219i u\u0219or de utilizat pentru consumatori \u0219i afaceri din \u00eentreaga lume. Filosofia Solplanet este de a dezvolta produse de \u00eenalt\u0103 performan\u021b\u0103, simplu de instalat \u0219i cu [&hellip;]<\/p>\n","protected":false},"author":3,"featured_media":0,"parent":0,"menu_order":0,"comment_status":"closed","ping_status":"closed","template":"","meta":{"footnotes":""},"class_list":["post-5463","page","type-page","status-publish","hentry"],"yoast_head":"<!-- This site is optimized with the Yoast SEO plugin v27.3 - https:\/\/yoast.com\/product\/yoast-seo-wordpress\/ -->\n<title>Solplanet - Manitu Solar<\/title>\n<meta name=\"robots\" content=\"index, follow, max-snippet:-1, max-image-preview:large, max-video-preview:-1\" \/>\n<link rel=\"canonical\" href=\"https:\/\/manitusolar.ro\/en\/solplanet\/\" \/>\n<meta property=\"og:locale\" content=\"en_US\" \/>\n<meta property=\"og:type\" content=\"article\" \/>\n<meta property=\"og:title\" content=\"Solplanet - Manitu Solar\" \/>\n<meta property=\"og:description\" content=\"Solplanet face parte din grupul AISWEI, un produc\u0103tor global de invertoare solare, cu o istorie solid\u0103 \u00een industrie. Compania \u00ee\u0219i concentreaz\u0103 eforturile pe oferirea unor solu\u021bii solare accesibile, fiabile \u0219i u\u0219or de utilizat pentru consumatori \u0219i afaceri din \u00eentreaga lume. Filosofia Solplanet este de a dezvolta produse de \u00eenalt\u0103 performan\u021b\u0103, simplu de instalat \u0219i cu [&hellip;]\" \/>\n<meta property=\"og:url\" content=\"https:\/\/manitusolar.ro\/en\/solplanet\/\" \/>\n<meta property=\"og:site_name\" content=\"Manitu Solar\" \/>\n<meta property=\"article:modified_time\" content=\"2024-09-10T11:37:02+00:00\" \/>\n<meta name=\"twitter:card\" content=\"summary_large_image\" \/>\n<meta name=\"twitter:label1\" content=\"Est. reading time\" \/>\n\t<meta name=\"twitter:data1\" content=\"1 minute\" \/>\n<script type=\"application\/ld+json\" class=\"yoast-schema-graph\">{\"@context\":\"https:\\\/\\\/schema.org\",\"@graph\":[{\"@type\":\"WebPage\",\"@id\":\"https:\\\/\\\/manitusolar.ro\\\/solplanet\\\/\",\"url\":\"https:\\\/\\\/manitusolar.ro\\\/solplanet\\\/\",\"name\":\"Solplanet - Manitu Solar\",\"isPartOf\":{\"@id\":\"https:\\\/\\\/manitusolar.ro\\\/#website\"},\"datePublished\":\"2024-09-06T07:47:48+00:00\",\"dateModified\":\"2024-09-10T11:37:02+00:00\",\"breadcrumb\":{\"@id\":\"https:\\\/\\\/manitusolar.ro\\\/solplanet\\\/#breadcrumb\"},\"inLanguage\":\"en-US\",\"potentialAction\":[{\"@type\":\"ReadAction\",\"target\":[\"https:\\\/\\\/manitusolar.ro\\\/solplanet\\\/\"]}]},{\"@type\":\"BreadcrumbList\",\"@id\":\"https:\\\/\\\/manitusolar.ro\\\/solplanet\\\/#breadcrumb\",\"itemListElement\":[{\"@type\":\"ListItem\",\"position\":1,\"name\":\"Home\",\"item\":\"https:\\\/\\\/manitusolar.ro\\\/\"},{\"@type\":\"ListItem\",\"position\":2,\"name\":\"Solplanet\"}]},{\"@type\":\"WebSite\",\"@id\":\"https:\\\/\\\/manitusolar.ro\\\/#website\",\"url\":\"https:\\\/\\\/manitusolar.ro\\\/\",\"name\":\"Manitu Solar\",\"description\":\"Distribuitor fotovoltaice, importator direct de panouri si sisteme fotovoltaice\",\"publisher\":{\"@id\":\"https:\\\/\\\/manitusolar.ro\\\/#organization\"},\"potentialAction\":[{\"@type\":\"SearchAction\",\"target\":{\"@type\":\"EntryPoint\",\"urlTemplate\":\"https:\\\/\\\/manitusolar.ro\\\/?s={search_term_string}\"},\"query-input\":{\"@type\":\"PropertyValueSpecification\",\"valueRequired\":true,\"valueName\":\"search_term_string\"}}],\"inLanguage\":\"en-US\"},{\"@type\":\"Organization\",\"@id\":\"https:\\\/\\\/manitusolar.ro\\\/#organization\",\"name\":\"Manitu Solar\",\"url\":\"https:\\\/\\\/manitusolar.ro\\\/\",\"logo\":{\"@type\":\"ImageObject\",\"inLanguage\":\"en-US\",\"@id\":\"https:\\\/\\\/manitusolar.ro\\\/#\\\/schema\\\/logo\\\/image\\\/\",\"url\":\"https:\\\/\\\/manitusolar.ro\\\/wp-content\\\/uploads\\\/2024\\\/08\\\/manitu_solar_color.svg\",\"contentUrl\":\"https:\\\/\\\/manitusolar.ro\\\/wp-content\\\/uploads\\\/2024\\\/08\\\/manitu_solar_color.svg\",\"width\":280,\"height\":60,\"caption\":\"Manitu Solar\"},\"image\":{\"@id\":\"https:\\\/\\\/manitusolar.ro\\\/#\\\/schema\\\/logo\\\/image\\\/\"}}]}<\/script>\n<!-- \/ Yoast SEO plugin. -->","yoast_head_json":{"title":"Solplanet - Manitu Solar","robots":{"index":"index","follow":"follow","max-snippet":"max-snippet:-1","max-image-preview":"max-image-preview:large","max-video-preview":"max-video-preview:-1"},"canonical":"https:\/\/manitusolar.ro\/en\/solplanet\/","og_locale":"en_US","og_type":"article","og_title":"Solplanet - Manitu Solar","og_description":"Solplanet face parte din grupul AISWEI, un produc\u0103tor global de invertoare solare, cu o istorie solid\u0103 \u00een industrie. Compania \u00ee\u0219i concentreaz\u0103 eforturile pe oferirea unor solu\u021bii solare accesibile, fiabile \u0219i u\u0219or de utilizat pentru consumatori \u0219i afaceri din \u00eentreaga lume. Filosofia Solplanet este de a dezvolta produse de \u00eenalt\u0103 performan\u021b\u0103, simplu de instalat \u0219i cu [&hellip;]","og_url":"https:\/\/manitusolar.ro\/en\/solplanet\/","og_site_name":"Manitu Solar","article_modified_time":"2024-09-10T11:37:02+00:00","twitter_card":"summary_large_image","twitter_misc":{"Est. reading time":"1 minute"},"schema":{"@context":"https:\/\/schema.org","@graph":[{"@type":"WebPage","@id":"https:\/\/manitusolar.ro\/solplanet\/","url":"https:\/\/manitusolar.ro\/solplanet\/","name":"Solplanet - Manitu Solar","isPartOf":{"@id":"https:\/\/manitusolar.ro\/#website"},"datePublished":"2024-09-06T07:47:48+00:00","dateModified":"2024-09-10T11:37:02+00:00","breadcrumb":{"@id":"https:\/\/manitusolar.ro\/solplanet\/#breadcrumb"},"inLanguage":"en-US","potentialAction":[{"@type":"ReadAction","target":["https:\/\/manitusolar.ro\/solplanet\/"]}]},{"@type":"BreadcrumbList","@id":"https:\/\/manitusolar.ro\/solplanet\/#breadcrumb","itemListElement":[{"@type":"ListItem","position":1,"name":"Home","item":"https:\/\/manitusolar.ro\/"},{"@type":"ListItem","position":2,"name":"Solplanet"}]},{"@type":"WebSite","@id":"https:\/\/manitusolar.ro\/#website","url":"https:\/\/manitusolar.ro\/","name":"Manitu Solar","description":"Distribuitor fotovoltaice, importator direct de panouri si sisteme fotovoltaice","publisher":{"@id":"https:\/\/manitusolar.ro\/#organization"},"potentialAction":[{"@type":"SearchAction","target":{"@type":"EntryPoint","urlTemplate":"https:\/\/manitusolar.ro\/?s={search_term_string}"},"query-input":{"@type":"PropertyValueSpecification","valueRequired":true,"valueName":"search_term_string"}}],"inLanguage":"en-US"},{"@type":"Organization","@id":"https:\/\/manitusolar.ro\/#organization","name":"Manitu Solar","url":"https:\/\/manitusolar.ro\/","logo":{"@type":"ImageObject","inLanguage":"en-US","@id":"https:\/\/manitusolar.ro\/#\/schema\/logo\/image\/","url":"https:\/\/manitusolar.ro\/wp-content\/uploads\/2024\/08\/manitu_solar_color.svg","contentUrl":"https:\/\/manitusolar.ro\/wp-content\/uploads\/2024\/08\/manitu_solar_color.svg","width":280,"height":60,"caption":"Manitu Solar"},"image":{"@id":"https:\/\/manitusolar.ro\/#\/schema\/logo\/image\/"}}]}},"_links":{"self":[{"href":"https:\/\/manitusolar.ro\/en\/wp-json\/wp\/v2\/pages\/5463","targetHints":{"allow":["GET"]}}],"collection":[{"href":"https:\/\/manitusolar.ro\/en\/wp-json\/wp\/v2\/pages"}],"about":[{"href":"https:\/\/manitusolar.ro\/en\/wp-json\/wp\/v2\/types\/page"}],"author":[{"embeddable":true,"href":"https:\/\/manitusolar.ro\/en\/wp-json\/wp\/v2\/users\/3"}],"replies":[{"embeddable":true,"href":"https:\/\/manitusolar.ro\/en\/wp-json\/wp\/v2\/comments?post=5463"}],"version-history":[{"count":37,"href":"https:\/\/manitusolar.ro\/en\/wp-json\/wp\/v2\/pages\/5463\/revisions"}],"predecessor-version":[{"id":5958,"href":"https:\/\/manitusolar.ro\/en\/wp-json\/wp\/v2\/pages\/5463\/revisions\/5958"}],"wp:attachment":[{"href":"https:\/\/manitusolar.ro\/en\/wp-json\/wp\/v2\/media?parent=5463"}],"curies":[{"name":"wp","href":"https:\/\/api.w.org\/{rel}","templated":true}]}}