{"id":5465,"date":"2024-09-06T10:48:03","date_gmt":"2024-09-06T07:48:03","guid":{"rendered":"https:\/\/manitusolar.ro\/?page_id=5465"},"modified":"2024-09-10T14:36:50","modified_gmt":"2024-09-10T11:36:50","slug":"sungrow","status":"publish","type":"page","link":"https:\/\/manitusolar.ro\/en\/sungrow\/","title":{"rendered":"Sungrow"},"content":{"rendered":"<div data-elementor-type=\"wp-page\" data-elementor-id=\"5465\" class=\"elementor elementor-5465\" data-elementor-post-type=\"page\">\n\t\t\t\t<div class=\"elementor-element elementor-element-8133f12 e-flex e-con-boxed e-con e-parent\" data-id=\"8133f12\" data-element_type=\"container\" data-e-type=\"container\" data-settings=\"{&quot;background_background&quot;:&quot;classic&quot;}\">\n\t\t\t\t\t<div class=\"e-con-inner\">\n\t\t\t\t<div class=\"elementor-element elementor-element-72cff34 elementor-widget elementor-widget-text-editor\" data-id=\"72cff34\" data-element_type=\"widget\" data-e-type=\"widget\" data-widget_type=\"text-editor.default\">\n\t\t\t\t<div class=\"elementor-widget-container\">\n\t\t\t\t\t\t\t\t\t<p>Founded in 1997, Sungrow is a global leader in solar inverter production and energy storage solutions, with a clear mission: to provide innovative and sustainable solutions for the transition to renewable energy. With over 25 years of experience and a presence in over 150 countries, Sungrow stands out for its commitment to technological innovation and product reliability.<\/p><p><strong>Products and Technologies:<\/strong> Sungrow solar inverters cover a wide range of applications, from residential (2kW-20kW) to high-power commercial and industrial systems (up to 350kW). The inverters are recognized for their high conversion efficiency, advanced monitoring and protection functions, as well as their compatibility with various energy storage solutions. Their modular technology facilitates integration into complex systems and optimizes the energy performance of photovoltaic systems.<\/p><p><strong>Discover Sungrow inverters and solutions in our online store!<\/strong><\/p>\t\t\t\t\t\t\t\t<\/div>\n\t\t\t\t<\/div>\n\t\t\t\t<div class=\"elementor-element elementor-element-4923ed6 elementor-align-left elementor-widget__width-initial elementor-widget-mobile__width-inherit elementor-widget elementor-widget-button\" data-id=\"4923ed6\" data-element_type=\"widget\" data-e-type=\"widget\" data-widget_type=\"button.default\">\n\t\t\t\t<div class=\"elementor-widget-container\">\n\t\t\t\t\t\t\t\t\t<div class=\"elementor-button-wrapper\">\n\t\t\t\t\t<a class=\"elementor-button elementor-button-link elementor-size-sm\" href=\"\/en\/categorii\/invertoare\/sungrow\/?yith_wcan=1&#038;product_cat=sungrow,sungrow-stocare\">\n\t\t\t\t\t\t<span class=\"elementor-button-content-wrapper\">\n\t\t\t\t\t\t\t\t\t<span class=\"elementor-button-text\">Shop Now<\/span>\n\t\t\t\t\t<\/span>\n\t\t\t\t\t<\/a>\n\t\t\t\t<\/div>\n\t\t\t\t\t\t\t\t<\/div>\n\t\t\t\t<\/div>\n\t\t\t\t\t<\/div>\n\t\t\t\t<\/div>\n\t\t\t\t<\/div>","protected":false},"excerpt":{"rendered":"<p>Fondat\u0103 \u00een 1997, Sungrow este un lider global \u00een produc\u021bia de invertoare solare \u0219i solu\u021bii de stocare a energiei, av\u00e2nd o misiune clar\u0103: s\u0103 furnizeze solu\u021bii inovatoare \u0219i durabile pentru tranzi\u021bia c\u0103tre energia regenerabil\u0103. Cu peste 25 de ani de experien\u021b\u0103 \u0219i o prezen\u021b\u0103 \u00een peste 150 de \u021b\u0103ri, Sungrow se remarc\u0103 prin angajamentul s\u0103u [&hellip;]<\/p>\n","protected":false},"author":3,"featured_media":0,"parent":0,"menu_order":0,"comment_status":"closed","ping_status":"closed","template":"","meta":{"footnotes":""},"class_list":["post-5465","page","type-page","status-publish","hentry"],"yoast_head":"<!-- This site is optimized with the Yoast SEO plugin v27.3 - https:\/\/yoast.com\/product\/yoast-seo-wordpress\/ -->\n<title>Sungrow - Manitu Solar<\/title>\n<meta name=\"robots\" content=\"index, follow, max-snippet:-1, max-image-preview:large, max-video-preview:-1\" \/>\n<link rel=\"canonical\" href=\"https:\/\/manitusolar.ro\/en\/sungrow\/\" \/>\n<meta property=\"og:locale\" content=\"en_US\" \/>\n<meta property=\"og:type\" content=\"article\" \/>\n<meta property=\"og:title\" content=\"Sungrow - Manitu Solar\" \/>\n<meta property=\"og:description\" content=\"Fondat\u0103 \u00een 1997, Sungrow este un lider global \u00een produc\u021bia de invertoare solare \u0219i solu\u021bii de stocare a energiei, av\u00e2nd o misiune clar\u0103: s\u0103 furnizeze solu\u021bii inovatoare \u0219i durabile pentru tranzi\u021bia c\u0103tre energia regenerabil\u0103. Cu peste 25 de ani de experien\u021b\u0103 \u0219i o prezen\u021b\u0103 \u00een peste 150 de \u021b\u0103ri, Sungrow se remarc\u0103 prin angajamentul s\u0103u [&hellip;]\" \/>\n<meta property=\"og:url\" content=\"https:\/\/manitusolar.ro\/en\/sungrow\/\" \/>\n<meta property=\"og:site_name\" content=\"Manitu Solar\" \/>\n<meta property=\"article:modified_time\" content=\"2024-09-10T11:36:50+00:00\" \/>\n<meta name=\"twitter:card\" content=\"summary_large_image\" \/>\n<meta name=\"twitter:label1\" content=\"Est. reading time\" \/>\n\t<meta name=\"twitter:data1\" content=\"1 minute\" \/>\n<script type=\"application\/ld+json\" class=\"yoast-schema-graph\">{\"@context\":\"https:\\\/\\\/schema.org\",\"@graph\":[{\"@type\":\"WebPage\",\"@id\":\"https:\\\/\\\/manitusolar.ro\\\/sungrow\\\/\",\"url\":\"https:\\\/\\\/manitusolar.ro\\\/sungrow\\\/\",\"name\":\"Sungrow - Manitu Solar\",\"isPartOf\":{\"@id\":\"https:\\\/\\\/manitusolar.ro\\\/#website\"},\"datePublished\":\"2024-09-06T07:48:03+00:00\",\"dateModified\":\"2024-09-10T11:36:50+00:00\",\"breadcrumb\":{\"@id\":\"https:\\\/\\\/manitusolar.ro\\\/sungrow\\\/#breadcrumb\"},\"inLanguage\":\"en-US\",\"potentialAction\":[{\"@type\":\"ReadAction\",\"target\":[\"https:\\\/\\\/manitusolar.ro\\\/sungrow\\\/\"]}]},{\"@type\":\"BreadcrumbList\",\"@id\":\"https:\\\/\\\/manitusolar.ro\\\/sungrow\\\/#breadcrumb\",\"itemListElement\":[{\"@type\":\"ListItem\",\"position\":1,\"name\":\"Home\",\"item\":\"https:\\\/\\\/manitusolar.ro\\\/\"},{\"@type\":\"ListItem\",\"position\":2,\"name\":\"Sungrow\"}]},{\"@type\":\"WebSite\",\"@id\":\"https:\\\/\\\/manitusolar.ro\\\/#website\",\"url\":\"https:\\\/\\\/manitusolar.ro\\\/\",\"name\":\"Manitu Solar\",\"description\":\"Distribuitor fotovoltaice, importator direct de panouri si sisteme fotovoltaice\",\"publisher\":{\"@id\":\"https:\\\/\\\/manitusolar.ro\\\/#organization\"},\"potentialAction\":[{\"@type\":\"SearchAction\",\"target\":{\"@type\":\"EntryPoint\",\"urlTemplate\":\"https:\\\/\\\/manitusolar.ro\\\/?s={search_term_string}\"},\"query-input\":{\"@type\":\"PropertyValueSpecification\",\"valueRequired\":true,\"valueName\":\"search_term_string\"}}],\"inLanguage\":\"en-US\"},{\"@type\":\"Organization\",\"@id\":\"https:\\\/\\\/manitusolar.ro\\\/#organization\",\"name\":\"Manitu Solar\",\"url\":\"https:\\\/\\\/manitusolar.ro\\\/\",\"logo\":{\"@type\":\"ImageObject\",\"inLanguage\":\"en-US\",\"@id\":\"https:\\\/\\\/manitusolar.ro\\\/#\\\/schema\\\/logo\\\/image\\\/\",\"url\":\"https:\\\/\\\/manitusolar.ro\\\/wp-content\\\/uploads\\\/2024\\\/08\\\/manitu_solar_color.svg\",\"contentUrl\":\"https:\\\/\\\/manitusolar.ro\\\/wp-content\\\/uploads\\\/2024\\\/08\\\/manitu_solar_color.svg\",\"width\":280,\"height\":60,\"caption\":\"Manitu Solar\"},\"image\":{\"@id\":\"https:\\\/\\\/manitusolar.ro\\\/#\\\/schema\\\/logo\\\/image\\\/\"}}]}<\/script>\n<!-- \/ Yoast SEO plugin. -->","yoast_head_json":{"title":"Sungrow - Manitu Solar","robots":{"index":"index","follow":"follow","max-snippet":"max-snippet:-1","max-image-preview":"max-image-preview:large","max-video-preview":"max-video-preview:-1"},"canonical":"https:\/\/manitusolar.ro\/en\/sungrow\/","og_locale":"en_US","og_type":"article","og_title":"Sungrow - Manitu Solar","og_description":"Fondat\u0103 \u00een 1997, Sungrow este un lider global \u00een produc\u021bia de invertoare solare \u0219i solu\u021bii de stocare a energiei, av\u00e2nd o misiune clar\u0103: s\u0103 furnizeze solu\u021bii inovatoare \u0219i durabile pentru tranzi\u021bia c\u0103tre energia regenerabil\u0103. Cu peste 25 de ani de experien\u021b\u0103 \u0219i o prezen\u021b\u0103 \u00een peste 150 de \u021b\u0103ri, Sungrow se remarc\u0103 prin angajamentul s\u0103u [&hellip;]","og_url":"https:\/\/manitusolar.ro\/en\/sungrow\/","og_site_name":"Manitu Solar","article_modified_time":"2024-09-10T11:36:50+00:00","twitter_card":"summary_large_image","twitter_misc":{"Est. reading time":"1 minute"},"schema":{"@context":"https:\/\/schema.org","@graph":[{"@type":"WebPage","@id":"https:\/\/manitusolar.ro\/sungrow\/","url":"https:\/\/manitusolar.ro\/sungrow\/","name":"Sungrow - Manitu Solar","isPartOf":{"@id":"https:\/\/manitusolar.ro\/#website"},"datePublished":"2024-09-06T07:48:03+00:00","dateModified":"2024-09-10T11:36:50+00:00","breadcrumb":{"@id":"https:\/\/manitusolar.ro\/sungrow\/#breadcrumb"},"inLanguage":"en-US","potentialAction":[{"@type":"ReadAction","target":["https:\/\/manitusolar.ro\/sungrow\/"]}]},{"@type":"BreadcrumbList","@id":"https:\/\/manitusolar.ro\/sungrow\/#breadcrumb","itemListElement":[{"@type":"ListItem","position":1,"name":"Home","item":"https:\/\/manitusolar.ro\/"},{"@type":"ListItem","position":2,"name":"Sungrow"}]},{"@type":"WebSite","@id":"https:\/\/manitusolar.ro\/#website","url":"https:\/\/manitusolar.ro\/","name":"Manitu Solar","description":"Distribuitor fotovoltaice, importator direct de panouri si sisteme fotovoltaice","publisher":{"@id":"https:\/\/manitusolar.ro\/#organization"},"potentialAction":[{"@type":"SearchAction","target":{"@type":"EntryPoint","urlTemplate":"https:\/\/manitusolar.ro\/?s={search_term_string}"},"query-input":{"@type":"PropertyValueSpecification","valueRequired":true,"valueName":"search_term_string"}}],"inLanguage":"en-US"},{"@type":"Organization","@id":"https:\/\/manitusolar.ro\/#organization","name":"Manitu Solar","url":"https:\/\/manitusolar.ro\/","logo":{"@type":"ImageObject","inLanguage":"en-US","@id":"https:\/\/manitusolar.ro\/#\/schema\/logo\/image\/","url":"https:\/\/manitusolar.ro\/wp-content\/uploads\/2024\/08\/manitu_solar_color.svg","contentUrl":"https:\/\/manitusolar.ro\/wp-content\/uploads\/2024\/08\/manitu_solar_color.svg","width":280,"height":60,"caption":"Manitu Solar"},"image":{"@id":"https:\/\/manitusolar.ro\/#\/schema\/logo\/image\/"}}]}},"_links":{"self":[{"href":"https:\/\/manitusolar.ro\/en\/wp-json\/wp\/v2\/pages\/5465","targetHints":{"allow":["GET"]}}],"collection":[{"href":"https:\/\/manitusolar.ro\/en\/wp-json\/wp\/v2\/pages"}],"about":[{"href":"https:\/\/manitusolar.ro\/en\/wp-json\/wp\/v2\/types\/page"}],"author":[{"embeddable":true,"href":"https:\/\/manitusolar.ro\/en\/wp-json\/wp\/v2\/users\/3"}],"replies":[{"embeddable":true,"href":"https:\/\/manitusolar.ro\/en\/wp-json\/wp\/v2\/comments?post=5465"}],"version-history":[{"count":22,"href":"https:\/\/manitusolar.ro\/en\/wp-json\/wp\/v2\/pages\/5465\/revisions"}],"predecessor-version":[{"id":5955,"href":"https:\/\/manitusolar.ro\/en\/wp-json\/wp\/v2\/pages\/5465\/revisions\/5955"}],"wp:attachment":[{"href":"https:\/\/manitusolar.ro\/en\/wp-json\/wp\/v2\/media?parent=5465"}],"curies":[{"name":"wp","href":"https:\/\/api.w.org\/{rel}","templated":true}]}}