{"id":5473,"date":"2024-09-06T10:55:22","date_gmt":"2024-09-06T07:55:22","guid":{"rendered":"https:\/\/manitusolar.ro\/?page_id=5473"},"modified":"2024-09-10T14:38:02","modified_gmt":"2024-09-10T11:38:02","slug":"structura-k2","status":"publish","type":"page","link":"https:\/\/manitusolar.ro\/en\/structura-k2\/","title":{"rendered":"Structur\u0103 K2"},"content":{"rendered":"<div data-elementor-type=\"wp-page\" data-elementor-id=\"5473\" class=\"elementor elementor-5473\" data-elementor-post-type=\"page\">\n\t\t\t\t<div class=\"elementor-element elementor-element-c890077 e-flex e-con-boxed e-con e-parent\" data-id=\"c890077\" data-element_type=\"container\" data-e-type=\"container\" data-settings=\"{&quot;background_background&quot;:&quot;classic&quot;}\">\n\t\t\t\t\t<div class=\"e-con-inner\">\n\t\t\t\t<div class=\"elementor-element elementor-element-1cfccc8 elementor-widget elementor-widget-text-editor\" data-id=\"1cfccc8\" data-element_type=\"widget\" data-e-type=\"widget\" data-widget_type=\"text-editor.default\">\n\t\t\t\t<div class=\"elementor-widget-container\">\n\t\t\t\t\t\t\t\t\t<p>Founded in Germany, K2 Systems is a global specialist in developing mounting structures for solar systems, renowned for the innovation and quality of its solutions. The company provides products that cover a wide range of applications, from sloped and flat roof installations to ground-mounted structures.<\/p><p><strong>Products and Solutions:<\/strong> K2 Systems offers solar panel mounting solutions, adaptable to any type of roof or terrain. The high-quality materials, including aluminum and stainless steel, ensure long-term resistance and fast, efficient installation. K2 solutions can be configured to meet the specific needs of each solar project.<\/p><p><strong>Discover K2 Systems mounting structures in our online store!<\/strong><\/p>\t\t\t\t\t\t\t\t<\/div>\n\t\t\t\t<\/div>\n\t\t\t\t<div class=\"elementor-element elementor-element-5d083a6 elementor-align-left elementor-widget__width-initial elementor-widget-mobile__width-inherit elementor-widget elementor-widget-button\" data-id=\"5d083a6\" data-element_type=\"widget\" data-e-type=\"widget\" data-widget_type=\"button.default\">\n\t\t\t\t<div class=\"elementor-widget-container\">\n\t\t\t\t\t\t\t\t\t<div class=\"elementor-button-wrapper\">\n\t\t\t\t\t<a class=\"elementor-button elementor-button-link elementor-size-sm\" href=\"\/en\/categorii\/structura\/k2\/\">\n\t\t\t\t\t\t<span class=\"elementor-button-content-wrapper\">\n\t\t\t\t\t\t\t\t\t<span class=\"elementor-button-text\">Shop Now<\/span>\n\t\t\t\t\t<\/span>\n\t\t\t\t\t<\/a>\n\t\t\t\t<\/div>\n\t\t\t\t\t\t\t\t<\/div>\n\t\t\t\t<\/div>\n\t\t\t\t\t<\/div>\n\t\t\t\t<\/div>\n\t\t\t\t<\/div>","protected":false},"excerpt":{"rendered":"<p>\u00cenfiin\u021bat\u0103 \u00een Germania, K2 Systems este un specialist global \u00een dezvoltarea structurilor de montaj pentru sisteme solare, fiind recunoscut\u0103 pentru inova\u021bia \u0219i calitatea solu\u021biilor oferite. Compania furnizeaz\u0103 produse care acoper\u0103 o gam\u0103 variat\u0103 de aplica\u021bii, de la instala\u021bii pe acoperi\u0219uri inclinate \u0219i plate, p\u00e2n\u0103 la structuri de sol. Produse \u0219i solu\u021bii: K2 Systems ofer\u0103 solu\u021bii [&hellip;]<\/p>\n","protected":false},"author":3,"featured_media":0,"parent":0,"menu_order":0,"comment_status":"closed","ping_status":"closed","template":"","meta":{"footnotes":""},"class_list":["post-5473","page","type-page","status-publish","hentry"],"yoast_head":"<!-- This site is optimized with the Yoast SEO plugin v27.3 - https:\/\/yoast.com\/product\/yoast-seo-wordpress\/ -->\n<title>Structur\u0103 K2 - Manitu Solar<\/title>\n<meta name=\"robots\" content=\"index, follow, max-snippet:-1, max-image-preview:large, max-video-preview:-1\" \/>\n<link rel=\"canonical\" href=\"https:\/\/manitusolar.ro\/en\/structura-k2\/\" \/>\n<meta property=\"og:locale\" content=\"en_US\" \/>\n<meta property=\"og:type\" content=\"article\" \/>\n<meta property=\"og:title\" content=\"Structur\u0103 K2 - Manitu Solar\" \/>\n<meta property=\"og:description\" content=\"\u00cenfiin\u021bat\u0103 \u00een Germania, K2 Systems este un specialist global \u00een dezvoltarea structurilor de montaj pentru sisteme solare, fiind recunoscut\u0103 pentru inova\u021bia \u0219i calitatea solu\u021biilor oferite. Compania furnizeaz\u0103 produse care acoper\u0103 o gam\u0103 variat\u0103 de aplica\u021bii, de la instala\u021bii pe acoperi\u0219uri inclinate \u0219i plate, p\u00e2n\u0103 la structuri de sol. Produse \u0219i solu\u021bii: K2 Systems ofer\u0103 solu\u021bii [&hellip;]\" \/>\n<meta property=\"og:url\" content=\"https:\/\/manitusolar.ro\/en\/structura-k2\/\" \/>\n<meta property=\"og:site_name\" content=\"Manitu Solar\" \/>\n<meta property=\"article:modified_time\" content=\"2024-09-10T11:38:02+00:00\" \/>\n<meta name=\"twitter:card\" content=\"summary_large_image\" \/>\n<meta name=\"twitter:label1\" content=\"Est. reading time\" \/>\n\t<meta name=\"twitter:data1\" content=\"1 minute\" \/>\n<script type=\"application\/ld+json\" class=\"yoast-schema-graph\">{\"@context\":\"https:\\\/\\\/schema.org\",\"@graph\":[{\"@type\":\"WebPage\",\"@id\":\"https:\\\/\\\/manitusolar.ro\\\/structura-k2\\\/\",\"url\":\"https:\\\/\\\/manitusolar.ro\\\/structura-k2\\\/\",\"name\":\"Structur\u0103 K2 - Manitu Solar\",\"isPartOf\":{\"@id\":\"https:\\\/\\\/manitusolar.ro\\\/#website\"},\"datePublished\":\"2024-09-06T07:55:22+00:00\",\"dateModified\":\"2024-09-10T11:38:02+00:00\",\"breadcrumb\":{\"@id\":\"https:\\\/\\\/manitusolar.ro\\\/structura-k2\\\/#breadcrumb\"},\"inLanguage\":\"en-US\",\"potentialAction\":[{\"@type\":\"ReadAction\",\"target\":[\"https:\\\/\\\/manitusolar.ro\\\/structura-k2\\\/\"]}]},{\"@type\":\"BreadcrumbList\",\"@id\":\"https:\\\/\\\/manitusolar.ro\\\/structura-k2\\\/#breadcrumb\",\"itemListElement\":[{\"@type\":\"ListItem\",\"position\":1,\"name\":\"Home\",\"item\":\"https:\\\/\\\/manitusolar.ro\\\/\"},{\"@type\":\"ListItem\",\"position\":2,\"name\":\"Structur\u0103 K2\"}]},{\"@type\":\"WebSite\",\"@id\":\"https:\\\/\\\/manitusolar.ro\\\/#website\",\"url\":\"https:\\\/\\\/manitusolar.ro\\\/\",\"name\":\"Manitu Solar\",\"description\":\"Distribuitor fotovoltaice, importator direct de panouri si sisteme fotovoltaice\",\"publisher\":{\"@id\":\"https:\\\/\\\/manitusolar.ro\\\/#organization\"},\"potentialAction\":[{\"@type\":\"SearchAction\",\"target\":{\"@type\":\"EntryPoint\",\"urlTemplate\":\"https:\\\/\\\/manitusolar.ro\\\/?s={search_term_string}\"},\"query-input\":{\"@type\":\"PropertyValueSpecification\",\"valueRequired\":true,\"valueName\":\"search_term_string\"}}],\"inLanguage\":\"en-US\"},{\"@type\":\"Organization\",\"@id\":\"https:\\\/\\\/manitusolar.ro\\\/#organization\",\"name\":\"Manitu Solar\",\"url\":\"https:\\\/\\\/manitusolar.ro\\\/\",\"logo\":{\"@type\":\"ImageObject\",\"inLanguage\":\"en-US\",\"@id\":\"https:\\\/\\\/manitusolar.ro\\\/#\\\/schema\\\/logo\\\/image\\\/\",\"url\":\"https:\\\/\\\/manitusolar.ro\\\/wp-content\\\/uploads\\\/2024\\\/08\\\/manitu_solar_color.svg\",\"contentUrl\":\"https:\\\/\\\/manitusolar.ro\\\/wp-content\\\/uploads\\\/2024\\\/08\\\/manitu_solar_color.svg\",\"width\":280,\"height\":60,\"caption\":\"Manitu Solar\"},\"image\":{\"@id\":\"https:\\\/\\\/manitusolar.ro\\\/#\\\/schema\\\/logo\\\/image\\\/\"}}]}<\/script>\n<!-- \/ Yoast SEO plugin. -->","yoast_head_json":{"title":"Structur\u0103 K2 - Manitu Solar","robots":{"index":"index","follow":"follow","max-snippet":"max-snippet:-1","max-image-preview":"max-image-preview:large","max-video-preview":"max-video-preview:-1"},"canonical":"https:\/\/manitusolar.ro\/en\/structura-k2\/","og_locale":"en_US","og_type":"article","og_title":"Structur\u0103 K2 - Manitu Solar","og_description":"\u00cenfiin\u021bat\u0103 \u00een Germania, K2 Systems este un specialist global \u00een dezvoltarea structurilor de montaj pentru sisteme solare, fiind recunoscut\u0103 pentru inova\u021bia \u0219i calitatea solu\u021biilor oferite. Compania furnizeaz\u0103 produse care acoper\u0103 o gam\u0103 variat\u0103 de aplica\u021bii, de la instala\u021bii pe acoperi\u0219uri inclinate \u0219i plate, p\u00e2n\u0103 la structuri de sol. Produse \u0219i solu\u021bii: K2 Systems ofer\u0103 solu\u021bii [&hellip;]","og_url":"https:\/\/manitusolar.ro\/en\/structura-k2\/","og_site_name":"Manitu Solar","article_modified_time":"2024-09-10T11:38:02+00:00","twitter_card":"summary_large_image","twitter_misc":{"Est. reading time":"1 minute"},"schema":{"@context":"https:\/\/schema.org","@graph":[{"@type":"WebPage","@id":"https:\/\/manitusolar.ro\/structura-k2\/","url":"https:\/\/manitusolar.ro\/structura-k2\/","name":"Structur\u0103 K2 - Manitu Solar","isPartOf":{"@id":"https:\/\/manitusolar.ro\/#website"},"datePublished":"2024-09-06T07:55:22+00:00","dateModified":"2024-09-10T11:38:02+00:00","breadcrumb":{"@id":"https:\/\/manitusolar.ro\/structura-k2\/#breadcrumb"},"inLanguage":"en-US","potentialAction":[{"@type":"ReadAction","target":["https:\/\/manitusolar.ro\/structura-k2\/"]}]},{"@type":"BreadcrumbList","@id":"https:\/\/manitusolar.ro\/structura-k2\/#breadcrumb","itemListElement":[{"@type":"ListItem","position":1,"name":"Home","item":"https:\/\/manitusolar.ro\/"},{"@type":"ListItem","position":2,"name":"Structur\u0103 K2"}]},{"@type":"WebSite","@id":"https:\/\/manitusolar.ro\/#website","url":"https:\/\/manitusolar.ro\/","name":"Manitu Solar","description":"Distribuitor fotovoltaice, importator direct de panouri si sisteme fotovoltaice","publisher":{"@id":"https:\/\/manitusolar.ro\/#organization"},"potentialAction":[{"@type":"SearchAction","target":{"@type":"EntryPoint","urlTemplate":"https:\/\/manitusolar.ro\/?s={search_term_string}"},"query-input":{"@type":"PropertyValueSpecification","valueRequired":true,"valueName":"search_term_string"}}],"inLanguage":"en-US"},{"@type":"Organization","@id":"https:\/\/manitusolar.ro\/#organization","name":"Manitu Solar","url":"https:\/\/manitusolar.ro\/","logo":{"@type":"ImageObject","inLanguage":"en-US","@id":"https:\/\/manitusolar.ro\/#\/schema\/logo\/image\/","url":"https:\/\/manitusolar.ro\/wp-content\/uploads\/2024\/08\/manitu_solar_color.svg","contentUrl":"https:\/\/manitusolar.ro\/wp-content\/uploads\/2024\/08\/manitu_solar_color.svg","width":280,"height":60,"caption":"Manitu Solar"},"image":{"@id":"https:\/\/manitusolar.ro\/#\/schema\/logo\/image\/"}}]}},"_links":{"self":[{"href":"https:\/\/manitusolar.ro\/en\/wp-json\/wp\/v2\/pages\/5473","targetHints":{"allow":["GET"]}}],"collection":[{"href":"https:\/\/manitusolar.ro\/en\/wp-json\/wp\/v2\/pages"}],"about":[{"href":"https:\/\/manitusolar.ro\/en\/wp-json\/wp\/v2\/types\/page"}],"author":[{"embeddable":true,"href":"https:\/\/manitusolar.ro\/en\/wp-json\/wp\/v2\/users\/3"}],"replies":[{"embeddable":true,"href":"https:\/\/manitusolar.ro\/en\/wp-json\/wp\/v2\/comments?post=5473"}],"version-history":[{"count":17,"href":"https:\/\/manitusolar.ro\/en\/wp-json\/wp\/v2\/pages\/5473\/revisions"}],"predecessor-version":[{"id":5969,"href":"https:\/\/manitusolar.ro\/en\/wp-json\/wp\/v2\/pages\/5473\/revisions\/5969"}],"wp:attachment":[{"href":"https:\/\/manitusolar.ro\/en\/wp-json\/wp\/v2\/media?parent=5473"}],"curies":[{"name":"wp","href":"https:\/\/api.w.org\/{rel}","templated":true}]}}