{"id":6583,"date":"2024-10-15T10:40:13","date_gmt":"2024-10-15T07:40:13","guid":{"rendered":"https:\/\/manitusolar.ro\/produs\/produs\/"},"modified":"2026-03-06T10:03:08","modified_gmt":"2026-03-06T08:03:08","slug":"k2-carlig-singlehook-4s","status":"publish","type":"product","link":"https:\/\/manitusolar.ro\/en\/product\/k2-carlig-singlehook-4s\/","title":{"rendered":"K2 C\u00e2rlig acoperi\u0219 SingleHook 4S"},"content":{"rendered":"<div class=\"product-detail-description-text\">Dispozitiv de fixare pentru acoperi\u0219 cu 3x plac\u0103 de baz\u0103 reglabil\u0103 vertical (40,47,54 mm) \u0219i reglare de 30 mm pe suport. Reglare total\u0103 a \u00een\u0103l\u021bimii: 120,5 mm &#8211; 165,1 mm. Pentru c\u0103priori de la 48 mm (capriori \u00eenguste de la 36 mm posibil cu \u0219uruburi M6 pentru construc\u021bie din lemn). Cu K2 Climber 36\/50 pre-asamblat \u0219i \u0219urub hexagonal. Folosit pentru fixarea pe \u0219ina de montare K2 tip K2 SingleRail \u0219i CrossRail. Material: Aluminiu EN AW-6063 T66; O\u021bel inoxidabil A2<\/div>\n<div class=\"product-detail-properties\">\n<div class=\"row product-detail-properties-container\">\n<div class=\"col-12\">\n<table class=\"table\">\n<tbody>\n<tr class=\"properties-row\">\n<th class=\"properties-label\">Reglabil:<\/th>\n<td class=\"properties-value\">Da<\/td>\n<\/tr>\n<tr class=\"properties-row\">\n<th class=\"properties-label\">Include hardware pentru montarea \u0219inei:<\/th>\n<td class=\"properties-value\">Da<\/td>\n<\/tr>\n<tr class=\"properties-row\">\n<th class=\"properties-label\">Sisteme de montare:<\/th>\n<td class=\"properties-value\">Sistemul K2 SingleRail<\/td>\n<\/tr>\n<tr class=\"properties-row\">\n<th class=\"properties-label\">Domeniul de aplicare:<\/th>\n<td class=\"properties-value\">Acoperi\u0219 \u00eenclinat<\/td>\n<\/tr>\n<tr class=\"properties-row\">\n<th class=\"properties-label\">Tip componente:<\/th>\n<td class=\"properties-value\">C\u00e2rlig de acoperi\u0219<\/td>\n<\/tr>\n<tr class=\"properties-row\">\n<th class=\"properties-label\">Material:<\/th>\n<td class=\"properties-value\">Aluminiu EN AW 6063 T66, o\u021bel inoxidabil A2<\/td>\n<\/tr>\n<tr class=\"properties-row\">\n<th class=\"properties-label\">Unitatea de v\u00e2nzare:<\/th>\n<td class=\"properties-value\">20 buc<\/td>\n<\/tr>\n<tr class=\"properties-row\">\n<th class=\"properties-label\">Tip ambalaj:<\/th>\n<td class=\"properties-value\">\n<div>20 \/ Cutie<\/div>\n<div>480 \/ Palet<\/div>\n<\/td>\n<\/tr>\n<tr class=\"properties-row\">\n<th class=\"properties-label\">Greutate:<\/th>\n<td class=\"properties-value\">0,632 Kg<\/td>\n<\/tr>\n<\/tbody>\n<\/table>\n<\/div>\n<\/div>\n<\/div>","protected":false},"excerpt":{"rendered":"<p>Dispozitiv de fixare pentru acoperi\u0219 cu 3x plac\u0103 de baz\u0103 reglabil\u0103 vertical (40,47,54 mm) \u0219i reglare de 30 mm pe suport. Reglare total\u0103 a \u00een\u0103l\u021bimii: 120,5 mm &#8211; 165,1 mm. Pentru c\u0103priori de la 48 mm (capriori \u00eenguste de la 36 mm posibil cu \u0219uruburi M6 pentru construc\u021bie din lemn). Cu K2 Climber 36\/50 pre-asamblat [&hellip;]<\/p>\n","protected":false},"featured_media":7845,"template":"","meta":[],"product_brand":[],"product_cat":[23],"product_tag":[],"class_list":{"0":"post-6583","1":"product","2":"type-product","3":"status-publish","4":"has-post-thumbnail","6":"product_cat-structuri-fotovoltaice-k2","8":"first","9":"instock","10":"taxable","11":"shipping-taxable","12":"purchasable","13":"product-type-simple"},"yoast_head":"<!-- This site is optimized with the Yoast SEO plugin v27.3 - https:\/\/yoast.com\/product\/yoast-seo-wordpress\/ -->\n<title>K2 C\u00e2rlig acoperi\u0219 SingleHook 4S - Manitu Solar<\/title>\n<meta name=\"robots\" content=\"index, follow, max-snippet:-1, max-image-preview:large, max-video-preview:-1\" \/>\n<link rel=\"canonical\" href=\"https:\/\/manitusolar.ro\/en\/product\/k2-carlig-singlehook-4s\/\" \/>\n<meta property=\"og:locale\" content=\"en_US\" \/>\n<meta property=\"og:type\" content=\"article\" \/>\n<meta property=\"og:title\" content=\"K2 C\u00e2rlig acoperi\u0219 SingleHook 4S - Manitu Solar\" \/>\n<meta property=\"og:description\" content=\"Dispozitiv de fixare pentru acoperi\u0219 cu 3x plac\u0103 de baz\u0103 reglabil\u0103 vertical (40,47,54 mm) \u0219i reglare de 30 mm pe suport. Reglare total\u0103 a \u00een\u0103l\u021bimii: 120,5 mm &#8211; 165,1 mm. Pentru c\u0103priori de la 48 mm (capriori \u00eenguste de la 36 mm posibil cu \u0219uruburi M6 pentru construc\u021bie din lemn). Cu K2 Climber 36\/50 pre-asamblat [&hellip;]\" \/>\n<meta property=\"og:url\" content=\"https:\/\/manitusolar.ro\/en\/product\/k2-carlig-singlehook-4s\/\" \/>\n<meta property=\"og:site_name\" content=\"Manitu Solar\" \/>\n<meta property=\"article:modified_time\" content=\"2026-03-06T08:03:08+00:00\" \/>\n<meta property=\"og:image\" content=\"https:\/\/manitusolar.ro\/wp-content\/uploads\/2024\/10\/2003144-MD01_1920x1920.jpg\" \/>\n\t<meta property=\"og:image:width\" content=\"1689\" \/>\n\t<meta property=\"og:image:height\" content=\"1084\" \/>\n\t<meta property=\"og:image:type\" content=\"image\/jpeg\" \/>\n<meta name=\"twitter:card\" content=\"summary_large_image\" \/>\n<meta name=\"twitter:label1\" content=\"Est. reading time\" \/>\n\t<meta name=\"twitter:data1\" content=\"1 minute\" \/>\n<script type=\"application\/ld+json\" class=\"yoast-schema-graph\">{\"@context\":\"https:\\\/\\\/schema.org\",\"@graph\":[{\"@type\":\"WebPage\",\"@id\":\"https:\\\/\\\/manitusolar.ro\\\/produs\\\/k2-carlig-singlehook-4s\\\/\",\"url\":\"https:\\\/\\\/manitusolar.ro\\\/produs\\\/k2-carlig-singlehook-4s\\\/\",\"name\":\"K2 C\u00e2rlig acoperi\u0219 SingleHook 4S - Manitu Solar\",\"isPartOf\":{\"@id\":\"https:\\\/\\\/manitusolar.ro\\\/#website\"},\"primaryImageOfPage\":{\"@id\":\"https:\\\/\\\/manitusolar.ro\\\/produs\\\/k2-carlig-singlehook-4s\\\/#primaryimage\"},\"image\":{\"@id\":\"https:\\\/\\\/manitusolar.ro\\\/produs\\\/k2-carlig-singlehook-4s\\\/#primaryimage\"},\"thumbnailUrl\":\"https:\\\/\\\/manitusolar.ro\\\/wp-content\\\/uploads\\\/2024\\\/10\\\/2003144-MD01_1920x1920.jpg\",\"datePublished\":\"2024-10-15T07:40:13+00:00\",\"dateModified\":\"2026-03-06T08:03:08+00:00\",\"breadcrumb\":{\"@id\":\"https:\\\/\\\/manitusolar.ro\\\/produs\\\/k2-carlig-singlehook-4s\\\/#breadcrumb\"},\"inLanguage\":\"en-US\",\"potentialAction\":[{\"@type\":\"ReadAction\",\"target\":[\"https:\\\/\\\/manitusolar.ro\\\/produs\\\/k2-carlig-singlehook-4s\\\/\"]}]},{\"@type\":\"ImageObject\",\"inLanguage\":\"en-US\",\"@id\":\"https:\\\/\\\/manitusolar.ro\\\/produs\\\/k2-carlig-singlehook-4s\\\/#primaryimage\",\"url\":\"https:\\\/\\\/manitusolar.ro\\\/wp-content\\\/uploads\\\/2024\\\/10\\\/2003144-MD01_1920x1920.jpg\",\"contentUrl\":\"https:\\\/\\\/manitusolar.ro\\\/wp-content\\\/uploads\\\/2024\\\/10\\\/2003144-MD01_1920x1920.jpg\",\"width\":1689,\"height\":1084},{\"@type\":\"BreadcrumbList\",\"@id\":\"https:\\\/\\\/manitusolar.ro\\\/produs\\\/k2-carlig-singlehook-4s\\\/#breadcrumb\",\"itemListElement\":[{\"@type\":\"ListItem\",\"position\":1,\"name\":\"Home\",\"item\":\"https:\\\/\\\/manitusolar.ro\\\/\"},{\"@type\":\"ListItem\",\"position\":2,\"name\":\"Magazin B2B\",\"item\":\"https:\\\/\\\/manitusolar.ro\\\/shop\\\/\"},{\"@type\":\"ListItem\",\"position\":3,\"name\":\"K2 C\u00e2rlig acoperi\u0219 SingleHook 4S\"}]},{\"@type\":\"WebSite\",\"@id\":\"https:\\\/\\\/manitusolar.ro\\\/#website\",\"url\":\"https:\\\/\\\/manitusolar.ro\\\/\",\"name\":\"Manitu Solar\",\"description\":\"Distribuitor fotovoltaice, importator direct de panouri si sisteme fotovoltaice\",\"publisher\":{\"@id\":\"https:\\\/\\\/manitusolar.ro\\\/#organization\"},\"potentialAction\":[{\"@type\":\"SearchAction\",\"target\":{\"@type\":\"EntryPoint\",\"urlTemplate\":\"https:\\\/\\\/manitusolar.ro\\\/?s={search_term_string}\"},\"query-input\":{\"@type\":\"PropertyValueSpecification\",\"valueRequired\":true,\"valueName\":\"search_term_string\"}}],\"inLanguage\":\"en-US\"},{\"@type\":\"Organization\",\"@id\":\"https:\\\/\\\/manitusolar.ro\\\/#organization\",\"name\":\"Manitu Solar\",\"url\":\"https:\\\/\\\/manitusolar.ro\\\/\",\"logo\":{\"@type\":\"ImageObject\",\"inLanguage\":\"en-US\",\"@id\":\"https:\\\/\\\/manitusolar.ro\\\/#\\\/schema\\\/logo\\\/image\\\/\",\"url\":\"https:\\\/\\\/manitusolar.ro\\\/wp-content\\\/uploads\\\/2024\\\/08\\\/manitu_solar_color.svg\",\"contentUrl\":\"https:\\\/\\\/manitusolar.ro\\\/wp-content\\\/uploads\\\/2024\\\/08\\\/manitu_solar_color.svg\",\"width\":280,\"height\":60,\"caption\":\"Manitu Solar\"},\"image\":{\"@id\":\"https:\\\/\\\/manitusolar.ro\\\/#\\\/schema\\\/logo\\\/image\\\/\"}}]}<\/script>\n<!-- \/ Yoast SEO plugin. -->","yoast_head_json":{"title":"K2 C\u00e2rlig acoperi\u0219 SingleHook 4S - Manitu Solar","robots":{"index":"index","follow":"follow","max-snippet":"max-snippet:-1","max-image-preview":"max-image-preview:large","max-video-preview":"max-video-preview:-1"},"canonical":"https:\/\/manitusolar.ro\/en\/product\/k2-carlig-singlehook-4s\/","og_locale":"en_US","og_type":"article","og_title":"K2 C\u00e2rlig acoperi\u0219 SingleHook 4S - Manitu Solar","og_description":"Dispozitiv de fixare pentru acoperi\u0219 cu 3x plac\u0103 de baz\u0103 reglabil\u0103 vertical (40,47,54 mm) \u0219i reglare de 30 mm pe suport. Reglare total\u0103 a \u00een\u0103l\u021bimii: 120,5 mm &#8211; 165,1 mm. Pentru c\u0103priori de la 48 mm (capriori \u00eenguste de la 36 mm posibil cu \u0219uruburi M6 pentru construc\u021bie din lemn). Cu K2 Climber 36\/50 pre-asamblat [&hellip;]","og_url":"https:\/\/manitusolar.ro\/en\/product\/k2-carlig-singlehook-4s\/","og_site_name":"Manitu Solar","article_modified_time":"2026-03-06T08:03:08+00:00","og_image":[{"width":1689,"height":1084,"url":"https:\/\/manitusolar.ro\/wp-content\/uploads\/2024\/10\/2003144-MD01_1920x1920.jpg","type":"image\/jpeg"}],"twitter_card":"summary_large_image","twitter_misc":{"Est. reading time":"1 minute"},"schema":{"@context":"https:\/\/schema.org","@graph":[{"@type":"WebPage","@id":"https:\/\/manitusolar.ro\/produs\/k2-carlig-singlehook-4s\/","url":"https:\/\/manitusolar.ro\/produs\/k2-carlig-singlehook-4s\/","name":"K2 C\u00e2rlig acoperi\u0219 SingleHook 4S - Manitu Solar","isPartOf":{"@id":"https:\/\/manitusolar.ro\/#website"},"primaryImageOfPage":{"@id":"https:\/\/manitusolar.ro\/produs\/k2-carlig-singlehook-4s\/#primaryimage"},"image":{"@id":"https:\/\/manitusolar.ro\/produs\/k2-carlig-singlehook-4s\/#primaryimage"},"thumbnailUrl":"https:\/\/manitusolar.ro\/wp-content\/uploads\/2024\/10\/2003144-MD01_1920x1920.jpg","datePublished":"2024-10-15T07:40:13+00:00","dateModified":"2026-03-06T08:03:08+00:00","breadcrumb":{"@id":"https:\/\/manitusolar.ro\/produs\/k2-carlig-singlehook-4s\/#breadcrumb"},"inLanguage":"en-US","potentialAction":[{"@type":"ReadAction","target":["https:\/\/manitusolar.ro\/produs\/k2-carlig-singlehook-4s\/"]}]},{"@type":"ImageObject","inLanguage":"en-US","@id":"https:\/\/manitusolar.ro\/produs\/k2-carlig-singlehook-4s\/#primaryimage","url":"https:\/\/manitusolar.ro\/wp-content\/uploads\/2024\/10\/2003144-MD01_1920x1920.jpg","contentUrl":"https:\/\/manitusolar.ro\/wp-content\/uploads\/2024\/10\/2003144-MD01_1920x1920.jpg","width":1689,"height":1084},{"@type":"BreadcrumbList","@id":"https:\/\/manitusolar.ro\/produs\/k2-carlig-singlehook-4s\/#breadcrumb","itemListElement":[{"@type":"ListItem","position":1,"name":"Home","item":"https:\/\/manitusolar.ro\/"},{"@type":"ListItem","position":2,"name":"Magazin B2B","item":"https:\/\/manitusolar.ro\/shop\/"},{"@type":"ListItem","position":3,"name":"K2 C\u00e2rlig acoperi\u0219 SingleHook 4S"}]},{"@type":"WebSite","@id":"https:\/\/manitusolar.ro\/#website","url":"https:\/\/manitusolar.ro\/","name":"Manitu Solar","description":"Distribuitor fotovoltaice, importator direct de panouri si sisteme fotovoltaice","publisher":{"@id":"https:\/\/manitusolar.ro\/#organization"},"potentialAction":[{"@type":"SearchAction","target":{"@type":"EntryPoint","urlTemplate":"https:\/\/manitusolar.ro\/?s={search_term_string}"},"query-input":{"@type":"PropertyValueSpecification","valueRequired":true,"valueName":"search_term_string"}}],"inLanguage":"en-US"},{"@type":"Organization","@id":"https:\/\/manitusolar.ro\/#organization","name":"Manitu Solar","url":"https:\/\/manitusolar.ro\/","logo":{"@type":"ImageObject","inLanguage":"en-US","@id":"https:\/\/manitusolar.ro\/#\/schema\/logo\/image\/","url":"https:\/\/manitusolar.ro\/wp-content\/uploads\/2024\/08\/manitu_solar_color.svg","contentUrl":"https:\/\/manitusolar.ro\/wp-content\/uploads\/2024\/08\/manitu_solar_color.svg","width":280,"height":60,"caption":"Manitu Solar"},"image":{"@id":"https:\/\/manitusolar.ro\/#\/schema\/logo\/image\/"}}]}},"_links":{"self":[{"href":"https:\/\/manitusolar.ro\/en\/wp-json\/wp\/v2\/product\/6583","targetHints":{"allow":["GET"]}}],"collection":[{"href":"https:\/\/manitusolar.ro\/en\/wp-json\/wp\/v2\/product"}],"about":[{"href":"https:\/\/manitusolar.ro\/en\/wp-json\/wp\/v2\/types\/product"}],"version-history":[{"count":5,"href":"https:\/\/manitusolar.ro\/en\/wp-json\/wp\/v2\/product\/6583\/revisions"}],"predecessor-version":[{"id":10061,"href":"https:\/\/manitusolar.ro\/en\/wp-json\/wp\/v2\/product\/6583\/revisions\/10061"}],"wp:featuredmedia":[{"embeddable":true,"href":"https:\/\/manitusolar.ro\/en\/wp-json\/wp\/v2\/media\/7845"}],"wp:attachment":[{"href":"https:\/\/manitusolar.ro\/en\/wp-json\/wp\/v2\/media?parent=6583"}],"wp:term":[{"taxonomy":"product_brand","embeddable":true,"href":"https:\/\/manitusolar.ro\/en\/wp-json\/wp\/v2\/product_brand?post=6583"},{"taxonomy":"product_cat","embeddable":true,"href":"https:\/\/manitusolar.ro\/en\/wp-json\/wp\/v2\/product_cat?post=6583"},{"taxonomy":"product_tag","embeddable":true,"href":"https:\/\/manitusolar.ro\/en\/wp-json\/wp\/v2\/product_tag?post=6583"}],"curies":[{"name":"wp","href":"https:\/\/api.w.org\/{rel}","templated":true}]}}