{"id":6725,"date":"2024-10-15T11:26:18","date_gmt":"2024-10-15T08:26:18","guid":{"rendered":"https:\/\/manitusolar.ro\/produs\/produs\/"},"modified":"2026-03-06T10:30:21","modified_gmt":"2026-03-06T08:30:21","slug":"k2-dome-6-10-peak-element-de-ridicare-spate-versiunea-2021","status":"publish","type":"product","link":"https:\/\/manitusolar.ro\/en\/product\/k2-dome-6-10-peak-element-de-ridicare-spate-versiunea-2021\/","title":{"rendered":"K2 Dome 6.10 Peak element ridicare spate"},"content":{"rendered":"<div class=\"product-detail-description-text\"><span>Component\u0103 pentru eleva\u021bia modulului a sistemului Dome 6.10. V\u00e2rful poate fi fie fixat \u00een placa de baz\u0103 pre-asamblat\u0103, fie fixat direct pe BasicRail cu un \u0219urub cu cap mufa \u0219i MK2. Material: Aluminiu EN AW-6063 T66<\/span><\/div>\n<div><\/div>\n<div class=\"product-detail-properties\">\n<div class=\"row product-detail-properties-container\">\n<div class=\"col-12\">\n<table class=\"table\">\n<tbody>\n<tr class=\"properties-row\">\n<th class=\"properties-label\"><span>Unghi de eleva\u021bie:<\/span><\/th>\n<td class=\"properties-value\"><span>10\u00b0<\/span><\/td>\n<\/tr>\n<tr class=\"properties-row\">\n<th class=\"properties-label\"><span>Sisteme de montare:<\/span><\/th>\n<td class=\"properties-value\"><span>Sistemul K2 Dome 6<\/span><\/td>\n<\/tr>\n<tr class=\"properties-row\">\n<th class=\"properties-label\"><span>Domeniul de aplicare:<\/span><\/th>\n<td class=\"properties-value\"><span>Acoperi\u0219 plat\u00a0<\/span><span>, acoperi\u0219 \u00eenclinat<\/span><\/td>\n<\/tr>\n<tr class=\"properties-row\">\n<th class=\"properties-label\"><span>Tip componente:<\/span><\/th>\n<td class=\"properties-value\"><span>Altitudinea<\/span><\/td>\n<\/tr>\n<tr class=\"properties-row\">\n<th class=\"properties-label\"><span>Material:<\/span><\/th>\n<td class=\"properties-value\"><span>Aluminiu EN AW 6063 T66<\/span><\/td>\n<\/tr>\n<tr class=\"properties-row\">\n<th class=\"properties-label\"><span>Unitatea de v\u00e2nzare:<\/span><\/th>\n<td class=\"properties-value\"><span>30 buc<\/span><\/td>\n<\/tr>\n<tr class=\"properties-row\">\n<th class=\"properties-label\"><span>Tip ambalaj:<\/span><\/th>\n<td class=\"properties-value\">\n<div><span>30 \/ Cutie<\/span><\/div>\n<div><span>1.350 \/ Palet<\/span><\/div>\n<\/td>\n<\/tr>\n<tr class=\"properties-row\">\n<th class=\"properties-label\"><span>Greutate:<\/span><\/th>\n<td class=\"properties-value\"><span>0,3 Kg<\/span><\/td>\n<\/tr>\n<\/tbody>\n<\/table>\n<\/div>\n<\/div>\n<\/div>","protected":false},"excerpt":{"rendered":"<p>Component\u0103 pentru eleva\u021bia modulului a sistemului Dome 6.10. V\u00e2rful poate fi fie fixat \u00een placa de baz\u0103 pre-asamblat\u0103, fie fixat direct pe BasicRail cu un \u0219urub cu cap mufa \u0219i MK2. Material: Aluminiu EN AW-6063 T66 Unghi de eleva\u021bie: 10\u00b0 Sisteme de montare: Sistemul K2 Dome 6 Domeniul de aplicare: Acoperi\u0219 plat\u00a0, acoperi\u0219 \u00eenclinat Tip [&hellip;]<\/p>\n","protected":false},"featured_media":7785,"template":"","meta":[],"product_brand":[],"product_cat":[23],"product_tag":[],"class_list":{"0":"post-6725","1":"product","2":"type-product","3":"status-publish","4":"has-post-thumbnail","6":"product_cat-structuri-fotovoltaice-k2","8":"first","9":"instock","10":"taxable","11":"shipping-taxable","12":"purchasable","13":"product-type-simple"},"yoast_head":"<!-- This site is optimized with the Yoast SEO plugin v27.3 - https:\/\/yoast.com\/product\/yoast-seo-wordpress\/ -->\n<title>K2 Dome 6.10 Peak element ridicare spate - Manitu Solar<\/title>\n<meta name=\"robots\" content=\"index, follow, max-snippet:-1, max-image-preview:large, max-video-preview:-1\" \/>\n<link rel=\"canonical\" href=\"https:\/\/manitusolar.ro\/en\/product\/k2-dome-6-10-peak-element-de-ridicare-spate-versiunea-2021\/\" \/>\n<meta property=\"og:locale\" content=\"en_US\" \/>\n<meta property=\"og:type\" content=\"article\" \/>\n<meta property=\"og:title\" content=\"K2 Dome 6.10 Peak element ridicare spate - Manitu Solar\" \/>\n<meta property=\"og:description\" content=\"Component\u0103 pentru eleva\u021bia modulului a sistemului Dome 6.10. V\u00e2rful poate fi fie fixat \u00een placa de baz\u0103 pre-asamblat\u0103, fie fixat direct pe BasicRail cu un \u0219urub cu cap mufa \u0219i MK2. Material: Aluminiu EN AW-6063 T66 Unghi de eleva\u021bie: 10\u00b0 Sisteme de montare: Sistemul K2 Dome 6 Domeniul de aplicare: Acoperi\u0219 plat\u00a0, acoperi\u0219 \u00eenclinat Tip [&hellip;]\" \/>\n<meta property=\"og:url\" content=\"https:\/\/manitusolar.ro\/en\/product\/k2-dome-6-10-peak-element-de-ridicare-spate-versiunea-2021\/\" \/>\n<meta property=\"og:site_name\" content=\"Manitu Solar\" \/>\n<meta property=\"article:modified_time\" content=\"2026-03-06T08:30:21+00:00\" \/>\n<meta property=\"og:image\" content=\"https:\/\/manitusolar.ro\/wp-content\/uploads\/2024\/10\/2004125-MD01_1920x1920.jpg\" \/>\n\t<meta property=\"og:image:width\" content=\"1168\" \/>\n\t<meta property=\"og:image:height\" content=\"1920\" \/>\n\t<meta property=\"og:image:type\" content=\"image\/jpeg\" \/>\n<meta name=\"twitter:card\" content=\"summary_large_image\" \/>\n<script type=\"application\/ld+json\" class=\"yoast-schema-graph\">{\"@context\":\"https:\\\/\\\/schema.org\",\"@graph\":[{\"@type\":\"WebPage\",\"@id\":\"https:\\\/\\\/manitusolar.ro\\\/produs\\\/k2-dome-6-10-peak-element-de-ridicare-spate-versiunea-2021\\\/\",\"url\":\"https:\\\/\\\/manitusolar.ro\\\/produs\\\/k2-dome-6-10-peak-element-de-ridicare-spate-versiunea-2021\\\/\",\"name\":\"K2 Dome 6.10 Peak element ridicare spate - Manitu Solar\",\"isPartOf\":{\"@id\":\"https:\\\/\\\/manitusolar.ro\\\/#website\"},\"primaryImageOfPage\":{\"@id\":\"https:\\\/\\\/manitusolar.ro\\\/produs\\\/k2-dome-6-10-peak-element-de-ridicare-spate-versiunea-2021\\\/#primaryimage\"},\"image\":{\"@id\":\"https:\\\/\\\/manitusolar.ro\\\/produs\\\/k2-dome-6-10-peak-element-de-ridicare-spate-versiunea-2021\\\/#primaryimage\"},\"thumbnailUrl\":\"https:\\\/\\\/manitusolar.ro\\\/wp-content\\\/uploads\\\/2024\\\/10\\\/2004125-MD01_1920x1920.jpg\",\"datePublished\":\"2024-10-15T08:26:18+00:00\",\"dateModified\":\"2026-03-06T08:30:21+00:00\",\"breadcrumb\":{\"@id\":\"https:\\\/\\\/manitusolar.ro\\\/produs\\\/k2-dome-6-10-peak-element-de-ridicare-spate-versiunea-2021\\\/#breadcrumb\"},\"inLanguage\":\"en-US\",\"potentialAction\":[{\"@type\":\"ReadAction\",\"target\":[\"https:\\\/\\\/manitusolar.ro\\\/produs\\\/k2-dome-6-10-peak-element-de-ridicare-spate-versiunea-2021\\\/\"]}]},{\"@type\":\"ImageObject\",\"inLanguage\":\"en-US\",\"@id\":\"https:\\\/\\\/manitusolar.ro\\\/produs\\\/k2-dome-6-10-peak-element-de-ridicare-spate-versiunea-2021\\\/#primaryimage\",\"url\":\"https:\\\/\\\/manitusolar.ro\\\/wp-content\\\/uploads\\\/2024\\\/10\\\/2004125-MD01_1920x1920.jpg\",\"contentUrl\":\"https:\\\/\\\/manitusolar.ro\\\/wp-content\\\/uploads\\\/2024\\\/10\\\/2004125-MD01_1920x1920.jpg\",\"width\":1168,\"height\":1920},{\"@type\":\"BreadcrumbList\",\"@id\":\"https:\\\/\\\/manitusolar.ro\\\/produs\\\/k2-dome-6-10-peak-element-de-ridicare-spate-versiunea-2021\\\/#breadcrumb\",\"itemListElement\":[{\"@type\":\"ListItem\",\"position\":1,\"name\":\"Home\",\"item\":\"https:\\\/\\\/manitusolar.ro\\\/\"},{\"@type\":\"ListItem\",\"position\":2,\"name\":\"Magazin B2B\",\"item\":\"https:\\\/\\\/manitusolar.ro\\\/shop\\\/\"},{\"@type\":\"ListItem\",\"position\":3,\"name\":\"K2 Dome 6.10 Peak element ridicare spate\"}]},{\"@type\":\"WebSite\",\"@id\":\"https:\\\/\\\/manitusolar.ro\\\/#website\",\"url\":\"https:\\\/\\\/manitusolar.ro\\\/\",\"name\":\"Manitu Solar\",\"description\":\"Distribuitor fotovoltaice, importator direct de panouri si sisteme fotovoltaice\",\"publisher\":{\"@id\":\"https:\\\/\\\/manitusolar.ro\\\/#organization\"},\"potentialAction\":[{\"@type\":\"SearchAction\",\"target\":{\"@type\":\"EntryPoint\",\"urlTemplate\":\"https:\\\/\\\/manitusolar.ro\\\/?s={search_term_string}\"},\"query-input\":{\"@type\":\"PropertyValueSpecification\",\"valueRequired\":true,\"valueName\":\"search_term_string\"}}],\"inLanguage\":\"en-US\"},{\"@type\":\"Organization\",\"@id\":\"https:\\\/\\\/manitusolar.ro\\\/#organization\",\"name\":\"Manitu Solar\",\"url\":\"https:\\\/\\\/manitusolar.ro\\\/\",\"logo\":{\"@type\":\"ImageObject\",\"inLanguage\":\"en-US\",\"@id\":\"https:\\\/\\\/manitusolar.ro\\\/#\\\/schema\\\/logo\\\/image\\\/\",\"url\":\"https:\\\/\\\/manitusolar.ro\\\/wp-content\\\/uploads\\\/2024\\\/08\\\/manitu_solar_color.svg\",\"contentUrl\":\"https:\\\/\\\/manitusolar.ro\\\/wp-content\\\/uploads\\\/2024\\\/08\\\/manitu_solar_color.svg\",\"width\":280,\"height\":60,\"caption\":\"Manitu Solar\"},\"image\":{\"@id\":\"https:\\\/\\\/manitusolar.ro\\\/#\\\/schema\\\/logo\\\/image\\\/\"}}]}<\/script>\n<!-- \/ Yoast SEO plugin. -->","yoast_head_json":{"title":"K2 Dome 6.10 Peak element ridicare spate - Manitu Solar","robots":{"index":"index","follow":"follow","max-snippet":"max-snippet:-1","max-image-preview":"max-image-preview:large","max-video-preview":"max-video-preview:-1"},"canonical":"https:\/\/manitusolar.ro\/en\/product\/k2-dome-6-10-peak-element-de-ridicare-spate-versiunea-2021\/","og_locale":"en_US","og_type":"article","og_title":"K2 Dome 6.10 Peak element ridicare spate - Manitu Solar","og_description":"Component\u0103 pentru eleva\u021bia modulului a sistemului Dome 6.10. V\u00e2rful poate fi fie fixat \u00een placa de baz\u0103 pre-asamblat\u0103, fie fixat direct pe BasicRail cu un \u0219urub cu cap mufa \u0219i MK2. Material: Aluminiu EN AW-6063 T66 Unghi de eleva\u021bie: 10\u00b0 Sisteme de montare: Sistemul K2 Dome 6 Domeniul de aplicare: Acoperi\u0219 plat\u00a0, acoperi\u0219 \u00eenclinat Tip [&hellip;]","og_url":"https:\/\/manitusolar.ro\/en\/product\/k2-dome-6-10-peak-element-de-ridicare-spate-versiunea-2021\/","og_site_name":"Manitu Solar","article_modified_time":"2026-03-06T08:30:21+00:00","og_image":[{"width":1168,"height":1920,"url":"https:\/\/manitusolar.ro\/wp-content\/uploads\/2024\/10\/2004125-MD01_1920x1920.jpg","type":"image\/jpeg"}],"twitter_card":"summary_large_image","schema":{"@context":"https:\/\/schema.org","@graph":[{"@type":"WebPage","@id":"https:\/\/manitusolar.ro\/produs\/k2-dome-6-10-peak-element-de-ridicare-spate-versiunea-2021\/","url":"https:\/\/manitusolar.ro\/produs\/k2-dome-6-10-peak-element-de-ridicare-spate-versiunea-2021\/","name":"K2 Dome 6.10 Peak element ridicare spate - Manitu Solar","isPartOf":{"@id":"https:\/\/manitusolar.ro\/#website"},"primaryImageOfPage":{"@id":"https:\/\/manitusolar.ro\/produs\/k2-dome-6-10-peak-element-de-ridicare-spate-versiunea-2021\/#primaryimage"},"image":{"@id":"https:\/\/manitusolar.ro\/produs\/k2-dome-6-10-peak-element-de-ridicare-spate-versiunea-2021\/#primaryimage"},"thumbnailUrl":"https:\/\/manitusolar.ro\/wp-content\/uploads\/2024\/10\/2004125-MD01_1920x1920.jpg","datePublished":"2024-10-15T08:26:18+00:00","dateModified":"2026-03-06T08:30:21+00:00","breadcrumb":{"@id":"https:\/\/manitusolar.ro\/produs\/k2-dome-6-10-peak-element-de-ridicare-spate-versiunea-2021\/#breadcrumb"},"inLanguage":"en-US","potentialAction":[{"@type":"ReadAction","target":["https:\/\/manitusolar.ro\/produs\/k2-dome-6-10-peak-element-de-ridicare-spate-versiunea-2021\/"]}]},{"@type":"ImageObject","inLanguage":"en-US","@id":"https:\/\/manitusolar.ro\/produs\/k2-dome-6-10-peak-element-de-ridicare-spate-versiunea-2021\/#primaryimage","url":"https:\/\/manitusolar.ro\/wp-content\/uploads\/2024\/10\/2004125-MD01_1920x1920.jpg","contentUrl":"https:\/\/manitusolar.ro\/wp-content\/uploads\/2024\/10\/2004125-MD01_1920x1920.jpg","width":1168,"height":1920},{"@type":"BreadcrumbList","@id":"https:\/\/manitusolar.ro\/produs\/k2-dome-6-10-peak-element-de-ridicare-spate-versiunea-2021\/#breadcrumb","itemListElement":[{"@type":"ListItem","position":1,"name":"Home","item":"https:\/\/manitusolar.ro\/"},{"@type":"ListItem","position":2,"name":"Magazin B2B","item":"https:\/\/manitusolar.ro\/shop\/"},{"@type":"ListItem","position":3,"name":"K2 Dome 6.10 Peak element ridicare spate"}]},{"@type":"WebSite","@id":"https:\/\/manitusolar.ro\/#website","url":"https:\/\/manitusolar.ro\/","name":"Manitu Solar","description":"Distribuitor fotovoltaice, importator direct de panouri si sisteme fotovoltaice","publisher":{"@id":"https:\/\/manitusolar.ro\/#organization"},"potentialAction":[{"@type":"SearchAction","target":{"@type":"EntryPoint","urlTemplate":"https:\/\/manitusolar.ro\/?s={search_term_string}"},"query-input":{"@type":"PropertyValueSpecification","valueRequired":true,"valueName":"search_term_string"}}],"inLanguage":"en-US"},{"@type":"Organization","@id":"https:\/\/manitusolar.ro\/#organization","name":"Manitu Solar","url":"https:\/\/manitusolar.ro\/","logo":{"@type":"ImageObject","inLanguage":"en-US","@id":"https:\/\/manitusolar.ro\/#\/schema\/logo\/image\/","url":"https:\/\/manitusolar.ro\/wp-content\/uploads\/2024\/08\/manitu_solar_color.svg","contentUrl":"https:\/\/manitusolar.ro\/wp-content\/uploads\/2024\/08\/manitu_solar_color.svg","width":280,"height":60,"caption":"Manitu Solar"},"image":{"@id":"https:\/\/manitusolar.ro\/#\/schema\/logo\/image\/"}}]}},"_links":{"self":[{"href":"https:\/\/manitusolar.ro\/en\/wp-json\/wp\/v2\/product\/6725","targetHints":{"allow":["GET"]}}],"collection":[{"href":"https:\/\/manitusolar.ro\/en\/wp-json\/wp\/v2\/product"}],"about":[{"href":"https:\/\/manitusolar.ro\/en\/wp-json\/wp\/v2\/types\/product"}],"version-history":[{"count":3,"href":"https:\/\/manitusolar.ro\/en\/wp-json\/wp\/v2\/product\/6725\/revisions"}],"predecessor-version":[{"id":10072,"href":"https:\/\/manitusolar.ro\/en\/wp-json\/wp\/v2\/product\/6725\/revisions\/10072"}],"wp:featuredmedia":[{"embeddable":true,"href":"https:\/\/manitusolar.ro\/en\/wp-json\/wp\/v2\/media\/7785"}],"wp:attachment":[{"href":"https:\/\/manitusolar.ro\/en\/wp-json\/wp\/v2\/media?parent=6725"}],"wp:term":[{"taxonomy":"product_brand","embeddable":true,"href":"https:\/\/manitusolar.ro\/en\/wp-json\/wp\/v2\/product_brand?post=6725"},{"taxonomy":"product_cat","embeddable":true,"href":"https:\/\/manitusolar.ro\/en\/wp-json\/wp\/v2\/product_cat?post=6725"},{"taxonomy":"product_tag","embeddable":true,"href":"https:\/\/manitusolar.ro\/en\/wp-json\/wp\/v2\/product_tag?post=6725"}],"curies":[{"name":"wp","href":"https:\/\/api.w.org\/{rel}","templated":true}]}}