{"id":6745,"date":"2024-10-15T11:32:15","date_gmt":"2024-10-15T08:32:15","guid":{"rendered":"https:\/\/manitusolar.ro\/produs\/produs\/"},"modified":"2026-04-02T17:41:11","modified_gmt":"2026-04-02T14:41:11","slug":"k2-dome-speedporter-element-portant-mic-aluminiu-200x80x15-mm","status":"publish","type":"product","link":"https:\/\/manitusolar.ro\/en\/product\/k2-dome-speedporter-element-portant-mic-aluminiu-200x80x15-mm\/","title":{"rendered":"K2 Dome SpeedPorter element portant mic aluminiu 200x80x15 mm"},"content":{"rendered":"<div class=\"product-detail-description-text\">Pentru montarea cu balast pentru sistemul de acoperi\u0219 plat K2 Dome 6 Classic. A\u0219eza\u021bi dou\u0103 SpeedPortere la distan\u021b\u0103 unul de cel\u0103lalt, \u00een func\u021bie de dimensiunea c\u0103r\u0103mizilor, pe BasicRail \u0219i pune\u021bi balast (p\u00e2n\u0103 la aprox. 40 kg) pe ele. Material: aluminiu<\/div>\n<div><\/div>\n<div class=\"product-detail-properties\">\n<div class=\"row product-detail-properties-container\">\n<div class=\"col-12\">\n<table class=\"table\">\n<tbody>\n<tr class=\"properties-row\">\n<th class=\"properties-label\">Dimensiuni [mm]:<\/th>\n<td class=\"properties-value\">200x80x15<\/td>\n<\/tr>\n<tr class=\"properties-row\">\n<th class=\"properties-label\">Balast maxim admisibil [kg]:<\/th>\n<td class=\"properties-value\">40<\/td>\n<\/tr>\n<tr class=\"properties-row\">\n<th class=\"properties-label\">Lungimea modulului [mm]:<\/th>\n<td class=\"properties-value\">Independent<\/td>\n<\/tr>\n<tr class=\"properties-row\">\n<th class=\"properties-label\">Sisteme de montare:<\/th>\n<td class=\"properties-value\">Sistemul K2 Dome 6\u00a0, Sistemul K2 Dome Zero<\/td>\n<\/tr>\n<tr class=\"properties-row\">\n<th class=\"properties-label\">Domeniul de aplicare:<\/th>\n<td class=\"properties-value\">Acoperi\u0219 plat<\/td>\n<\/tr>\n<tr class=\"properties-row\">\n<th class=\"properties-label\">Tip componente:<\/th>\n<td class=\"properties-value\">Balastare<\/td>\n<\/tr>\n<tr class=\"properties-row\">\n<th class=\"properties-label\">Material:<\/th>\n<td class=\"properties-value\">Aluminiu EN AW 5754 H111<\/td>\n<\/tr>\n<tr class=\"properties-row\">\n<th class=\"properties-label\">Unitatea de v\u00e2nzare:<\/th>\n<td class=\"properties-value\">10 buc\u0103\u021bi<\/td>\n<\/tr>\n<tr class=\"properties-row\">\n<th class=\"properties-label\">Tip ambalaj:<\/th>\n<td class=\"properties-value\">\n<div>10 \/ Geanta<\/div>\n<div>250 \/ Cutie<\/div>\n<div>4.000 \/ Palet<\/div>\n<\/td>\n<\/tr>\n<tr class=\"properties-row\">\n<th class=\"properties-label\">Greutate:<\/th>\n<td class=\"properties-value\">0,058 Kg<\/td>\n<\/tr>\n<\/tbody>\n<\/table>\n<\/div>\n<\/div>\n<\/div>\n","protected":false},"excerpt":{"rendered":"<p>Pentru montarea cu balast pentru sistemul de acoperi\u0219 plat K2 Dome 6 Classic. A\u0219eza\u021bi dou\u0103 SpeedPortere la distan\u021b\u0103 unul de cel\u0103lalt, \u00een func\u021bie de dimensiunea c\u0103r\u0103mizilor, pe BasicRail \u0219i pune\u021bi balast (p\u00e2n\u0103 la aprox. 40 kg) pe ele. Material: aluminiu Dimensiuni [mm]: 200x80x15 Balast maxim admisibil [kg]: 40 Lungimea modulului [mm]: Independent Sisteme de montare: [&hellip;]<\/p>\n","protected":false},"featured_media":7764,"template":"","meta":[],"product_brand":[],"product_cat":[23],"product_tag":[],"class_list":{"0":"post-6745","1":"product","2":"type-product","3":"status-publish","4":"has-post-thumbnail","6":"product_cat-structuri-fotovoltaice-k2","8":"first","9":"instock","10":"taxable","11":"shipping-taxable","12":"purchasable","13":"product-type-simple"},"yoast_head":"<!-- This site is optimized with the Yoast SEO plugin v27.3 - https:\/\/yoast.com\/product\/yoast-seo-wordpress\/ -->\n<title>K2 Dome SpeedPorter element portant mic aluminiu 200x80x15 mm - Manitu Solar<\/title>\n<meta name=\"robots\" content=\"index, follow, max-snippet:-1, max-image-preview:large, max-video-preview:-1\" \/>\n<link rel=\"canonical\" href=\"https:\/\/manitusolar.ro\/en\/product\/k2-dome-speedporter-element-portant-mic-aluminiu-200x80x15-mm\/\" \/>\n<meta property=\"og:locale\" content=\"en_US\" \/>\n<meta property=\"og:type\" content=\"article\" \/>\n<meta property=\"og:title\" content=\"K2 Dome SpeedPorter element portant mic aluminiu 200x80x15 mm - Manitu Solar\" \/>\n<meta property=\"og:description\" content=\"Pentru montarea cu balast pentru sistemul de acoperi\u0219 plat K2 Dome 6 Classic. A\u0219eza\u021bi dou\u0103 SpeedPortere la distan\u021b\u0103 unul de cel\u0103lalt, \u00een func\u021bie de dimensiunea c\u0103r\u0103mizilor, pe BasicRail \u0219i pune\u021bi balast (p\u00e2n\u0103 la aprox. 40 kg) pe ele. Material: aluminiu Dimensiuni [mm]: 200x80x15 Balast maxim admisibil [kg]: 40 Lungimea modulului [mm]: Independent Sisteme de montare: [&hellip;]\" \/>\n<meta property=\"og:url\" content=\"https:\/\/manitusolar.ro\/en\/product\/k2-dome-speedporter-element-portant-mic-aluminiu-200x80x15-mm\/\" \/>\n<meta property=\"og:site_name\" content=\"Manitu Solar\" \/>\n<meta property=\"article:modified_time\" content=\"2026-04-02T14:41:11+00:00\" \/>\n<meta property=\"og:image\" content=\"https:\/\/manitusolar.ro\/wp-content\/uploads\/2024\/10\/2002300-MD01_1920x1920.jpg\" \/>\n\t<meta property=\"og:image:width\" content=\"1920\" \/>\n\t<meta property=\"og:image:height\" content=\"1596\" \/>\n\t<meta property=\"og:image:type\" content=\"image\/jpeg\" \/>\n<meta name=\"twitter:card\" content=\"summary_large_image\" \/>\n<meta name=\"twitter:label1\" content=\"Est. reading time\" \/>\n\t<meta name=\"twitter:data1\" content=\"1 minute\" \/>\n<script type=\"application\/ld+json\" class=\"yoast-schema-graph\">{\"@context\":\"https:\\\/\\\/schema.org\",\"@graph\":[{\"@type\":\"WebPage\",\"@id\":\"https:\\\/\\\/manitusolar.ro\\\/produs\\\/k2-dome-speedporter-element-portant-mic-aluminiu-200x80x15-mm\\\/\",\"url\":\"https:\\\/\\\/manitusolar.ro\\\/produs\\\/k2-dome-speedporter-element-portant-mic-aluminiu-200x80x15-mm\\\/\",\"name\":\"K2 Dome SpeedPorter element portant mic aluminiu 200x80x15 mm - Manitu Solar\",\"isPartOf\":{\"@id\":\"https:\\\/\\\/manitusolar.ro\\\/#website\"},\"primaryImageOfPage\":{\"@id\":\"https:\\\/\\\/manitusolar.ro\\\/produs\\\/k2-dome-speedporter-element-portant-mic-aluminiu-200x80x15-mm\\\/#primaryimage\"},\"image\":{\"@id\":\"https:\\\/\\\/manitusolar.ro\\\/produs\\\/k2-dome-speedporter-element-portant-mic-aluminiu-200x80x15-mm\\\/#primaryimage\"},\"thumbnailUrl\":\"https:\\\/\\\/manitusolar.ro\\\/wp-content\\\/uploads\\\/2024\\\/10\\\/2002300-MD01_1920x1920.jpg\",\"datePublished\":\"2024-10-15T08:32:15+00:00\",\"dateModified\":\"2026-04-02T14:41:11+00:00\",\"breadcrumb\":{\"@id\":\"https:\\\/\\\/manitusolar.ro\\\/produs\\\/k2-dome-speedporter-element-portant-mic-aluminiu-200x80x15-mm\\\/#breadcrumb\"},\"inLanguage\":\"en-US\",\"potentialAction\":[{\"@type\":\"ReadAction\",\"target\":[\"https:\\\/\\\/manitusolar.ro\\\/produs\\\/k2-dome-speedporter-element-portant-mic-aluminiu-200x80x15-mm\\\/\"]}]},{\"@type\":\"ImageObject\",\"inLanguage\":\"en-US\",\"@id\":\"https:\\\/\\\/manitusolar.ro\\\/produs\\\/k2-dome-speedporter-element-portant-mic-aluminiu-200x80x15-mm\\\/#primaryimage\",\"url\":\"https:\\\/\\\/manitusolar.ro\\\/wp-content\\\/uploads\\\/2024\\\/10\\\/2002300-MD01_1920x1920.jpg\",\"contentUrl\":\"https:\\\/\\\/manitusolar.ro\\\/wp-content\\\/uploads\\\/2024\\\/10\\\/2002300-MD01_1920x1920.jpg\",\"width\":1920,\"height\":1596},{\"@type\":\"BreadcrumbList\",\"@id\":\"https:\\\/\\\/manitusolar.ro\\\/produs\\\/k2-dome-speedporter-element-portant-mic-aluminiu-200x80x15-mm\\\/#breadcrumb\",\"itemListElement\":[{\"@type\":\"ListItem\",\"position\":1,\"name\":\"Home\",\"item\":\"https:\\\/\\\/manitusolar.ro\\\/\"},{\"@type\":\"ListItem\",\"position\":2,\"name\":\"Magazin B2B\",\"item\":\"https:\\\/\\\/manitusolar.ro\\\/shop\\\/\"},{\"@type\":\"ListItem\",\"position\":3,\"name\":\"K2 Dome SpeedPorter element portant mic aluminiu 200x80x15 mm\"}]},{\"@type\":\"WebSite\",\"@id\":\"https:\\\/\\\/manitusolar.ro\\\/#website\",\"url\":\"https:\\\/\\\/manitusolar.ro\\\/\",\"name\":\"Manitu Solar\",\"description\":\"Distribuitor fotovoltaice, importator direct de panouri si sisteme fotovoltaice\",\"publisher\":{\"@id\":\"https:\\\/\\\/manitusolar.ro\\\/#organization\"},\"potentialAction\":[{\"@type\":\"SearchAction\",\"target\":{\"@type\":\"EntryPoint\",\"urlTemplate\":\"https:\\\/\\\/manitusolar.ro\\\/?s={search_term_string}\"},\"query-input\":{\"@type\":\"PropertyValueSpecification\",\"valueRequired\":true,\"valueName\":\"search_term_string\"}}],\"inLanguage\":\"en-US\"},{\"@type\":\"Organization\",\"@id\":\"https:\\\/\\\/manitusolar.ro\\\/#organization\",\"name\":\"Manitu Solar\",\"url\":\"https:\\\/\\\/manitusolar.ro\\\/\",\"logo\":{\"@type\":\"ImageObject\",\"inLanguage\":\"en-US\",\"@id\":\"https:\\\/\\\/manitusolar.ro\\\/#\\\/schema\\\/logo\\\/image\\\/\",\"url\":\"https:\\\/\\\/manitusolar.ro\\\/wp-content\\\/uploads\\\/2024\\\/08\\\/manitu_solar_color.svg\",\"contentUrl\":\"https:\\\/\\\/manitusolar.ro\\\/wp-content\\\/uploads\\\/2024\\\/08\\\/manitu_solar_color.svg\",\"width\":280,\"height\":60,\"caption\":\"Manitu Solar\"},\"image\":{\"@id\":\"https:\\\/\\\/manitusolar.ro\\\/#\\\/schema\\\/logo\\\/image\\\/\"}}]}<\/script>\n<!-- \/ Yoast SEO plugin. -->","yoast_head_json":{"title":"K2 Dome SpeedPorter element portant mic aluminiu 200x80x15 mm - Manitu Solar","robots":{"index":"index","follow":"follow","max-snippet":"max-snippet:-1","max-image-preview":"max-image-preview:large","max-video-preview":"max-video-preview:-1"},"canonical":"https:\/\/manitusolar.ro\/en\/product\/k2-dome-speedporter-element-portant-mic-aluminiu-200x80x15-mm\/","og_locale":"en_US","og_type":"article","og_title":"K2 Dome SpeedPorter element portant mic aluminiu 200x80x15 mm - Manitu Solar","og_description":"Pentru montarea cu balast pentru sistemul de acoperi\u0219 plat K2 Dome 6 Classic. A\u0219eza\u021bi dou\u0103 SpeedPortere la distan\u021b\u0103 unul de cel\u0103lalt, \u00een func\u021bie de dimensiunea c\u0103r\u0103mizilor, pe BasicRail \u0219i pune\u021bi balast (p\u00e2n\u0103 la aprox. 40 kg) pe ele. Material: aluminiu Dimensiuni [mm]: 200x80x15 Balast maxim admisibil [kg]: 40 Lungimea modulului [mm]: Independent Sisteme de montare: [&hellip;]","og_url":"https:\/\/manitusolar.ro\/en\/product\/k2-dome-speedporter-element-portant-mic-aluminiu-200x80x15-mm\/","og_site_name":"Manitu Solar","article_modified_time":"2026-04-02T14:41:11+00:00","og_image":[{"width":1920,"height":1596,"url":"https:\/\/manitusolar.ro\/wp-content\/uploads\/2024\/10\/2002300-MD01_1920x1920.jpg","type":"image\/jpeg"}],"twitter_card":"summary_large_image","twitter_misc":{"Est. reading time":"1 minute"},"schema":{"@context":"https:\/\/schema.org","@graph":[{"@type":"WebPage","@id":"https:\/\/manitusolar.ro\/produs\/k2-dome-speedporter-element-portant-mic-aluminiu-200x80x15-mm\/","url":"https:\/\/manitusolar.ro\/produs\/k2-dome-speedporter-element-portant-mic-aluminiu-200x80x15-mm\/","name":"K2 Dome SpeedPorter element portant mic aluminiu 200x80x15 mm - Manitu Solar","isPartOf":{"@id":"https:\/\/manitusolar.ro\/#website"},"primaryImageOfPage":{"@id":"https:\/\/manitusolar.ro\/produs\/k2-dome-speedporter-element-portant-mic-aluminiu-200x80x15-mm\/#primaryimage"},"image":{"@id":"https:\/\/manitusolar.ro\/produs\/k2-dome-speedporter-element-portant-mic-aluminiu-200x80x15-mm\/#primaryimage"},"thumbnailUrl":"https:\/\/manitusolar.ro\/wp-content\/uploads\/2024\/10\/2002300-MD01_1920x1920.jpg","datePublished":"2024-10-15T08:32:15+00:00","dateModified":"2026-04-02T14:41:11+00:00","breadcrumb":{"@id":"https:\/\/manitusolar.ro\/produs\/k2-dome-speedporter-element-portant-mic-aluminiu-200x80x15-mm\/#breadcrumb"},"inLanguage":"en-US","potentialAction":[{"@type":"ReadAction","target":["https:\/\/manitusolar.ro\/produs\/k2-dome-speedporter-element-portant-mic-aluminiu-200x80x15-mm\/"]}]},{"@type":"ImageObject","inLanguage":"en-US","@id":"https:\/\/manitusolar.ro\/produs\/k2-dome-speedporter-element-portant-mic-aluminiu-200x80x15-mm\/#primaryimage","url":"https:\/\/manitusolar.ro\/wp-content\/uploads\/2024\/10\/2002300-MD01_1920x1920.jpg","contentUrl":"https:\/\/manitusolar.ro\/wp-content\/uploads\/2024\/10\/2002300-MD01_1920x1920.jpg","width":1920,"height":1596},{"@type":"BreadcrumbList","@id":"https:\/\/manitusolar.ro\/produs\/k2-dome-speedporter-element-portant-mic-aluminiu-200x80x15-mm\/#breadcrumb","itemListElement":[{"@type":"ListItem","position":1,"name":"Home","item":"https:\/\/manitusolar.ro\/"},{"@type":"ListItem","position":2,"name":"Magazin B2B","item":"https:\/\/manitusolar.ro\/shop\/"},{"@type":"ListItem","position":3,"name":"K2 Dome SpeedPorter element portant mic aluminiu 200x80x15 mm"}]},{"@type":"WebSite","@id":"https:\/\/manitusolar.ro\/#website","url":"https:\/\/manitusolar.ro\/","name":"Manitu Solar","description":"Distribuitor fotovoltaice, importator direct de panouri si sisteme fotovoltaice","publisher":{"@id":"https:\/\/manitusolar.ro\/#organization"},"potentialAction":[{"@type":"SearchAction","target":{"@type":"EntryPoint","urlTemplate":"https:\/\/manitusolar.ro\/?s={search_term_string}"},"query-input":{"@type":"PropertyValueSpecification","valueRequired":true,"valueName":"search_term_string"}}],"inLanguage":"en-US"},{"@type":"Organization","@id":"https:\/\/manitusolar.ro\/#organization","name":"Manitu Solar","url":"https:\/\/manitusolar.ro\/","logo":{"@type":"ImageObject","inLanguage":"en-US","@id":"https:\/\/manitusolar.ro\/#\/schema\/logo\/image\/","url":"https:\/\/manitusolar.ro\/wp-content\/uploads\/2024\/08\/manitu_solar_color.svg","contentUrl":"https:\/\/manitusolar.ro\/wp-content\/uploads\/2024\/08\/manitu_solar_color.svg","width":280,"height":60,"caption":"Manitu Solar"},"image":{"@id":"https:\/\/manitusolar.ro\/#\/schema\/logo\/image\/"}}]}},"_links":{"self":[{"href":"https:\/\/manitusolar.ro\/en\/wp-json\/wp\/v2\/product\/6745","targetHints":{"allow":["GET"]}}],"collection":[{"href":"https:\/\/manitusolar.ro\/en\/wp-json\/wp\/v2\/product"}],"about":[{"href":"https:\/\/manitusolar.ro\/en\/wp-json\/wp\/v2\/types\/product"}],"version-history":[{"count":4,"href":"https:\/\/manitusolar.ro\/en\/wp-json\/wp\/v2\/product\/6745\/revisions"}],"predecessor-version":[{"id":10081,"href":"https:\/\/manitusolar.ro\/en\/wp-json\/wp\/v2\/product\/6745\/revisions\/10081"}],"wp:featuredmedia":[{"embeddable":true,"href":"https:\/\/manitusolar.ro\/en\/wp-json\/wp\/v2\/media\/7764"}],"wp:attachment":[{"href":"https:\/\/manitusolar.ro\/en\/wp-json\/wp\/v2\/media?parent=6745"}],"wp:term":[{"taxonomy":"product_brand","embeddable":true,"href":"https:\/\/manitusolar.ro\/en\/wp-json\/wp\/v2\/product_brand?post=6745"},{"taxonomy":"product_cat","embeddable":true,"href":"https:\/\/manitusolar.ro\/en\/wp-json\/wp\/v2\/product_cat?post=6745"},{"taxonomy":"product_tag","embeddable":true,"href":"https:\/\/manitusolar.ro\/en\/wp-json\/wp\/v2\/product_tag?post=6745"}],"curies":[{"name":"wp","href":"https:\/\/api.w.org\/{rel}","templated":true}]}}