{"id":6801,"date":"2024-10-15T11:41:31","date_gmt":"2024-10-15T08:41:31","guid":{"rendered":"https:\/\/manitusolar.ro\/produs\/produs\/"},"modified":"2026-03-20T11:49:04","modified_gmt":"2026-03-20T09:49:04","slug":"k2-sina-de-montare-trapezoidala-k2-multirail-100mm","status":"publish","type":"product","link":"https:\/\/manitusolar.ro\/en\/product\/k2-sina-de-montare-trapezoidala-k2-multirail-100mm\/","title":{"rendered":"K2 MultiRail 10"},"content":{"rendered":"<div class=\"product-detail-description-text\"><span>Sina scurta cu confirmare statica in baza K2. Pentru montaj direct \u00een orientare peisaj pe acoperi\u0219uri din tabl\u0103. Lungime: 100 mm. Material: Aluminiu EN AW-6063 T66, EPDM<\/span><\/div>\n<div class=\"product-detail-properties\">\n<div class=\"row product-detail-properties-container\">\n<div class=\"col-12\">\n<table class=\"table\">\n<tbody>\n<tr class=\"properties-row\">\n<th class=\"properties-label\"><span>\u00cen\u0103l\u021bime [mm]:<\/span><\/th>\n<td class=\"properties-value\"><span>32<\/span><\/td>\n<\/tr>\n<tr class=\"properties-row\">\n<th class=\"properties-label\"><span>Lungime [m]:<\/span><\/th>\n<td class=\"properties-value\"><span>0,10<\/span><\/td>\n<\/tr>\n<tr class=\"properties-row\">\n<th class=\"properties-label\"><span>Sisteme de montare:<\/span><\/th>\n<td class=\"properties-value\"><span>Sistemul K2 MultiRail<\/span><\/td>\n<\/tr>\n<tr class=\"properties-row\">\n<th class=\"properties-label\"><span>Domeniul de aplicare:<\/span><\/th>\n<td class=\"properties-value\"><span>Acoperi\u0219 \u00eenclinat<\/span><\/td>\n<\/tr>\n<tr class=\"properties-row\">\n<th class=\"properties-label\"><span>Suprafa\u0163\u0103:<\/span><\/th>\n<td class=\"properties-value\"><span>Moara de aluminiu<\/span><\/td>\n<\/tr>\n<tr class=\"properties-row\">\n<th class=\"properties-label\"><span>Latime [mm]:<\/span><\/th>\n<td class=\"properties-value\"><span>39<\/span><\/td>\n<\/tr>\n<tr class=\"properties-row\">\n<th class=\"properties-label\"><span>Tip componente:<\/span><\/th>\n<td class=\"properties-value\"><span>Sina de montare<\/span><\/td>\n<\/tr>\n<tr class=\"properties-row\">\n<th class=\"properties-label\"><span>Material:<\/span><\/th>\n<td class=\"properties-value\"><span>Aluminiu EN AW 6063 T66, EPDM<\/span><\/td>\n<\/tr>\n<tr class=\"properties-row\">\n<th class=\"properties-label\"><span>Unitatea de v\u00e2nzare:<\/span><\/th>\n<td class=\"properties-value\"><span>25 bucat\u0103<\/span><\/td>\n<\/tr>\n<tr class=\"properties-row\">\n<th class=\"properties-label\"><span>Tip ambalaj:<\/span><\/th>\n<td class=\"properties-value\">\n<div><span>25 \/ Cutie<\/span><\/div>\n<div><span>5.000 \/ Palet<\/span><\/div>\n<\/td>\n<\/tr>\n<tr class=\"properties-row\">\n<th class=\"properties-label\"><span>Greutate:<\/span><\/th>\n<td class=\"properties-value\"><span>0,058 Kg<\/span><\/td>\n<\/tr>\n<\/tbody>\n<\/table>\n<\/div>\n<\/div>\n<\/div>\n","protected":false},"excerpt":{"rendered":"<p>Sina scurta cu confirmare statica in baza K2. Pentru montaj direct \u00een orientare peisaj pe acoperi\u0219uri din tabl\u0103. Lungime: 100 mm. Material: Aluminiu EN AW-6063 T66, EPDM \u00cen\u0103l\u021bime [mm]: 32 Lungime [m]: 0,10 Sisteme de montare: Sistemul K2 MultiRail Domeniul de aplicare: Acoperi\u0219 \u00eenclinat Suprafa\u0163\u0103: Moara de aluminiu Latime [mm]: 39 Tip componente: Sina de [&hellip;]<\/p>\n","protected":false},"featured_media":7735,"template":"","meta":[],"product_brand":[],"product_cat":[23],"product_tag":[],"class_list":{"0":"post-6801","1":"product","2":"type-product","3":"status-publish","4":"has-post-thumbnail","6":"product_cat-structuri-fotovoltaice-k2","8":"first","9":"outofstock","10":"taxable","11":"shipping-taxable","12":"purchasable","13":"product-type-simple"},"yoast_head":"<!-- This site is optimized with the Yoast SEO plugin v27.3 - https:\/\/yoast.com\/product\/yoast-seo-wordpress\/ -->\n<title>K2 MultiRail 10 - Manitu Solar<\/title>\n<meta name=\"robots\" content=\"index, follow, max-snippet:-1, max-image-preview:large, max-video-preview:-1\" \/>\n<link rel=\"canonical\" href=\"https:\/\/manitusolar.ro\/en\/product\/k2-sina-de-montare-trapezoidala-k2-multirail-100mm\/\" \/>\n<meta property=\"og:locale\" content=\"en_US\" \/>\n<meta property=\"og:type\" content=\"article\" \/>\n<meta property=\"og:title\" content=\"K2 MultiRail 10 - Manitu Solar\" \/>\n<meta property=\"og:description\" content=\"Sina scurta cu confirmare statica in baza K2. Pentru montaj direct \u00een orientare peisaj pe acoperi\u0219uri din tabl\u0103. Lungime: 100 mm. Material: Aluminiu EN AW-6063 T66, EPDM \u00cen\u0103l\u021bime [mm]: 32 Lungime [m]: 0,10 Sisteme de montare: Sistemul K2 MultiRail Domeniul de aplicare: Acoperi\u0219 \u00eenclinat Suprafa\u0163\u0103: Moara de aluminiu Latime [mm]: 39 Tip componente: Sina de [&hellip;]\" \/>\n<meta property=\"og:url\" content=\"https:\/\/manitusolar.ro\/en\/product\/k2-sina-de-montare-trapezoidala-k2-multirail-100mm\/\" \/>\n<meta property=\"og:site_name\" content=\"Manitu Solar\" \/>\n<meta property=\"article:modified_time\" content=\"2026-03-20T09:49:04+00:00\" \/>\n<meta property=\"og:image\" content=\"https:\/\/manitusolar.ro\/wp-content\/uploads\/2024\/10\/2001300-MD01_1920x1920.jpg\" \/>\n\t<meta property=\"og:image:width\" content=\"510\" \/>\n\t<meta property=\"og:image:height\" content=\"527\" \/>\n\t<meta property=\"og:image:type\" content=\"image\/jpeg\" \/>\n<meta name=\"twitter:card\" content=\"summary_large_image\" \/>\n<script type=\"application\/ld+json\" class=\"yoast-schema-graph\">{\"@context\":\"https:\\\/\\\/schema.org\",\"@graph\":[{\"@type\":\"WebPage\",\"@id\":\"https:\\\/\\\/manitusolar.ro\\\/produs\\\/k2-sina-de-montare-trapezoidala-k2-multirail-100mm\\\/\",\"url\":\"https:\\\/\\\/manitusolar.ro\\\/produs\\\/k2-sina-de-montare-trapezoidala-k2-multirail-100mm\\\/\",\"name\":\"K2 MultiRail 10 - Manitu Solar\",\"isPartOf\":{\"@id\":\"https:\\\/\\\/manitusolar.ro\\\/#website\"},\"primaryImageOfPage\":{\"@id\":\"https:\\\/\\\/manitusolar.ro\\\/produs\\\/k2-sina-de-montare-trapezoidala-k2-multirail-100mm\\\/#primaryimage\"},\"image\":{\"@id\":\"https:\\\/\\\/manitusolar.ro\\\/produs\\\/k2-sina-de-montare-trapezoidala-k2-multirail-100mm\\\/#primaryimage\"},\"thumbnailUrl\":\"https:\\\/\\\/manitusolar.ro\\\/wp-content\\\/uploads\\\/2024\\\/10\\\/2001300-MD01_1920x1920.jpg\",\"datePublished\":\"2024-10-15T08:41:31+00:00\",\"dateModified\":\"2026-03-20T09:49:04+00:00\",\"breadcrumb\":{\"@id\":\"https:\\\/\\\/manitusolar.ro\\\/produs\\\/k2-sina-de-montare-trapezoidala-k2-multirail-100mm\\\/#breadcrumb\"},\"inLanguage\":\"en-US\",\"potentialAction\":[{\"@type\":\"ReadAction\",\"target\":[\"https:\\\/\\\/manitusolar.ro\\\/produs\\\/k2-sina-de-montare-trapezoidala-k2-multirail-100mm\\\/\"]}]},{\"@type\":\"ImageObject\",\"inLanguage\":\"en-US\",\"@id\":\"https:\\\/\\\/manitusolar.ro\\\/produs\\\/k2-sina-de-montare-trapezoidala-k2-multirail-100mm\\\/#primaryimage\",\"url\":\"https:\\\/\\\/manitusolar.ro\\\/wp-content\\\/uploads\\\/2024\\\/10\\\/2001300-MD01_1920x1920.jpg\",\"contentUrl\":\"https:\\\/\\\/manitusolar.ro\\\/wp-content\\\/uploads\\\/2024\\\/10\\\/2001300-MD01_1920x1920.jpg\",\"width\":510,\"height\":527},{\"@type\":\"BreadcrumbList\",\"@id\":\"https:\\\/\\\/manitusolar.ro\\\/produs\\\/k2-sina-de-montare-trapezoidala-k2-multirail-100mm\\\/#breadcrumb\",\"itemListElement\":[{\"@type\":\"ListItem\",\"position\":1,\"name\":\"Home\",\"item\":\"https:\\\/\\\/manitusolar.ro\\\/\"},{\"@type\":\"ListItem\",\"position\":2,\"name\":\"Magazin B2B\",\"item\":\"https:\\\/\\\/manitusolar.ro\\\/shop\\\/\"},{\"@type\":\"ListItem\",\"position\":3,\"name\":\"K2 MultiRail 10\"}]},{\"@type\":\"WebSite\",\"@id\":\"https:\\\/\\\/manitusolar.ro\\\/#website\",\"url\":\"https:\\\/\\\/manitusolar.ro\\\/\",\"name\":\"Manitu Solar\",\"description\":\"Distribuitor fotovoltaice, importator direct de panouri si sisteme fotovoltaice\",\"publisher\":{\"@id\":\"https:\\\/\\\/manitusolar.ro\\\/#organization\"},\"potentialAction\":[{\"@type\":\"SearchAction\",\"target\":{\"@type\":\"EntryPoint\",\"urlTemplate\":\"https:\\\/\\\/manitusolar.ro\\\/?s={search_term_string}\"},\"query-input\":{\"@type\":\"PropertyValueSpecification\",\"valueRequired\":true,\"valueName\":\"search_term_string\"}}],\"inLanguage\":\"en-US\"},{\"@type\":\"Organization\",\"@id\":\"https:\\\/\\\/manitusolar.ro\\\/#organization\",\"name\":\"Manitu Solar\",\"url\":\"https:\\\/\\\/manitusolar.ro\\\/\",\"logo\":{\"@type\":\"ImageObject\",\"inLanguage\":\"en-US\",\"@id\":\"https:\\\/\\\/manitusolar.ro\\\/#\\\/schema\\\/logo\\\/image\\\/\",\"url\":\"https:\\\/\\\/manitusolar.ro\\\/wp-content\\\/uploads\\\/2024\\\/08\\\/manitu_solar_color.svg\",\"contentUrl\":\"https:\\\/\\\/manitusolar.ro\\\/wp-content\\\/uploads\\\/2024\\\/08\\\/manitu_solar_color.svg\",\"width\":280,\"height\":60,\"caption\":\"Manitu Solar\"},\"image\":{\"@id\":\"https:\\\/\\\/manitusolar.ro\\\/#\\\/schema\\\/logo\\\/image\\\/\"}}]}<\/script>\n<!-- \/ Yoast SEO plugin. -->","yoast_head_json":{"title":"K2 MultiRail 10 - Manitu Solar","robots":{"index":"index","follow":"follow","max-snippet":"max-snippet:-1","max-image-preview":"max-image-preview:large","max-video-preview":"max-video-preview:-1"},"canonical":"https:\/\/manitusolar.ro\/en\/product\/k2-sina-de-montare-trapezoidala-k2-multirail-100mm\/","og_locale":"en_US","og_type":"article","og_title":"K2 MultiRail 10 - Manitu Solar","og_description":"Sina scurta cu confirmare statica in baza K2. Pentru montaj direct \u00een orientare peisaj pe acoperi\u0219uri din tabl\u0103. Lungime: 100 mm. Material: Aluminiu EN AW-6063 T66, EPDM \u00cen\u0103l\u021bime [mm]: 32 Lungime [m]: 0,10 Sisteme de montare: Sistemul K2 MultiRail Domeniul de aplicare: Acoperi\u0219 \u00eenclinat Suprafa\u0163\u0103: Moara de aluminiu Latime [mm]: 39 Tip componente: Sina de [&hellip;]","og_url":"https:\/\/manitusolar.ro\/en\/product\/k2-sina-de-montare-trapezoidala-k2-multirail-100mm\/","og_site_name":"Manitu Solar","article_modified_time":"2026-03-20T09:49:04+00:00","og_image":[{"width":510,"height":527,"url":"https:\/\/manitusolar.ro\/wp-content\/uploads\/2024\/10\/2001300-MD01_1920x1920.jpg","type":"image\/jpeg"}],"twitter_card":"summary_large_image","schema":{"@context":"https:\/\/schema.org","@graph":[{"@type":"WebPage","@id":"https:\/\/manitusolar.ro\/produs\/k2-sina-de-montare-trapezoidala-k2-multirail-100mm\/","url":"https:\/\/manitusolar.ro\/produs\/k2-sina-de-montare-trapezoidala-k2-multirail-100mm\/","name":"K2 MultiRail 10 - Manitu Solar","isPartOf":{"@id":"https:\/\/manitusolar.ro\/#website"},"primaryImageOfPage":{"@id":"https:\/\/manitusolar.ro\/produs\/k2-sina-de-montare-trapezoidala-k2-multirail-100mm\/#primaryimage"},"image":{"@id":"https:\/\/manitusolar.ro\/produs\/k2-sina-de-montare-trapezoidala-k2-multirail-100mm\/#primaryimage"},"thumbnailUrl":"https:\/\/manitusolar.ro\/wp-content\/uploads\/2024\/10\/2001300-MD01_1920x1920.jpg","datePublished":"2024-10-15T08:41:31+00:00","dateModified":"2026-03-20T09:49:04+00:00","breadcrumb":{"@id":"https:\/\/manitusolar.ro\/produs\/k2-sina-de-montare-trapezoidala-k2-multirail-100mm\/#breadcrumb"},"inLanguage":"en-US","potentialAction":[{"@type":"ReadAction","target":["https:\/\/manitusolar.ro\/produs\/k2-sina-de-montare-trapezoidala-k2-multirail-100mm\/"]}]},{"@type":"ImageObject","inLanguage":"en-US","@id":"https:\/\/manitusolar.ro\/produs\/k2-sina-de-montare-trapezoidala-k2-multirail-100mm\/#primaryimage","url":"https:\/\/manitusolar.ro\/wp-content\/uploads\/2024\/10\/2001300-MD01_1920x1920.jpg","contentUrl":"https:\/\/manitusolar.ro\/wp-content\/uploads\/2024\/10\/2001300-MD01_1920x1920.jpg","width":510,"height":527},{"@type":"BreadcrumbList","@id":"https:\/\/manitusolar.ro\/produs\/k2-sina-de-montare-trapezoidala-k2-multirail-100mm\/#breadcrumb","itemListElement":[{"@type":"ListItem","position":1,"name":"Home","item":"https:\/\/manitusolar.ro\/"},{"@type":"ListItem","position":2,"name":"Magazin B2B","item":"https:\/\/manitusolar.ro\/shop\/"},{"@type":"ListItem","position":3,"name":"K2 MultiRail 10"}]},{"@type":"WebSite","@id":"https:\/\/manitusolar.ro\/#website","url":"https:\/\/manitusolar.ro\/","name":"Manitu Solar","description":"Distribuitor fotovoltaice, importator direct de panouri si sisteme fotovoltaice","publisher":{"@id":"https:\/\/manitusolar.ro\/#organization"},"potentialAction":[{"@type":"SearchAction","target":{"@type":"EntryPoint","urlTemplate":"https:\/\/manitusolar.ro\/?s={search_term_string}"},"query-input":{"@type":"PropertyValueSpecification","valueRequired":true,"valueName":"search_term_string"}}],"inLanguage":"en-US"},{"@type":"Organization","@id":"https:\/\/manitusolar.ro\/#organization","name":"Manitu Solar","url":"https:\/\/manitusolar.ro\/","logo":{"@type":"ImageObject","inLanguage":"en-US","@id":"https:\/\/manitusolar.ro\/#\/schema\/logo\/image\/","url":"https:\/\/manitusolar.ro\/wp-content\/uploads\/2024\/08\/manitu_solar_color.svg","contentUrl":"https:\/\/manitusolar.ro\/wp-content\/uploads\/2024\/08\/manitu_solar_color.svg","width":280,"height":60,"caption":"Manitu Solar"},"image":{"@id":"https:\/\/manitusolar.ro\/#\/schema\/logo\/image\/"}}]}},"_links":{"self":[{"href":"https:\/\/manitusolar.ro\/en\/wp-json\/wp\/v2\/product\/6801","targetHints":{"allow":["GET"]}}],"collection":[{"href":"https:\/\/manitusolar.ro\/en\/wp-json\/wp\/v2\/product"}],"about":[{"href":"https:\/\/manitusolar.ro\/en\/wp-json\/wp\/v2\/types\/product"}],"version-history":[{"count":3,"href":"https:\/\/manitusolar.ro\/en\/wp-json\/wp\/v2\/product\/6801\/revisions"}],"predecessor-version":[{"id":10086,"href":"https:\/\/manitusolar.ro\/en\/wp-json\/wp\/v2\/product\/6801\/revisions\/10086"}],"wp:featuredmedia":[{"embeddable":true,"href":"https:\/\/manitusolar.ro\/en\/wp-json\/wp\/v2\/media\/7735"}],"wp:attachment":[{"href":"https:\/\/manitusolar.ro\/en\/wp-json\/wp\/v2\/media?parent=6801"}],"wp:term":[{"taxonomy":"product_brand","embeddable":true,"href":"https:\/\/manitusolar.ro\/en\/wp-json\/wp\/v2\/product_brand?post=6801"},{"taxonomy":"product_cat","embeddable":true,"href":"https:\/\/manitusolar.ro\/en\/wp-json\/wp\/v2\/product_cat?post=6801"},{"taxonomy":"product_tag","embeddable":true,"href":"https:\/\/manitusolar.ro\/en\/wp-json\/wp\/v2\/product_tag?post=6801"}],"curies":[{"name":"wp","href":"https:\/\/api.w.org\/{rel}","templated":true}]}}