{"id":6829,"date":"2024-10-15T11:49:28","date_gmt":"2024-10-15T08:49:28","guid":{"rendered":"https:\/\/manitusolar.ro\/produs\/produs\/"},"modified":"2026-03-06T11:01:13","modified_gmt":"2026-03-06T09:01:13","slug":"k2-element-de-fixare-pentru-tabla-faltuita-cu-grosimea-ondulata-de-pana-la-14-mm-latime-placa-adaptoare-este-necesara-separat","status":"publish","type":"product","link":"https:\/\/manitusolar.ro\/en\/product\/k2-element-de-fixare-pentru-tabla-faltuita-cu-grosimea-ondulata-de-pana-la-14-mm-latime-placa-adaptoare-este-necesara-separat\/","title":{"rendered":"K2 Element fixare pentru acoperi\u0219 ondulat, grosime p\u00e2n\u0103 la 14 mm l\u0103\u021bime"},"content":{"rendered":"<div class=\"product-detail-description-text\"><span>Clem\u0103 de cus\u0103tur\u0103 pentru fixarea K2 SolidRail pe acoperi\u0219uri cu cus\u0103turi cu cus\u0103tur\u0103 \u00een unghi sau cus\u0103tur\u0103 prin \u00eenchidere. Articolul K2 Placa adaptoare M10 (2002544) este necesar\u0103 pentru montarea pe \u0219in\u0103. Material: Clema: Aluminiu; \u0218uruburi: o\u021bel inoxidabil A2<\/span><\/div>\n<div><\/div>\n<div class=\"product-detail-properties\">\n<div class=\"row product-detail-properties-container\">\n<div class=\"col-12\">\n<table class=\"table\">\n<tbody>\n<tr class=\"properties-row\">\n<th class=\"properties-label\"><span>Sisteme de montare:<\/span><\/th>\n<td class=\"properties-value\"><span>Sistemul SolidRail K2<\/span><\/td>\n<\/tr>\n<tr class=\"properties-row\">\n<th class=\"properties-label\"><span>L\u0103\u021bimea deschiderii [mm]:<\/span><\/th>\n<td class=\"properties-value\"><span>14<\/span><\/td>\n<\/tr>\n<tr class=\"properties-row\">\n<th class=\"properties-label\"><span>Domeniul de aplicare:<\/span><\/th>\n<td class=\"properties-value\"><span>Acoperi\u0219 \u00eenclinat<\/span><\/td>\n<\/tr>\n<tr class=\"properties-row\">\n<th class=\"properties-label\"><span>Tip cus\u0103tur\u0103 tabl\u0103:<\/span><\/th>\n<td class=\"properties-value\"><span>Cus\u0103tur\u0103 unghiular\u0103\u00a0<\/span><span>, cus\u0103tur\u0103 snap<\/span><\/td>\n<\/tr>\n<tr class=\"properties-row\">\n<th class=\"properties-label\"><span>Tip componente:<\/span><\/th>\n<td class=\"properties-value\"><span>Cleme de cus\u0103tur\u0103<\/span><\/td>\n<\/tr>\n<tr class=\"properties-row\">\n<th class=\"properties-label\"><span>Material:<\/span><\/th>\n<td class=\"properties-value\"><span>Aluminiu, o\u021bel inoxidabil<\/span><\/td>\n<\/tr>\n<tr class=\"properties-row\">\n<th class=\"properties-label\"><span>Unitatea de v\u00e2nzare:<\/span><\/th>\n<td class=\"properties-value\"><span>1 bucat\u0103<\/span><\/td>\n<\/tr>\n<tr class=\"properties-row\">\n<th class=\"properties-label\"><span>Tip ambalaj:<\/span><\/th>\n<td class=\"properties-value\">\n<div><span>250 \/ Cutie<\/span><\/div>\n<div><span>10.000 \/ Palet<\/span><\/div>\n<\/td>\n<\/tr>\n<tr class=\"properties-row\">\n<th class=\"properties-label\"><span>Greutate:<\/span><\/th>\n<td class=\"properties-value\"><span>0,05 kg<\/span><\/td>\n<\/tr>\n<\/tbody>\n<\/table>\n<\/div>\n<\/div>\n<\/div>\n","protected":false},"excerpt":{"rendered":"<p>Clem\u0103 de cus\u0103tur\u0103 pentru fixarea K2 SolidRail pe acoperi\u0219uri cu cus\u0103turi cu cus\u0103tur\u0103 \u00een unghi sau cus\u0103tur\u0103 prin \u00eenchidere. Articolul K2 Placa adaptoare M10 (2002544) este necesar\u0103 pentru montarea pe \u0219in\u0103. Material: Clema: Aluminiu; \u0218uruburi: o\u021bel inoxidabil A2 Sisteme de montare: Sistemul SolidRail K2 L\u0103\u021bimea deschiderii [mm]: 14 Domeniul de aplicare: Acoperi\u0219 \u00eenclinat Tip cus\u0103tur\u0103 [&hellip;]<\/p>\n","protected":false},"featured_media":7711,"template":"","meta":[],"product_brand":[],"product_cat":[23],"product_tag":[],"class_list":{"0":"post-6829","1":"product","2":"type-product","3":"status-publish","4":"has-post-thumbnail","6":"product_cat-structuri-fotovoltaice-k2","8":"first","9":"outofstock","10":"taxable","11":"shipping-taxable","12":"purchasable","13":"product-type-simple"},"yoast_head":"<!-- This site is optimized with the Yoast SEO plugin v27.3 - https:\/\/yoast.com\/product\/yoast-seo-wordpress\/ -->\n<title>K2 Element fixare pentru acoperi\u0219 ondulat, grosime p\u00e2n\u0103 la 14 mm l\u0103\u021bime - Manitu Solar<\/title>\n<meta name=\"robots\" content=\"index, follow, max-snippet:-1, max-image-preview:large, max-video-preview:-1\" \/>\n<link rel=\"canonical\" href=\"https:\/\/manitusolar.ro\/en\/product\/k2-element-de-fixare-pentru-tabla-faltuita-cu-grosimea-ondulata-de-pana-la-14-mm-latime-placa-adaptoare-este-necesara-separat\/\" \/>\n<meta property=\"og:locale\" content=\"en_US\" \/>\n<meta property=\"og:type\" content=\"article\" \/>\n<meta property=\"og:title\" content=\"K2 Element fixare pentru acoperi\u0219 ondulat, grosime p\u00e2n\u0103 la 14 mm l\u0103\u021bime - Manitu Solar\" \/>\n<meta property=\"og:description\" content=\"Clem\u0103 de cus\u0103tur\u0103 pentru fixarea K2 SolidRail pe acoperi\u0219uri cu cus\u0103turi cu cus\u0103tur\u0103 \u00een unghi sau cus\u0103tur\u0103 prin \u00eenchidere. Articolul K2 Placa adaptoare M10 (2002544) este necesar\u0103 pentru montarea pe \u0219in\u0103. Material: Clema: Aluminiu; \u0218uruburi: o\u021bel inoxidabil A2 Sisteme de montare: Sistemul SolidRail K2 L\u0103\u021bimea deschiderii [mm]: 14 Domeniul de aplicare: Acoperi\u0219 \u00eenclinat Tip cus\u0103tur\u0103 [&hellip;]\" \/>\n<meta property=\"og:url\" content=\"https:\/\/manitusolar.ro\/en\/product\/k2-element-de-fixare-pentru-tabla-faltuita-cu-grosimea-ondulata-de-pana-la-14-mm-latime-placa-adaptoare-este-necesara-separat\/\" \/>\n<meta property=\"og:site_name\" content=\"Manitu Solar\" \/>\n<meta property=\"article:modified_time\" content=\"2026-03-06T09:01:13+00:00\" \/>\n<meta property=\"og:image\" content=\"https:\/\/manitusolar.ro\/wp-content\/uploads\/2024\/10\/2003082-MD01_1920x1920.jpg\" \/>\n\t<meta property=\"og:image:width\" content=\"896\" \/>\n\t<meta property=\"og:image:height\" content=\"988\" \/>\n\t<meta property=\"og:image:type\" content=\"image\/jpeg\" \/>\n<meta name=\"twitter:card\" content=\"summary_large_image\" \/>\n<script type=\"application\/ld+json\" class=\"yoast-schema-graph\">{\"@context\":\"https:\\\/\\\/schema.org\",\"@graph\":[{\"@type\":\"WebPage\",\"@id\":\"https:\\\/\\\/manitusolar.ro\\\/produs\\\/k2-element-de-fixare-pentru-tabla-faltuita-cu-grosimea-ondulata-de-pana-la-14-mm-latime-placa-adaptoare-este-necesara-separat\\\/\",\"url\":\"https:\\\/\\\/manitusolar.ro\\\/produs\\\/k2-element-de-fixare-pentru-tabla-faltuita-cu-grosimea-ondulata-de-pana-la-14-mm-latime-placa-adaptoare-este-necesara-separat\\\/\",\"name\":\"K2 Element fixare pentru acoperi\u0219 ondulat, grosime p\u00e2n\u0103 la 14 mm l\u0103\u021bime - Manitu Solar\",\"isPartOf\":{\"@id\":\"https:\\\/\\\/manitusolar.ro\\\/#website\"},\"primaryImageOfPage\":{\"@id\":\"https:\\\/\\\/manitusolar.ro\\\/produs\\\/k2-element-de-fixare-pentru-tabla-faltuita-cu-grosimea-ondulata-de-pana-la-14-mm-latime-placa-adaptoare-este-necesara-separat\\\/#primaryimage\"},\"image\":{\"@id\":\"https:\\\/\\\/manitusolar.ro\\\/produs\\\/k2-element-de-fixare-pentru-tabla-faltuita-cu-grosimea-ondulata-de-pana-la-14-mm-latime-placa-adaptoare-este-necesara-separat\\\/#primaryimage\"},\"thumbnailUrl\":\"https:\\\/\\\/manitusolar.ro\\\/wp-content\\\/uploads\\\/2024\\\/10\\\/2003082-MD01_1920x1920.jpg\",\"datePublished\":\"2024-10-15T08:49:28+00:00\",\"dateModified\":\"2026-03-06T09:01:13+00:00\",\"breadcrumb\":{\"@id\":\"https:\\\/\\\/manitusolar.ro\\\/produs\\\/k2-element-de-fixare-pentru-tabla-faltuita-cu-grosimea-ondulata-de-pana-la-14-mm-latime-placa-adaptoare-este-necesara-separat\\\/#breadcrumb\"},\"inLanguage\":\"en-US\",\"potentialAction\":[{\"@type\":\"ReadAction\",\"target\":[\"https:\\\/\\\/manitusolar.ro\\\/produs\\\/k2-element-de-fixare-pentru-tabla-faltuita-cu-grosimea-ondulata-de-pana-la-14-mm-latime-placa-adaptoare-este-necesara-separat\\\/\"]}]},{\"@type\":\"ImageObject\",\"inLanguage\":\"en-US\",\"@id\":\"https:\\\/\\\/manitusolar.ro\\\/produs\\\/k2-element-de-fixare-pentru-tabla-faltuita-cu-grosimea-ondulata-de-pana-la-14-mm-latime-placa-adaptoare-este-necesara-separat\\\/#primaryimage\",\"url\":\"https:\\\/\\\/manitusolar.ro\\\/wp-content\\\/uploads\\\/2024\\\/10\\\/2003082-MD01_1920x1920.jpg\",\"contentUrl\":\"https:\\\/\\\/manitusolar.ro\\\/wp-content\\\/uploads\\\/2024\\\/10\\\/2003082-MD01_1920x1920.jpg\",\"width\":896,\"height\":988},{\"@type\":\"BreadcrumbList\",\"@id\":\"https:\\\/\\\/manitusolar.ro\\\/produs\\\/k2-element-de-fixare-pentru-tabla-faltuita-cu-grosimea-ondulata-de-pana-la-14-mm-latime-placa-adaptoare-este-necesara-separat\\\/#breadcrumb\",\"itemListElement\":[{\"@type\":\"ListItem\",\"position\":1,\"name\":\"Home\",\"item\":\"https:\\\/\\\/manitusolar.ro\\\/\"},{\"@type\":\"ListItem\",\"position\":2,\"name\":\"Magazin B2B\",\"item\":\"https:\\\/\\\/manitusolar.ro\\\/shop\\\/\"},{\"@type\":\"ListItem\",\"position\":3,\"name\":\"K2 Element fixare pentru acoperi\u0219 ondulat, grosime p\u00e2n\u0103 la 14 mm l\u0103\u021bime\"}]},{\"@type\":\"WebSite\",\"@id\":\"https:\\\/\\\/manitusolar.ro\\\/#website\",\"url\":\"https:\\\/\\\/manitusolar.ro\\\/\",\"name\":\"Manitu Solar\",\"description\":\"Distribuitor fotovoltaice, importator direct de panouri si sisteme fotovoltaice\",\"publisher\":{\"@id\":\"https:\\\/\\\/manitusolar.ro\\\/#organization\"},\"potentialAction\":[{\"@type\":\"SearchAction\",\"target\":{\"@type\":\"EntryPoint\",\"urlTemplate\":\"https:\\\/\\\/manitusolar.ro\\\/?s={search_term_string}\"},\"query-input\":{\"@type\":\"PropertyValueSpecification\",\"valueRequired\":true,\"valueName\":\"search_term_string\"}}],\"inLanguage\":\"en-US\"},{\"@type\":\"Organization\",\"@id\":\"https:\\\/\\\/manitusolar.ro\\\/#organization\",\"name\":\"Manitu Solar\",\"url\":\"https:\\\/\\\/manitusolar.ro\\\/\",\"logo\":{\"@type\":\"ImageObject\",\"inLanguage\":\"en-US\",\"@id\":\"https:\\\/\\\/manitusolar.ro\\\/#\\\/schema\\\/logo\\\/image\\\/\",\"url\":\"https:\\\/\\\/manitusolar.ro\\\/wp-content\\\/uploads\\\/2024\\\/08\\\/manitu_solar_color.svg\",\"contentUrl\":\"https:\\\/\\\/manitusolar.ro\\\/wp-content\\\/uploads\\\/2024\\\/08\\\/manitu_solar_color.svg\",\"width\":280,\"height\":60,\"caption\":\"Manitu Solar\"},\"image\":{\"@id\":\"https:\\\/\\\/manitusolar.ro\\\/#\\\/schema\\\/logo\\\/image\\\/\"}}]}<\/script>\n<!-- \/ Yoast SEO plugin. -->","yoast_head_json":{"title":"K2 Element fixare pentru acoperi\u0219 ondulat, grosime p\u00e2n\u0103 la 14 mm l\u0103\u021bime - Manitu Solar","robots":{"index":"index","follow":"follow","max-snippet":"max-snippet:-1","max-image-preview":"max-image-preview:large","max-video-preview":"max-video-preview:-1"},"canonical":"https:\/\/manitusolar.ro\/en\/product\/k2-element-de-fixare-pentru-tabla-faltuita-cu-grosimea-ondulata-de-pana-la-14-mm-latime-placa-adaptoare-este-necesara-separat\/","og_locale":"en_US","og_type":"article","og_title":"K2 Element fixare pentru acoperi\u0219 ondulat, grosime p\u00e2n\u0103 la 14 mm l\u0103\u021bime - Manitu Solar","og_description":"Clem\u0103 de cus\u0103tur\u0103 pentru fixarea K2 SolidRail pe acoperi\u0219uri cu cus\u0103turi cu cus\u0103tur\u0103 \u00een unghi sau cus\u0103tur\u0103 prin \u00eenchidere. Articolul K2 Placa adaptoare M10 (2002544) este necesar\u0103 pentru montarea pe \u0219in\u0103. Material: Clema: Aluminiu; \u0218uruburi: o\u021bel inoxidabil A2 Sisteme de montare: Sistemul SolidRail K2 L\u0103\u021bimea deschiderii [mm]: 14 Domeniul de aplicare: Acoperi\u0219 \u00eenclinat Tip cus\u0103tur\u0103 [&hellip;]","og_url":"https:\/\/manitusolar.ro\/en\/product\/k2-element-de-fixare-pentru-tabla-faltuita-cu-grosimea-ondulata-de-pana-la-14-mm-latime-placa-adaptoare-este-necesara-separat\/","og_site_name":"Manitu Solar","article_modified_time":"2026-03-06T09:01:13+00:00","og_image":[{"width":896,"height":988,"url":"https:\/\/manitusolar.ro\/wp-content\/uploads\/2024\/10\/2003082-MD01_1920x1920.jpg","type":"image\/jpeg"}],"twitter_card":"summary_large_image","schema":{"@context":"https:\/\/schema.org","@graph":[{"@type":"WebPage","@id":"https:\/\/manitusolar.ro\/produs\/k2-element-de-fixare-pentru-tabla-faltuita-cu-grosimea-ondulata-de-pana-la-14-mm-latime-placa-adaptoare-este-necesara-separat\/","url":"https:\/\/manitusolar.ro\/produs\/k2-element-de-fixare-pentru-tabla-faltuita-cu-grosimea-ondulata-de-pana-la-14-mm-latime-placa-adaptoare-este-necesara-separat\/","name":"K2 Element fixare pentru acoperi\u0219 ondulat, grosime p\u00e2n\u0103 la 14 mm l\u0103\u021bime - Manitu Solar","isPartOf":{"@id":"https:\/\/manitusolar.ro\/#website"},"primaryImageOfPage":{"@id":"https:\/\/manitusolar.ro\/produs\/k2-element-de-fixare-pentru-tabla-faltuita-cu-grosimea-ondulata-de-pana-la-14-mm-latime-placa-adaptoare-este-necesara-separat\/#primaryimage"},"image":{"@id":"https:\/\/manitusolar.ro\/produs\/k2-element-de-fixare-pentru-tabla-faltuita-cu-grosimea-ondulata-de-pana-la-14-mm-latime-placa-adaptoare-este-necesara-separat\/#primaryimage"},"thumbnailUrl":"https:\/\/manitusolar.ro\/wp-content\/uploads\/2024\/10\/2003082-MD01_1920x1920.jpg","datePublished":"2024-10-15T08:49:28+00:00","dateModified":"2026-03-06T09:01:13+00:00","breadcrumb":{"@id":"https:\/\/manitusolar.ro\/produs\/k2-element-de-fixare-pentru-tabla-faltuita-cu-grosimea-ondulata-de-pana-la-14-mm-latime-placa-adaptoare-este-necesara-separat\/#breadcrumb"},"inLanguage":"en-US","potentialAction":[{"@type":"ReadAction","target":["https:\/\/manitusolar.ro\/produs\/k2-element-de-fixare-pentru-tabla-faltuita-cu-grosimea-ondulata-de-pana-la-14-mm-latime-placa-adaptoare-este-necesara-separat\/"]}]},{"@type":"ImageObject","inLanguage":"en-US","@id":"https:\/\/manitusolar.ro\/produs\/k2-element-de-fixare-pentru-tabla-faltuita-cu-grosimea-ondulata-de-pana-la-14-mm-latime-placa-adaptoare-este-necesara-separat\/#primaryimage","url":"https:\/\/manitusolar.ro\/wp-content\/uploads\/2024\/10\/2003082-MD01_1920x1920.jpg","contentUrl":"https:\/\/manitusolar.ro\/wp-content\/uploads\/2024\/10\/2003082-MD01_1920x1920.jpg","width":896,"height":988},{"@type":"BreadcrumbList","@id":"https:\/\/manitusolar.ro\/produs\/k2-element-de-fixare-pentru-tabla-faltuita-cu-grosimea-ondulata-de-pana-la-14-mm-latime-placa-adaptoare-este-necesara-separat\/#breadcrumb","itemListElement":[{"@type":"ListItem","position":1,"name":"Home","item":"https:\/\/manitusolar.ro\/"},{"@type":"ListItem","position":2,"name":"Magazin B2B","item":"https:\/\/manitusolar.ro\/shop\/"},{"@type":"ListItem","position":3,"name":"K2 Element fixare pentru acoperi\u0219 ondulat, grosime p\u00e2n\u0103 la 14 mm l\u0103\u021bime"}]},{"@type":"WebSite","@id":"https:\/\/manitusolar.ro\/#website","url":"https:\/\/manitusolar.ro\/","name":"Manitu Solar","description":"Distribuitor fotovoltaice, importator direct de panouri si sisteme fotovoltaice","publisher":{"@id":"https:\/\/manitusolar.ro\/#organization"},"potentialAction":[{"@type":"SearchAction","target":{"@type":"EntryPoint","urlTemplate":"https:\/\/manitusolar.ro\/?s={search_term_string}"},"query-input":{"@type":"PropertyValueSpecification","valueRequired":true,"valueName":"search_term_string"}}],"inLanguage":"en-US"},{"@type":"Organization","@id":"https:\/\/manitusolar.ro\/#organization","name":"Manitu Solar","url":"https:\/\/manitusolar.ro\/","logo":{"@type":"ImageObject","inLanguage":"en-US","@id":"https:\/\/manitusolar.ro\/#\/schema\/logo\/image\/","url":"https:\/\/manitusolar.ro\/wp-content\/uploads\/2024\/08\/manitu_solar_color.svg","contentUrl":"https:\/\/manitusolar.ro\/wp-content\/uploads\/2024\/08\/manitu_solar_color.svg","width":280,"height":60,"caption":"Manitu Solar"},"image":{"@id":"https:\/\/manitusolar.ro\/#\/schema\/logo\/image\/"}}]}},"_links":{"self":[{"href":"https:\/\/manitusolar.ro\/en\/wp-json\/wp\/v2\/product\/6829","targetHints":{"allow":["GET"]}}],"collection":[{"href":"https:\/\/manitusolar.ro\/en\/wp-json\/wp\/v2\/product"}],"about":[{"href":"https:\/\/manitusolar.ro\/en\/wp-json\/wp\/v2\/types\/product"}],"version-history":[{"count":3,"href":"https:\/\/manitusolar.ro\/en\/wp-json\/wp\/v2\/product\/6829\/revisions"}],"predecessor-version":[{"id":10083,"href":"https:\/\/manitusolar.ro\/en\/wp-json\/wp\/v2\/product\/6829\/revisions\/10083"}],"wp:featuredmedia":[{"embeddable":true,"href":"https:\/\/manitusolar.ro\/en\/wp-json\/wp\/v2\/media\/7711"}],"wp:attachment":[{"href":"https:\/\/manitusolar.ro\/en\/wp-json\/wp\/v2\/media?parent=6829"}],"wp:term":[{"taxonomy":"product_brand","embeddable":true,"href":"https:\/\/manitusolar.ro\/en\/wp-json\/wp\/v2\/product_brand?post=6829"},{"taxonomy":"product_cat","embeddable":true,"href":"https:\/\/manitusolar.ro\/en\/wp-json\/wp\/v2\/product_cat?post=6829"},{"taxonomy":"product_tag","embeddable":true,"href":"https:\/\/manitusolar.ro\/en\/wp-json\/wp\/v2\/product_tag?post=6829"}],"curies":[{"name":"wp","href":"https:\/\/api.w.org\/{rel}","templated":true}]}}