{"id":6845,"date":"2024-10-15T11:53:08","date_gmt":"2024-10-15T08:53:08","guid":{"rendered":"https:\/\/manitusolar.ro\/produs\/produs\/"},"modified":"2026-04-03T15:14:22","modified_gmt":"2026-04-03T12:14:22","slug":"k2-basic-rail-22-sina-tabla-33-m","status":"publish","type":"product","link":"https:\/\/manitusolar.ro\/en\/product\/k2-basic-rail-22-sina-tabla-33-m\/","title":{"rendered":"K2 Basic Rail 22, sina tabla, 3,3 m"},"content":{"rendered":"<div class=\"product-detail-description-text\">Sina de montare rapida cu confirmare statica in baza K2. Pentru montare cu BasicClip pe un acoperi\u0219 din tabl\u0103 trapezoidal\u0103 sau ca \u0219in\u0103 de baz\u0103 pentru sistemul K2 Dome. Lungime: 3,30 m. Material: Aluminiu EN AW-6063 T66<\/div>\n<div><\/div>\n<div class=\"product-detail-properties\">\n<div class=\"row product-detail-properties-container\">\n<div class=\"col-12\">\n<table class=\"table\">\n<tbody>\n<tr class=\"properties-row\">\n<th class=\"properties-label\">\u00cen\u0103l\u021bime [mm]:<\/th>\n<td class=\"properties-value\">22.5<\/td>\n<\/tr>\n<tr class=\"properties-row\">\n<th class=\"properties-label\">Lungime [m]:<\/th>\n<td class=\"properties-value\">3.30<\/td>\n<\/tr>\n<tr class=\"properties-row\">\n<th class=\"properties-label\">Sisteme de montare:<\/th>\n<td class=\"properties-value\">Sistem K2 BasicRail\u00a0, Sistem K2 Dome 6\u00a0, Sistem K2 Dome Zero\u00a0, Sistem K2 MultiAngle<\/td>\n<\/tr>\n<tr class=\"properties-row\">\n<th class=\"properties-label\">Domeniul de aplicare:<\/th>\n<td class=\"properties-value\">Acoperi\u0219 plat\u00a0, acoperi\u0219 \u00eenclinat<\/td>\n<\/tr>\n<tr class=\"properties-row\">\n<th class=\"properties-label\">Suprafa\u0163\u0103:<\/th>\n<td class=\"properties-value\">Moara de aluminiu<\/td>\n<\/tr>\n<tr class=\"properties-row\">\n<th class=\"properties-label\">Latime [mm]:<\/th>\n<td class=\"properties-value\">63<\/td>\n<\/tr>\n<tr class=\"properties-row\">\n<th class=\"properties-label\">Tip componente:<\/th>\n<td class=\"properties-value\">Sina de montare<\/td>\n<\/tr>\n<tr class=\"properties-row\">\n<th class=\"properties-label\">Material:<\/th>\n<td class=\"properties-value\">Aluminiu EN AW 6063 T66<\/td>\n<\/tr>\n<tr class=\"properties-row\">\n<th class=\"properties-label\">Unitatea de v\u00e2nzare:<\/th>\n<td class=\"properties-value\">20 buc<\/td>\n<\/tr>\n<tr class=\"properties-row\">\n<th class=\"properties-label\">Tip ambalaj:<\/th>\n<td class=\"properties-value\">\n<div>160 \/ Pachet<\/div>\n<\/td>\n<\/tr>\n<tr class=\"properties-row\">\n<th class=\"properties-label\">Greutate:<\/th>\n<td class=\"properties-value\">2.122 Kg<\/td>\n<\/tr>\n<\/tbody>\n<\/table>\n<\/div>\n<\/div>\n<\/div>\n","protected":false},"excerpt":{"rendered":"<p>Sina de montare rapida cu confirmare statica in baza K2. Pentru montare cu BasicClip pe un acoperi\u0219 din tabl\u0103 trapezoidal\u0103 sau ca \u0219in\u0103 de baz\u0103 pentru sistemul K2 Dome. Lungime: 3,30 m. Material: Aluminiu EN AW-6063 T66 \u00cen\u0103l\u021bime [mm]: 22.5 Lungime [m]: 3.30 Sisteme de montare: Sistem K2 BasicRail\u00a0, Sistem K2 Dome 6\u00a0, Sistem K2 [&hellip;]<\/p>\n","protected":false},"featured_media":7695,"template":"","meta":[],"product_brand":[],"product_cat":[23],"product_tag":[],"class_list":{"0":"post-6845","1":"product","2":"type-product","3":"status-publish","4":"has-post-thumbnail","6":"product_cat-structuri-fotovoltaice-k2","8":"first","9":"instock","10":"sale","11":"taxable","12":"shipping-taxable","13":"purchasable","14":"product-type-simple"},"yoast_head":"<!-- This site is optimized with the Yoast SEO plugin v27.3 - https:\/\/yoast.com\/product\/yoast-seo-wordpress\/ -->\n<title>K2 Basic Rail 22, sina tabla, 3,3 m - Manitu Solar<\/title>\n<meta name=\"robots\" content=\"index, follow, max-snippet:-1, max-image-preview:large, max-video-preview:-1\" \/>\n<link rel=\"canonical\" href=\"https:\/\/manitusolar.ro\/en\/product\/k2-basic-rail-22-sina-tabla-33-m\/\" \/>\n<meta property=\"og:locale\" content=\"en_US\" \/>\n<meta property=\"og:type\" content=\"article\" \/>\n<meta property=\"og:title\" content=\"K2 Basic Rail 22, sina tabla, 3,3 m - Manitu Solar\" \/>\n<meta property=\"og:description\" content=\"Sina de montare rapida cu confirmare statica in baza K2. Pentru montare cu BasicClip pe un acoperi\u0219 din tabl\u0103 trapezoidal\u0103 sau ca \u0219in\u0103 de baz\u0103 pentru sistemul K2 Dome. Lungime: 3,30 m. Material: Aluminiu EN AW-6063 T66 \u00cen\u0103l\u021bime [mm]: 22.5 Lungime [m]: 3.30 Sisteme de montare: Sistem K2 BasicRail\u00a0, Sistem K2 Dome 6\u00a0, Sistem K2 [&hellip;]\" \/>\n<meta property=\"og:url\" content=\"https:\/\/manitusolar.ro\/en\/product\/k2-basic-rail-22-sina-tabla-33-m\/\" \/>\n<meta property=\"og:site_name\" content=\"Manitu Solar\" \/>\n<meta property=\"article:modified_time\" content=\"2026-04-03T12:14:22+00:00\" \/>\n<meta property=\"og:image\" content=\"https:\/\/manitusolar.ro\/wp-content\/uploads\/2024\/10\/2003238-MD01_1920x1920.jpg\" \/>\n\t<meta property=\"og:image:width\" content=\"894\" \/>\n\t<meta property=\"og:image:height\" content=\"504\" \/>\n\t<meta property=\"og:image:type\" content=\"image\/jpeg\" \/>\n<meta name=\"twitter:card\" content=\"summary_large_image\" \/>\n<script type=\"application\/ld+json\" class=\"yoast-schema-graph\">{\"@context\":\"https:\\\/\\\/schema.org\",\"@graph\":[{\"@type\":\"WebPage\",\"@id\":\"https:\\\/\\\/manitusolar.ro\\\/produs\\\/k2-basic-rail-22-sina-tabla-33-m\\\/\",\"url\":\"https:\\\/\\\/manitusolar.ro\\\/produs\\\/k2-basic-rail-22-sina-tabla-33-m\\\/\",\"name\":\"K2 Basic Rail 22, sina tabla, 3,3 m - Manitu Solar\",\"isPartOf\":{\"@id\":\"https:\\\/\\\/manitusolar.ro\\\/#website\"},\"primaryImageOfPage\":{\"@id\":\"https:\\\/\\\/manitusolar.ro\\\/produs\\\/k2-basic-rail-22-sina-tabla-33-m\\\/#primaryimage\"},\"image\":{\"@id\":\"https:\\\/\\\/manitusolar.ro\\\/produs\\\/k2-basic-rail-22-sina-tabla-33-m\\\/#primaryimage\"},\"thumbnailUrl\":\"https:\\\/\\\/manitusolar.ro\\\/wp-content\\\/uploads\\\/2024\\\/10\\\/2003238-MD01_1920x1920.jpg\",\"datePublished\":\"2024-10-15T08:53:08+00:00\",\"dateModified\":\"2026-04-03T12:14:22+00:00\",\"breadcrumb\":{\"@id\":\"https:\\\/\\\/manitusolar.ro\\\/produs\\\/k2-basic-rail-22-sina-tabla-33-m\\\/#breadcrumb\"},\"inLanguage\":\"en-US\",\"potentialAction\":[{\"@type\":\"ReadAction\",\"target\":[\"https:\\\/\\\/manitusolar.ro\\\/produs\\\/k2-basic-rail-22-sina-tabla-33-m\\\/\"]}]},{\"@type\":\"ImageObject\",\"inLanguage\":\"en-US\",\"@id\":\"https:\\\/\\\/manitusolar.ro\\\/produs\\\/k2-basic-rail-22-sina-tabla-33-m\\\/#primaryimage\",\"url\":\"https:\\\/\\\/manitusolar.ro\\\/wp-content\\\/uploads\\\/2024\\\/10\\\/2003238-MD01_1920x1920.jpg\",\"contentUrl\":\"https:\\\/\\\/manitusolar.ro\\\/wp-content\\\/uploads\\\/2024\\\/10\\\/2003238-MD01_1920x1920.jpg\",\"width\":894,\"height\":504},{\"@type\":\"BreadcrumbList\",\"@id\":\"https:\\\/\\\/manitusolar.ro\\\/produs\\\/k2-basic-rail-22-sina-tabla-33-m\\\/#breadcrumb\",\"itemListElement\":[{\"@type\":\"ListItem\",\"position\":1,\"name\":\"Home\",\"item\":\"https:\\\/\\\/manitusolar.ro\\\/\"},{\"@type\":\"ListItem\",\"position\":2,\"name\":\"Magazin B2B\",\"item\":\"https:\\\/\\\/manitusolar.ro\\\/shop\\\/\"},{\"@type\":\"ListItem\",\"position\":3,\"name\":\"K2 Basic Rail 22, sina tabla, 3,3 m\"}]},{\"@type\":\"WebSite\",\"@id\":\"https:\\\/\\\/manitusolar.ro\\\/#website\",\"url\":\"https:\\\/\\\/manitusolar.ro\\\/\",\"name\":\"Manitu Solar\",\"description\":\"Distribuitor fotovoltaice, importator direct de panouri si sisteme fotovoltaice\",\"publisher\":{\"@id\":\"https:\\\/\\\/manitusolar.ro\\\/#organization\"},\"potentialAction\":[{\"@type\":\"SearchAction\",\"target\":{\"@type\":\"EntryPoint\",\"urlTemplate\":\"https:\\\/\\\/manitusolar.ro\\\/?s={search_term_string}\"},\"query-input\":{\"@type\":\"PropertyValueSpecification\",\"valueRequired\":true,\"valueName\":\"search_term_string\"}}],\"inLanguage\":\"en-US\"},{\"@type\":\"Organization\",\"@id\":\"https:\\\/\\\/manitusolar.ro\\\/#organization\",\"name\":\"Manitu Solar\",\"url\":\"https:\\\/\\\/manitusolar.ro\\\/\",\"logo\":{\"@type\":\"ImageObject\",\"inLanguage\":\"en-US\",\"@id\":\"https:\\\/\\\/manitusolar.ro\\\/#\\\/schema\\\/logo\\\/image\\\/\",\"url\":\"https:\\\/\\\/manitusolar.ro\\\/wp-content\\\/uploads\\\/2024\\\/08\\\/manitu_solar_color.svg\",\"contentUrl\":\"https:\\\/\\\/manitusolar.ro\\\/wp-content\\\/uploads\\\/2024\\\/08\\\/manitu_solar_color.svg\",\"width\":280,\"height\":60,\"caption\":\"Manitu Solar\"},\"image\":{\"@id\":\"https:\\\/\\\/manitusolar.ro\\\/#\\\/schema\\\/logo\\\/image\\\/\"}}]}<\/script>\n<!-- \/ Yoast SEO plugin. -->","yoast_head_json":{"title":"K2 Basic Rail 22, sina tabla, 3,3 m - Manitu Solar","robots":{"index":"index","follow":"follow","max-snippet":"max-snippet:-1","max-image-preview":"max-image-preview:large","max-video-preview":"max-video-preview:-1"},"canonical":"https:\/\/manitusolar.ro\/en\/product\/k2-basic-rail-22-sina-tabla-33-m\/","og_locale":"en_US","og_type":"article","og_title":"K2 Basic Rail 22, sina tabla, 3,3 m - Manitu Solar","og_description":"Sina de montare rapida cu confirmare statica in baza K2. Pentru montare cu BasicClip pe un acoperi\u0219 din tabl\u0103 trapezoidal\u0103 sau ca \u0219in\u0103 de baz\u0103 pentru sistemul K2 Dome. Lungime: 3,30 m. Material: Aluminiu EN AW-6063 T66 \u00cen\u0103l\u021bime [mm]: 22.5 Lungime [m]: 3.30 Sisteme de montare: Sistem K2 BasicRail\u00a0, Sistem K2 Dome 6\u00a0, Sistem K2 [&hellip;]","og_url":"https:\/\/manitusolar.ro\/en\/product\/k2-basic-rail-22-sina-tabla-33-m\/","og_site_name":"Manitu Solar","article_modified_time":"2026-04-03T12:14:22+00:00","og_image":[{"width":894,"height":504,"url":"https:\/\/manitusolar.ro\/wp-content\/uploads\/2024\/10\/2003238-MD01_1920x1920.jpg","type":"image\/jpeg"}],"twitter_card":"summary_large_image","schema":{"@context":"https:\/\/schema.org","@graph":[{"@type":"WebPage","@id":"https:\/\/manitusolar.ro\/produs\/k2-basic-rail-22-sina-tabla-33-m\/","url":"https:\/\/manitusolar.ro\/produs\/k2-basic-rail-22-sina-tabla-33-m\/","name":"K2 Basic Rail 22, sina tabla, 3,3 m - Manitu Solar","isPartOf":{"@id":"https:\/\/manitusolar.ro\/#website"},"primaryImageOfPage":{"@id":"https:\/\/manitusolar.ro\/produs\/k2-basic-rail-22-sina-tabla-33-m\/#primaryimage"},"image":{"@id":"https:\/\/manitusolar.ro\/produs\/k2-basic-rail-22-sina-tabla-33-m\/#primaryimage"},"thumbnailUrl":"https:\/\/manitusolar.ro\/wp-content\/uploads\/2024\/10\/2003238-MD01_1920x1920.jpg","datePublished":"2024-10-15T08:53:08+00:00","dateModified":"2026-04-03T12:14:22+00:00","breadcrumb":{"@id":"https:\/\/manitusolar.ro\/produs\/k2-basic-rail-22-sina-tabla-33-m\/#breadcrumb"},"inLanguage":"en-US","potentialAction":[{"@type":"ReadAction","target":["https:\/\/manitusolar.ro\/produs\/k2-basic-rail-22-sina-tabla-33-m\/"]}]},{"@type":"ImageObject","inLanguage":"en-US","@id":"https:\/\/manitusolar.ro\/produs\/k2-basic-rail-22-sina-tabla-33-m\/#primaryimage","url":"https:\/\/manitusolar.ro\/wp-content\/uploads\/2024\/10\/2003238-MD01_1920x1920.jpg","contentUrl":"https:\/\/manitusolar.ro\/wp-content\/uploads\/2024\/10\/2003238-MD01_1920x1920.jpg","width":894,"height":504},{"@type":"BreadcrumbList","@id":"https:\/\/manitusolar.ro\/produs\/k2-basic-rail-22-sina-tabla-33-m\/#breadcrumb","itemListElement":[{"@type":"ListItem","position":1,"name":"Home","item":"https:\/\/manitusolar.ro\/"},{"@type":"ListItem","position":2,"name":"Magazin B2B","item":"https:\/\/manitusolar.ro\/shop\/"},{"@type":"ListItem","position":3,"name":"K2 Basic Rail 22, sina tabla, 3,3 m"}]},{"@type":"WebSite","@id":"https:\/\/manitusolar.ro\/#website","url":"https:\/\/manitusolar.ro\/","name":"Manitu Solar","description":"Distribuitor fotovoltaice, importator direct de panouri si sisteme fotovoltaice","publisher":{"@id":"https:\/\/manitusolar.ro\/#organization"},"potentialAction":[{"@type":"SearchAction","target":{"@type":"EntryPoint","urlTemplate":"https:\/\/manitusolar.ro\/?s={search_term_string}"},"query-input":{"@type":"PropertyValueSpecification","valueRequired":true,"valueName":"search_term_string"}}],"inLanguage":"en-US"},{"@type":"Organization","@id":"https:\/\/manitusolar.ro\/#organization","name":"Manitu Solar","url":"https:\/\/manitusolar.ro\/","logo":{"@type":"ImageObject","inLanguage":"en-US","@id":"https:\/\/manitusolar.ro\/#\/schema\/logo\/image\/","url":"https:\/\/manitusolar.ro\/wp-content\/uploads\/2024\/08\/manitu_solar_color.svg","contentUrl":"https:\/\/manitusolar.ro\/wp-content\/uploads\/2024\/08\/manitu_solar_color.svg","width":280,"height":60,"caption":"Manitu Solar"},"image":{"@id":"https:\/\/manitusolar.ro\/#\/schema\/logo\/image\/"}}]}},"_links":{"self":[{"href":"https:\/\/manitusolar.ro\/en\/wp-json\/wp\/v2\/product\/6845","targetHints":{"allow":["GET"]}}],"collection":[{"href":"https:\/\/manitusolar.ro\/en\/wp-json\/wp\/v2\/product"}],"about":[{"href":"https:\/\/manitusolar.ro\/en\/wp-json\/wp\/v2\/types\/product"}],"version-history":[{"count":3,"href":"https:\/\/manitusolar.ro\/en\/wp-json\/wp\/v2\/product\/6845\/revisions"}],"predecessor-version":[{"id":7697,"href":"https:\/\/manitusolar.ro\/en\/wp-json\/wp\/v2\/product\/6845\/revisions\/7697"}],"wp:featuredmedia":[{"embeddable":true,"href":"https:\/\/manitusolar.ro\/en\/wp-json\/wp\/v2\/media\/7695"}],"wp:attachment":[{"href":"https:\/\/manitusolar.ro\/en\/wp-json\/wp\/v2\/media?parent=6845"}],"wp:term":[{"taxonomy":"product_brand","embeddable":true,"href":"https:\/\/manitusolar.ro\/en\/wp-json\/wp\/v2\/product_brand?post=6845"},{"taxonomy":"product_cat","embeddable":true,"href":"https:\/\/manitusolar.ro\/en\/wp-json\/wp\/v2\/product_cat?post=6845"},{"taxonomy":"product_tag","embeddable":true,"href":"https:\/\/manitusolar.ro\/en\/wp-json\/wp\/v2\/product_tag?post=6845"}],"curies":[{"name":"wp","href":"https:\/\/api.w.org\/{rel}","templated":true}]}}