{"id":6863,"date":"2024-10-15T11:57:12","date_gmt":"2024-10-15T08:57:12","guid":{"rendered":"https:\/\/manitusolar.ro\/produs\/produs\/"},"modified":"2025-08-01T10:18:11","modified_gmt":"2025-08-01T07:18:11","slug":"k2-carlig-de-acoperis-k2-crosshook-2g-carlig-special-din-aluminiu-pentru-carcasa-gerard","status":"publish","type":"product","link":"https:\/\/manitusolar.ro\/en\/product\/k2-carlig-de-acoperis-k2-crosshook-2g-carlig-special-din-aluminiu-pentru-carcasa-gerard\/","title":{"rendered":"K2 C\u00e2rlig de acoperi\u0219 K2 Crosshook 2G, c\u00e2rlig special din aluminiu pentru carcasa Gerard"},"content":{"rendered":"<div class=\"product-detail-description-text\"><span>Versiune special\u0103 de c\u00e2rlig de acoperi\u0219 pentru placa de acoperi\u0219 cu \u021bigl\u0103 metalic\u0103 cu 3 ajust\u0103ri \u00een \u00een\u0103l\u021bime \u00een placa de baz\u0103 \u0219i reglare de 30 mm \u00een suport. Utilizabil f\u0103r\u0103 g\u0103uri pentru acoperi\u0219. Material: aluminiu EN AW-6063 T66<\/span><\/div>\n<div><\/div>\n<div class=\"product-detail-properties\">\n<div class=\"row product-detail-properties-container\">\n<div class=\"col-12\">\n<table class=\"table\">\n<tbody>\n<tr class=\"properties-row\">\n<th class=\"properties-label\"><span>Reglabil:<\/span><\/th>\n<td class=\"properties-value\"><span>Da<\/span><\/td>\n<\/tr>\n<tr class=\"properties-row\">\n<th class=\"properties-label\"><span>Include hardware pentru montarea \u0219inei:<\/span><\/th>\n<td class=\"properties-value\"><span>Nu<\/span><\/td>\n<\/tr>\n<tr class=\"properties-row\">\n<th class=\"properties-label\"><span>Sisteme de montare:<\/span><\/th>\n<td class=\"properties-value\"><span>Sistemul K2 SingleRail<\/span><\/td>\n<\/tr>\n<tr class=\"properties-row\">\n<th class=\"properties-label\"><span>Domeniul de aplicare:<\/span><\/th>\n<td class=\"properties-value\"><span>Acoperi\u0219 \u00eenclinat<\/span><\/td>\n<\/tr>\n<tr class=\"properties-row\">\n<th class=\"properties-label\"><span>Tip componente:<\/span><\/th>\n<td class=\"properties-value\"><span>C\u00e2rlig de acoperi\u0219<\/span><\/td>\n<\/tr>\n<tr class=\"properties-row\">\n<th class=\"properties-label\"><span>Material:<\/span><\/th>\n<td class=\"properties-value\"><span>Aluminiu EN AW 6063 T66, o\u021bel inoxidabil A2-70<\/span><\/td>\n<\/tr>\n<tr class=\"properties-row\">\n<th class=\"properties-label\"><span>Unitatea de v\u00e2nzare:<\/span><\/th>\n<td class=\"properties-value\"><span>25 bucat\u0103<\/span><\/td>\n<\/tr>\n<tr class=\"properties-row\">\n<th class=\"properties-label\"><span>Tip ambalaj:<\/span><\/th>\n<td class=\"properties-value\">\n<div><span>25 \/ Cutie<\/span><\/div>\n<div><span>450 \/ Palet<\/span><\/div>\n<\/td>\n<\/tr>\n<tr class=\"properties-row\">\n<th class=\"properties-label\"><span>Greutate:<\/span><\/th>\n<td class=\"properties-value\"><span>0,52 Kg<\/span><\/td>\n<\/tr>\n<\/tbody>\n<\/table>\n<\/div>\n<\/div>\n<\/div>","protected":false},"excerpt":{"rendered":"<p>Versiune special\u0103 de c\u00e2rlig de acoperi\u0219 pentru placa de acoperi\u0219 cu \u021bigl\u0103 metalic\u0103 cu 3 ajust\u0103ri \u00een \u00een\u0103l\u021bime \u00een placa de baz\u0103 \u0219i reglare de 30 mm \u00een suport. Utilizabil f\u0103r\u0103 g\u0103uri pentru acoperi\u0219. Material: aluminiu EN AW-6063 T66 Reglabil: Da Include hardware pentru montarea \u0219inei: Nu Sisteme de montare: Sistemul K2 SingleRail Domeniul de [&hellip;]<\/p>\n","protected":false},"featured_media":7678,"template":"","meta":[],"product_brand":[],"product_cat":[23,35],"product_tag":[],"class_list":{"0":"post-6863","1":"product","2":"type-product","3":"status-publish","4":"has-post-thumbnail","6":"product_cat-structuri-fotovoltaice-k2","7":"product_cat-k2","9":"first","10":"outofstock","11":"taxable","12":"shipping-taxable","13":"purchasable","14":"product-type-simple"},"yoast_head":"<!-- This site is optimized with the Yoast SEO plugin v27.3 - https:\/\/yoast.com\/product\/yoast-seo-wordpress\/ -->\n<title>K2 C\u00e2rlig de acoperi\u0219 K2 Crosshook 2G, c\u00e2rlig special din aluminiu pentru carcasa Gerard - Manitu Solar<\/title>\n<meta name=\"robots\" content=\"index, follow, max-snippet:-1, max-image-preview:large, max-video-preview:-1\" \/>\n<link rel=\"canonical\" href=\"https:\/\/manitusolar.ro\/en\/product\/k2-carlig-de-acoperis-k2-crosshook-2g-carlig-special-din-aluminiu-pentru-carcasa-gerard\/\" \/>\n<meta property=\"og:locale\" content=\"en_US\" \/>\n<meta property=\"og:type\" content=\"article\" \/>\n<meta property=\"og:title\" content=\"K2 C\u00e2rlig de acoperi\u0219 K2 Crosshook 2G, c\u00e2rlig special din aluminiu pentru carcasa Gerard - Manitu Solar\" \/>\n<meta property=\"og:description\" content=\"Versiune special\u0103 de c\u00e2rlig de acoperi\u0219 pentru placa de acoperi\u0219 cu \u021bigl\u0103 metalic\u0103 cu 3 ajust\u0103ri \u00een \u00een\u0103l\u021bime \u00een placa de baz\u0103 \u0219i reglare de 30 mm \u00een suport. Utilizabil f\u0103r\u0103 g\u0103uri pentru acoperi\u0219. Material: aluminiu EN AW-6063 T66 Reglabil: Da Include hardware pentru montarea \u0219inei: Nu Sisteme de montare: Sistemul K2 SingleRail Domeniul de [&hellip;]\" \/>\n<meta property=\"og:url\" content=\"https:\/\/manitusolar.ro\/en\/product\/k2-carlig-de-acoperis-k2-crosshook-2g-carlig-special-din-aluminiu-pentru-carcasa-gerard\/\" \/>\n<meta property=\"og:site_name\" content=\"Manitu Solar\" \/>\n<meta property=\"article:modified_time\" content=\"2025-08-01T07:18:11+00:00\" \/>\n<meta property=\"og:image\" content=\"https:\/\/manitusolar.ro\/wp-content\/uploads\/2024\/10\/2000636-MD01_1920x1920.jpg\" \/>\n\t<meta property=\"og:image:width\" content=\"1920\" \/>\n\t<meta property=\"og:image:height\" content=\"1047\" \/>\n\t<meta property=\"og:image:type\" content=\"image\/jpeg\" \/>\n<meta name=\"twitter:card\" content=\"summary_large_image\" \/>\n<script type=\"application\/ld+json\" class=\"yoast-schema-graph\">{\"@context\":\"https:\\\/\\\/schema.org\",\"@graph\":[{\"@type\":\"WebPage\",\"@id\":\"https:\\\/\\\/manitusolar.ro\\\/produs\\\/k2-carlig-de-acoperis-k2-crosshook-2g-carlig-special-din-aluminiu-pentru-carcasa-gerard\\\/\",\"url\":\"https:\\\/\\\/manitusolar.ro\\\/produs\\\/k2-carlig-de-acoperis-k2-crosshook-2g-carlig-special-din-aluminiu-pentru-carcasa-gerard\\\/\",\"name\":\"K2 C\u00e2rlig de acoperi\u0219 K2 Crosshook 2G, c\u00e2rlig special din aluminiu pentru carcasa Gerard - Manitu Solar\",\"isPartOf\":{\"@id\":\"https:\\\/\\\/manitusolar.ro\\\/#website\"},\"primaryImageOfPage\":{\"@id\":\"https:\\\/\\\/manitusolar.ro\\\/produs\\\/k2-carlig-de-acoperis-k2-crosshook-2g-carlig-special-din-aluminiu-pentru-carcasa-gerard\\\/#primaryimage\"},\"image\":{\"@id\":\"https:\\\/\\\/manitusolar.ro\\\/produs\\\/k2-carlig-de-acoperis-k2-crosshook-2g-carlig-special-din-aluminiu-pentru-carcasa-gerard\\\/#primaryimage\"},\"thumbnailUrl\":\"https:\\\/\\\/manitusolar.ro\\\/wp-content\\\/uploads\\\/2024\\\/10\\\/2000636-MD01_1920x1920.jpg\",\"datePublished\":\"2024-10-15T08:57:12+00:00\",\"dateModified\":\"2025-08-01T07:18:11+00:00\",\"breadcrumb\":{\"@id\":\"https:\\\/\\\/manitusolar.ro\\\/produs\\\/k2-carlig-de-acoperis-k2-crosshook-2g-carlig-special-din-aluminiu-pentru-carcasa-gerard\\\/#breadcrumb\"},\"inLanguage\":\"en-US\",\"potentialAction\":[{\"@type\":\"ReadAction\",\"target\":[\"https:\\\/\\\/manitusolar.ro\\\/produs\\\/k2-carlig-de-acoperis-k2-crosshook-2g-carlig-special-din-aluminiu-pentru-carcasa-gerard\\\/\"]}]},{\"@type\":\"ImageObject\",\"inLanguage\":\"en-US\",\"@id\":\"https:\\\/\\\/manitusolar.ro\\\/produs\\\/k2-carlig-de-acoperis-k2-crosshook-2g-carlig-special-din-aluminiu-pentru-carcasa-gerard\\\/#primaryimage\",\"url\":\"https:\\\/\\\/manitusolar.ro\\\/wp-content\\\/uploads\\\/2024\\\/10\\\/2000636-MD01_1920x1920.jpg\",\"contentUrl\":\"https:\\\/\\\/manitusolar.ro\\\/wp-content\\\/uploads\\\/2024\\\/10\\\/2000636-MD01_1920x1920.jpg\",\"width\":1920,\"height\":1047},{\"@type\":\"BreadcrumbList\",\"@id\":\"https:\\\/\\\/manitusolar.ro\\\/produs\\\/k2-carlig-de-acoperis-k2-crosshook-2g-carlig-special-din-aluminiu-pentru-carcasa-gerard\\\/#breadcrumb\",\"itemListElement\":[{\"@type\":\"ListItem\",\"position\":1,\"name\":\"Home\",\"item\":\"https:\\\/\\\/manitusolar.ro\\\/\"},{\"@type\":\"ListItem\",\"position\":2,\"name\":\"Magazin B2B\",\"item\":\"https:\\\/\\\/manitusolar.ro\\\/shop\\\/\"},{\"@type\":\"ListItem\",\"position\":3,\"name\":\"K2 C\u00e2rlig de acoperi\u0219 K2 Crosshook 2G, c\u00e2rlig special din aluminiu pentru carcasa Gerard\"}]},{\"@type\":\"WebSite\",\"@id\":\"https:\\\/\\\/manitusolar.ro\\\/#website\",\"url\":\"https:\\\/\\\/manitusolar.ro\\\/\",\"name\":\"Manitu Solar\",\"description\":\"Distribuitor fotovoltaice, importator direct de panouri si sisteme fotovoltaice\",\"publisher\":{\"@id\":\"https:\\\/\\\/manitusolar.ro\\\/#organization\"},\"potentialAction\":[{\"@type\":\"SearchAction\",\"target\":{\"@type\":\"EntryPoint\",\"urlTemplate\":\"https:\\\/\\\/manitusolar.ro\\\/?s={search_term_string}\"},\"query-input\":{\"@type\":\"PropertyValueSpecification\",\"valueRequired\":true,\"valueName\":\"search_term_string\"}}],\"inLanguage\":\"en-US\"},{\"@type\":\"Organization\",\"@id\":\"https:\\\/\\\/manitusolar.ro\\\/#organization\",\"name\":\"Manitu Solar\",\"url\":\"https:\\\/\\\/manitusolar.ro\\\/\",\"logo\":{\"@type\":\"ImageObject\",\"inLanguage\":\"en-US\",\"@id\":\"https:\\\/\\\/manitusolar.ro\\\/#\\\/schema\\\/logo\\\/image\\\/\",\"url\":\"https:\\\/\\\/manitusolar.ro\\\/wp-content\\\/uploads\\\/2024\\\/08\\\/manitu_solar_color.svg\",\"contentUrl\":\"https:\\\/\\\/manitusolar.ro\\\/wp-content\\\/uploads\\\/2024\\\/08\\\/manitu_solar_color.svg\",\"width\":280,\"height\":60,\"caption\":\"Manitu Solar\"},\"image\":{\"@id\":\"https:\\\/\\\/manitusolar.ro\\\/#\\\/schema\\\/logo\\\/image\\\/\"}}]}<\/script>\n<!-- \/ Yoast SEO plugin. -->","yoast_head_json":{"title":"K2 C\u00e2rlig de acoperi\u0219 K2 Crosshook 2G, c\u00e2rlig special din aluminiu pentru carcasa Gerard - Manitu Solar","robots":{"index":"index","follow":"follow","max-snippet":"max-snippet:-1","max-image-preview":"max-image-preview:large","max-video-preview":"max-video-preview:-1"},"canonical":"https:\/\/manitusolar.ro\/en\/product\/k2-carlig-de-acoperis-k2-crosshook-2g-carlig-special-din-aluminiu-pentru-carcasa-gerard\/","og_locale":"en_US","og_type":"article","og_title":"K2 C\u00e2rlig de acoperi\u0219 K2 Crosshook 2G, c\u00e2rlig special din aluminiu pentru carcasa Gerard - Manitu Solar","og_description":"Versiune special\u0103 de c\u00e2rlig de acoperi\u0219 pentru placa de acoperi\u0219 cu \u021bigl\u0103 metalic\u0103 cu 3 ajust\u0103ri \u00een \u00een\u0103l\u021bime \u00een placa de baz\u0103 \u0219i reglare de 30 mm \u00een suport. Utilizabil f\u0103r\u0103 g\u0103uri pentru acoperi\u0219. Material: aluminiu EN AW-6063 T66 Reglabil: Da Include hardware pentru montarea \u0219inei: Nu Sisteme de montare: Sistemul K2 SingleRail Domeniul de [&hellip;]","og_url":"https:\/\/manitusolar.ro\/en\/product\/k2-carlig-de-acoperis-k2-crosshook-2g-carlig-special-din-aluminiu-pentru-carcasa-gerard\/","og_site_name":"Manitu Solar","article_modified_time":"2025-08-01T07:18:11+00:00","og_image":[{"width":1920,"height":1047,"url":"https:\/\/manitusolar.ro\/wp-content\/uploads\/2024\/10\/2000636-MD01_1920x1920.jpg","type":"image\/jpeg"}],"twitter_card":"summary_large_image","schema":{"@context":"https:\/\/schema.org","@graph":[{"@type":"WebPage","@id":"https:\/\/manitusolar.ro\/produs\/k2-carlig-de-acoperis-k2-crosshook-2g-carlig-special-din-aluminiu-pentru-carcasa-gerard\/","url":"https:\/\/manitusolar.ro\/produs\/k2-carlig-de-acoperis-k2-crosshook-2g-carlig-special-din-aluminiu-pentru-carcasa-gerard\/","name":"K2 C\u00e2rlig de acoperi\u0219 K2 Crosshook 2G, c\u00e2rlig special din aluminiu pentru carcasa Gerard - Manitu Solar","isPartOf":{"@id":"https:\/\/manitusolar.ro\/#website"},"primaryImageOfPage":{"@id":"https:\/\/manitusolar.ro\/produs\/k2-carlig-de-acoperis-k2-crosshook-2g-carlig-special-din-aluminiu-pentru-carcasa-gerard\/#primaryimage"},"image":{"@id":"https:\/\/manitusolar.ro\/produs\/k2-carlig-de-acoperis-k2-crosshook-2g-carlig-special-din-aluminiu-pentru-carcasa-gerard\/#primaryimage"},"thumbnailUrl":"https:\/\/manitusolar.ro\/wp-content\/uploads\/2024\/10\/2000636-MD01_1920x1920.jpg","datePublished":"2024-10-15T08:57:12+00:00","dateModified":"2025-08-01T07:18:11+00:00","breadcrumb":{"@id":"https:\/\/manitusolar.ro\/produs\/k2-carlig-de-acoperis-k2-crosshook-2g-carlig-special-din-aluminiu-pentru-carcasa-gerard\/#breadcrumb"},"inLanguage":"en-US","potentialAction":[{"@type":"ReadAction","target":["https:\/\/manitusolar.ro\/produs\/k2-carlig-de-acoperis-k2-crosshook-2g-carlig-special-din-aluminiu-pentru-carcasa-gerard\/"]}]},{"@type":"ImageObject","inLanguage":"en-US","@id":"https:\/\/manitusolar.ro\/produs\/k2-carlig-de-acoperis-k2-crosshook-2g-carlig-special-din-aluminiu-pentru-carcasa-gerard\/#primaryimage","url":"https:\/\/manitusolar.ro\/wp-content\/uploads\/2024\/10\/2000636-MD01_1920x1920.jpg","contentUrl":"https:\/\/manitusolar.ro\/wp-content\/uploads\/2024\/10\/2000636-MD01_1920x1920.jpg","width":1920,"height":1047},{"@type":"BreadcrumbList","@id":"https:\/\/manitusolar.ro\/produs\/k2-carlig-de-acoperis-k2-crosshook-2g-carlig-special-din-aluminiu-pentru-carcasa-gerard\/#breadcrumb","itemListElement":[{"@type":"ListItem","position":1,"name":"Home","item":"https:\/\/manitusolar.ro\/"},{"@type":"ListItem","position":2,"name":"Magazin B2B","item":"https:\/\/manitusolar.ro\/shop\/"},{"@type":"ListItem","position":3,"name":"K2 C\u00e2rlig de acoperi\u0219 K2 Crosshook 2G, c\u00e2rlig special din aluminiu pentru carcasa Gerard"}]},{"@type":"WebSite","@id":"https:\/\/manitusolar.ro\/#website","url":"https:\/\/manitusolar.ro\/","name":"Manitu Solar","description":"Distribuitor fotovoltaice, importator direct de panouri si sisteme fotovoltaice","publisher":{"@id":"https:\/\/manitusolar.ro\/#organization"},"potentialAction":[{"@type":"SearchAction","target":{"@type":"EntryPoint","urlTemplate":"https:\/\/manitusolar.ro\/?s={search_term_string}"},"query-input":{"@type":"PropertyValueSpecification","valueRequired":true,"valueName":"search_term_string"}}],"inLanguage":"en-US"},{"@type":"Organization","@id":"https:\/\/manitusolar.ro\/#organization","name":"Manitu Solar","url":"https:\/\/manitusolar.ro\/","logo":{"@type":"ImageObject","inLanguage":"en-US","@id":"https:\/\/manitusolar.ro\/#\/schema\/logo\/image\/","url":"https:\/\/manitusolar.ro\/wp-content\/uploads\/2024\/08\/manitu_solar_color.svg","contentUrl":"https:\/\/manitusolar.ro\/wp-content\/uploads\/2024\/08\/manitu_solar_color.svg","width":280,"height":60,"caption":"Manitu Solar"},"image":{"@id":"https:\/\/manitusolar.ro\/#\/schema\/logo\/image\/"}}]}},"_links":{"self":[{"href":"https:\/\/manitusolar.ro\/en\/wp-json\/wp\/v2\/product\/6863","targetHints":{"allow":["GET"]}}],"collection":[{"href":"https:\/\/manitusolar.ro\/en\/wp-json\/wp\/v2\/product"}],"about":[{"href":"https:\/\/manitusolar.ro\/en\/wp-json\/wp\/v2\/types\/product"}],"version-history":[{"count":2,"href":"https:\/\/manitusolar.ro\/en\/wp-json\/wp\/v2\/product\/6863\/revisions"}],"predecessor-version":[{"id":7679,"href":"https:\/\/manitusolar.ro\/en\/wp-json\/wp\/v2\/product\/6863\/revisions\/7679"}],"wp:featuredmedia":[{"embeddable":true,"href":"https:\/\/manitusolar.ro\/en\/wp-json\/wp\/v2\/media\/7678"}],"wp:attachment":[{"href":"https:\/\/manitusolar.ro\/en\/wp-json\/wp\/v2\/media?parent=6863"}],"wp:term":[{"taxonomy":"product_brand","embeddable":true,"href":"https:\/\/manitusolar.ro\/en\/wp-json\/wp\/v2\/product_brand?post=6863"},{"taxonomy":"product_cat","embeddable":true,"href":"https:\/\/manitusolar.ro\/en\/wp-json\/wp\/v2\/product_cat?post=6863"},{"taxonomy":"product_tag","embeddable":true,"href":"https:\/\/manitusolar.ro\/en\/wp-json\/wp\/v2\/product_tag?post=6863"}],"curies":[{"name":"wp","href":"https:\/\/api.w.org\/{rel}","templated":true}]}}