{"id":6865,"date":"2024-10-15T11:57:12","date_gmt":"2024-10-15T08:57:12","guid":{"rendered":"https:\/\/manitusolar.ro\/produs\/produs\/"},"modified":"2026-03-13T11:06:03","modified_gmt":"2026-03-13T09:06:03","slug":"k2-carlig-de-acoperis-k2-crosshook-3s-carlig-din-aluminiu-pentru-sine-crossrail-si-singlerail-pre-asamblat-cu-accesoriu-climber-nou","status":"publish","type":"product","link":"https:\/\/manitusolar.ro\/en\/product\/k2-carlig-de-acoperis-k2-crosshook-3s-carlig-din-aluminiu-pentru-sine-crossrail-si-singlerail-pre-asamblat-cu-accesoriu-climber-nou\/","title":{"rendered":"K2 C\u00e2rlig acoperi\u0219 CrossHook 3S preasamblat pentru CrossRail \u0219i SingleRail"},"content":{"rendered":"<div class=\"product-detail-description-text\"><span>Dispozitiv de fixare pentru acoperi\u0219 cu 3x plac\u0103 de baz\u0103 reglabil\u0103 vertical (40,47,54 mm) pentru c\u0103priori de la 48 mm (capriori \u00eenguste de la 36 mm posibil cu \u0219uruburi M6 pentru construc\u021bie din lemn). Cu K2 Climber 36\/50 pre-asamblat \u0219i \u0219urub hexagonal. Folosit pentru fixarea pe \u0219ina de montare K2 tip K2 SingleRail \u0219i CrossRail. Material: Aluminiu EN AW-6063 T66; O\u021bel inoxidabil A2<\/span><\/div>\n<div><\/div>\n<div class=\"product-detail-properties\">\n<div class=\"row product-detail-properties-container\">\n<div class=\"col-12\">\n<table class=\"table\">\n<tbody>\n<tr class=\"properties-row\">\n<th class=\"properties-label\"><span>Reglabil:<\/span><\/th>\n<td class=\"properties-value\"><span>Da<\/span><\/td>\n<\/tr>\n<tr class=\"properties-row\">\n<th class=\"properties-label\"><span>Include hardware pentru montarea \u0219inei:<\/span><\/th>\n<td class=\"properties-value\"><span>Da<\/span><\/td>\n<\/tr>\n<tr class=\"properties-row\">\n<th class=\"properties-label\"><span>Sisteme de montare:<\/span><\/th>\n<td class=\"properties-value\"><span>Sistemul K2 SingleRail<\/span><\/td>\n<\/tr>\n<tr class=\"properties-row\">\n<th class=\"properties-label\"><span>Domeniul de aplicare:<\/span><\/th>\n<td class=\"properties-value\"><span>Acoperi\u0219 \u00eenclinat<\/span><\/td>\n<\/tr>\n<tr class=\"properties-row\">\n<th class=\"properties-label\"><span>Tip componente:<\/span><\/th>\n<td class=\"properties-value\"><span>C\u00e2rlig de acoperi\u0219<\/span><\/td>\n<\/tr>\n<tr class=\"properties-row\">\n<th class=\"properties-label\"><span>Material:<\/span><\/th>\n<td class=\"properties-value\"><span>Aluminiu EN AW 6063 T66, o\u021bel inoxidabil A2-70<\/span><\/td>\n<\/tr>\n<tr class=\"properties-row\">\n<th class=\"properties-label\"><span>Unitatea de v\u00e2nzare:<\/span><\/th>\n<td class=\"properties-value\"><span>20 buc<\/span><\/td>\n<\/tr>\n<tr class=\"properties-row\">\n<th class=\"properties-label\"><span>Tip ambalaj:<\/span><\/th>\n<td class=\"properties-value\">\n<div><span>20 \/ Cutie<\/span><\/div>\n<div><span>480 \/ Palet<\/span><\/div>\n<\/td>\n<\/tr>\n<tr class=\"properties-row\">\n<th class=\"properties-label\"><span>Greutate:<\/span><\/th>\n<td class=\"properties-value\"><span>0,575 Kg<\/span><\/td>\n<\/tr>\n<\/tbody>\n<\/table>\n<\/div>\n<\/div>\n<\/div>","protected":false},"excerpt":{"rendered":"<p>Dispozitiv de fixare pentru acoperi\u0219 cu 3x plac\u0103 de baz\u0103 reglabil\u0103 vertical (40,47,54 mm) pentru c\u0103priori de la 48 mm (capriori \u00eenguste de la 36 mm posibil cu \u0219uruburi M6 pentru construc\u021bie din lemn). Cu K2 Climber 36\/50 pre-asamblat \u0219i \u0219urub hexagonal. Folosit pentru fixarea pe \u0219ina de montare K2 tip K2 SingleRail \u0219i CrossRail. [&hellip;]<\/p>\n","protected":false},"featured_media":7680,"template":"","meta":[],"product_brand":[],"product_cat":[23],"product_tag":[],"class_list":{"0":"post-6865","1":"product","2":"type-product","3":"status-publish","4":"has-post-thumbnail","6":"product_cat-structuri-fotovoltaice-k2","8":"first","9":"outofstock","10":"taxable","11":"shipping-taxable","12":"purchasable","13":"product-type-simple"},"yoast_head":"<!-- This site is optimized with the Yoast SEO plugin v27.3 - https:\/\/yoast.com\/product\/yoast-seo-wordpress\/ -->\n<title>K2 C\u00e2rlig acoperi\u0219 CrossHook 3S preasamblat pentru CrossRail \u0219i SingleRail - Manitu Solar<\/title>\n<meta name=\"robots\" content=\"index, follow, max-snippet:-1, max-image-preview:large, max-video-preview:-1\" \/>\n<link rel=\"canonical\" href=\"https:\/\/manitusolar.ro\/en\/product\/k2-carlig-de-acoperis-k2-crosshook-3s-carlig-din-aluminiu-pentru-sine-crossrail-si-singlerail-pre-asamblat-cu-accesoriu-climber-nou\/\" \/>\n<meta property=\"og:locale\" content=\"en_US\" \/>\n<meta property=\"og:type\" content=\"article\" \/>\n<meta property=\"og:title\" content=\"K2 C\u00e2rlig acoperi\u0219 CrossHook 3S preasamblat pentru CrossRail \u0219i SingleRail - Manitu Solar\" \/>\n<meta property=\"og:description\" content=\"Dispozitiv de fixare pentru acoperi\u0219 cu 3x plac\u0103 de baz\u0103 reglabil\u0103 vertical (40,47,54 mm) pentru c\u0103priori de la 48 mm (capriori \u00eenguste de la 36 mm posibil cu \u0219uruburi M6 pentru construc\u021bie din lemn). Cu K2 Climber 36\/50 pre-asamblat \u0219i \u0219urub hexagonal. Folosit pentru fixarea pe \u0219ina de montare K2 tip K2 SingleRail \u0219i CrossRail. [&hellip;]\" \/>\n<meta property=\"og:url\" content=\"https:\/\/manitusolar.ro\/en\/product\/k2-carlig-de-acoperis-k2-crosshook-3s-carlig-din-aluminiu-pentru-sine-crossrail-si-singlerail-pre-asamblat-cu-accesoriu-climber-nou\/\" \/>\n<meta property=\"og:site_name\" content=\"Manitu Solar\" \/>\n<meta property=\"article:modified_time\" content=\"2026-03-13T09:06:03+00:00\" \/>\n<meta property=\"og:image\" content=\"https:\/\/manitusolar.ro\/wp-content\/uploads\/2024\/10\/2003215-MD01_1920x1920.jpg\" \/>\n\t<meta property=\"og:image:width\" content=\"1454\" \/>\n\t<meta property=\"og:image:height\" content=\"997\" \/>\n\t<meta property=\"og:image:type\" content=\"image\/jpeg\" \/>\n<meta name=\"twitter:card\" content=\"summary_large_image\" \/>\n<meta name=\"twitter:label1\" content=\"Est. reading time\" \/>\n\t<meta name=\"twitter:data1\" content=\"1 minute\" \/>\n<script type=\"application\/ld+json\" class=\"yoast-schema-graph\">{\"@context\":\"https:\\\/\\\/schema.org\",\"@graph\":[{\"@type\":\"WebPage\",\"@id\":\"https:\\\/\\\/manitusolar.ro\\\/produs\\\/k2-carlig-de-acoperis-k2-crosshook-3s-carlig-din-aluminiu-pentru-sine-crossrail-si-singlerail-pre-asamblat-cu-accesoriu-climber-nou\\\/\",\"url\":\"https:\\\/\\\/manitusolar.ro\\\/produs\\\/k2-carlig-de-acoperis-k2-crosshook-3s-carlig-din-aluminiu-pentru-sine-crossrail-si-singlerail-pre-asamblat-cu-accesoriu-climber-nou\\\/\",\"name\":\"K2 C\u00e2rlig acoperi\u0219 CrossHook 3S preasamblat pentru CrossRail \u0219i SingleRail - Manitu Solar\",\"isPartOf\":{\"@id\":\"https:\\\/\\\/manitusolar.ro\\\/#website\"},\"primaryImageOfPage\":{\"@id\":\"https:\\\/\\\/manitusolar.ro\\\/produs\\\/k2-carlig-de-acoperis-k2-crosshook-3s-carlig-din-aluminiu-pentru-sine-crossrail-si-singlerail-pre-asamblat-cu-accesoriu-climber-nou\\\/#primaryimage\"},\"image\":{\"@id\":\"https:\\\/\\\/manitusolar.ro\\\/produs\\\/k2-carlig-de-acoperis-k2-crosshook-3s-carlig-din-aluminiu-pentru-sine-crossrail-si-singlerail-pre-asamblat-cu-accesoriu-climber-nou\\\/#primaryimage\"},\"thumbnailUrl\":\"https:\\\/\\\/manitusolar.ro\\\/wp-content\\\/uploads\\\/2024\\\/10\\\/2003215-MD01_1920x1920.jpg\",\"datePublished\":\"2024-10-15T08:57:12+00:00\",\"dateModified\":\"2026-03-13T09:06:03+00:00\",\"breadcrumb\":{\"@id\":\"https:\\\/\\\/manitusolar.ro\\\/produs\\\/k2-carlig-de-acoperis-k2-crosshook-3s-carlig-din-aluminiu-pentru-sine-crossrail-si-singlerail-pre-asamblat-cu-accesoriu-climber-nou\\\/#breadcrumb\"},\"inLanguage\":\"en-US\",\"potentialAction\":[{\"@type\":\"ReadAction\",\"target\":[\"https:\\\/\\\/manitusolar.ro\\\/produs\\\/k2-carlig-de-acoperis-k2-crosshook-3s-carlig-din-aluminiu-pentru-sine-crossrail-si-singlerail-pre-asamblat-cu-accesoriu-climber-nou\\\/\"]}]},{\"@type\":\"ImageObject\",\"inLanguage\":\"en-US\",\"@id\":\"https:\\\/\\\/manitusolar.ro\\\/produs\\\/k2-carlig-de-acoperis-k2-crosshook-3s-carlig-din-aluminiu-pentru-sine-crossrail-si-singlerail-pre-asamblat-cu-accesoriu-climber-nou\\\/#primaryimage\",\"url\":\"https:\\\/\\\/manitusolar.ro\\\/wp-content\\\/uploads\\\/2024\\\/10\\\/2003215-MD01_1920x1920.jpg\",\"contentUrl\":\"https:\\\/\\\/manitusolar.ro\\\/wp-content\\\/uploads\\\/2024\\\/10\\\/2003215-MD01_1920x1920.jpg\",\"width\":1454,\"height\":997},{\"@type\":\"BreadcrumbList\",\"@id\":\"https:\\\/\\\/manitusolar.ro\\\/produs\\\/k2-carlig-de-acoperis-k2-crosshook-3s-carlig-din-aluminiu-pentru-sine-crossrail-si-singlerail-pre-asamblat-cu-accesoriu-climber-nou\\\/#breadcrumb\",\"itemListElement\":[{\"@type\":\"ListItem\",\"position\":1,\"name\":\"Home\",\"item\":\"https:\\\/\\\/manitusolar.ro\\\/\"},{\"@type\":\"ListItem\",\"position\":2,\"name\":\"Magazin B2B\",\"item\":\"https:\\\/\\\/manitusolar.ro\\\/shop\\\/\"},{\"@type\":\"ListItem\",\"position\":3,\"name\":\"K2 C\u00e2rlig acoperi\u0219 CrossHook 3S preasamblat pentru CrossRail \u0219i SingleRail\"}]},{\"@type\":\"WebSite\",\"@id\":\"https:\\\/\\\/manitusolar.ro\\\/#website\",\"url\":\"https:\\\/\\\/manitusolar.ro\\\/\",\"name\":\"Manitu Solar\",\"description\":\"Distribuitor fotovoltaice, importator direct de panouri si sisteme fotovoltaice\",\"publisher\":{\"@id\":\"https:\\\/\\\/manitusolar.ro\\\/#organization\"},\"potentialAction\":[{\"@type\":\"SearchAction\",\"target\":{\"@type\":\"EntryPoint\",\"urlTemplate\":\"https:\\\/\\\/manitusolar.ro\\\/?s={search_term_string}\"},\"query-input\":{\"@type\":\"PropertyValueSpecification\",\"valueRequired\":true,\"valueName\":\"search_term_string\"}}],\"inLanguage\":\"en-US\"},{\"@type\":\"Organization\",\"@id\":\"https:\\\/\\\/manitusolar.ro\\\/#organization\",\"name\":\"Manitu Solar\",\"url\":\"https:\\\/\\\/manitusolar.ro\\\/\",\"logo\":{\"@type\":\"ImageObject\",\"inLanguage\":\"en-US\",\"@id\":\"https:\\\/\\\/manitusolar.ro\\\/#\\\/schema\\\/logo\\\/image\\\/\",\"url\":\"https:\\\/\\\/manitusolar.ro\\\/wp-content\\\/uploads\\\/2024\\\/08\\\/manitu_solar_color.svg\",\"contentUrl\":\"https:\\\/\\\/manitusolar.ro\\\/wp-content\\\/uploads\\\/2024\\\/08\\\/manitu_solar_color.svg\",\"width\":280,\"height\":60,\"caption\":\"Manitu Solar\"},\"image\":{\"@id\":\"https:\\\/\\\/manitusolar.ro\\\/#\\\/schema\\\/logo\\\/image\\\/\"}}]}<\/script>\n<!-- \/ Yoast SEO plugin. -->","yoast_head_json":{"title":"K2 C\u00e2rlig acoperi\u0219 CrossHook 3S preasamblat pentru CrossRail \u0219i SingleRail - Manitu Solar","robots":{"index":"index","follow":"follow","max-snippet":"max-snippet:-1","max-image-preview":"max-image-preview:large","max-video-preview":"max-video-preview:-1"},"canonical":"https:\/\/manitusolar.ro\/en\/product\/k2-carlig-de-acoperis-k2-crosshook-3s-carlig-din-aluminiu-pentru-sine-crossrail-si-singlerail-pre-asamblat-cu-accesoriu-climber-nou\/","og_locale":"en_US","og_type":"article","og_title":"K2 C\u00e2rlig acoperi\u0219 CrossHook 3S preasamblat pentru CrossRail \u0219i SingleRail - Manitu Solar","og_description":"Dispozitiv de fixare pentru acoperi\u0219 cu 3x plac\u0103 de baz\u0103 reglabil\u0103 vertical (40,47,54 mm) pentru c\u0103priori de la 48 mm (capriori \u00eenguste de la 36 mm posibil cu \u0219uruburi M6 pentru construc\u021bie din lemn). Cu K2 Climber 36\/50 pre-asamblat \u0219i \u0219urub hexagonal. Folosit pentru fixarea pe \u0219ina de montare K2 tip K2 SingleRail \u0219i CrossRail. [&hellip;]","og_url":"https:\/\/manitusolar.ro\/en\/product\/k2-carlig-de-acoperis-k2-crosshook-3s-carlig-din-aluminiu-pentru-sine-crossrail-si-singlerail-pre-asamblat-cu-accesoriu-climber-nou\/","og_site_name":"Manitu Solar","article_modified_time":"2026-03-13T09:06:03+00:00","og_image":[{"width":1454,"height":997,"url":"https:\/\/manitusolar.ro\/wp-content\/uploads\/2024\/10\/2003215-MD01_1920x1920.jpg","type":"image\/jpeg"}],"twitter_card":"summary_large_image","twitter_misc":{"Est. reading time":"1 minute"},"schema":{"@context":"https:\/\/schema.org","@graph":[{"@type":"WebPage","@id":"https:\/\/manitusolar.ro\/produs\/k2-carlig-de-acoperis-k2-crosshook-3s-carlig-din-aluminiu-pentru-sine-crossrail-si-singlerail-pre-asamblat-cu-accesoriu-climber-nou\/","url":"https:\/\/manitusolar.ro\/produs\/k2-carlig-de-acoperis-k2-crosshook-3s-carlig-din-aluminiu-pentru-sine-crossrail-si-singlerail-pre-asamblat-cu-accesoriu-climber-nou\/","name":"K2 C\u00e2rlig acoperi\u0219 CrossHook 3S preasamblat pentru CrossRail \u0219i SingleRail - Manitu Solar","isPartOf":{"@id":"https:\/\/manitusolar.ro\/#website"},"primaryImageOfPage":{"@id":"https:\/\/manitusolar.ro\/produs\/k2-carlig-de-acoperis-k2-crosshook-3s-carlig-din-aluminiu-pentru-sine-crossrail-si-singlerail-pre-asamblat-cu-accesoriu-climber-nou\/#primaryimage"},"image":{"@id":"https:\/\/manitusolar.ro\/produs\/k2-carlig-de-acoperis-k2-crosshook-3s-carlig-din-aluminiu-pentru-sine-crossrail-si-singlerail-pre-asamblat-cu-accesoriu-climber-nou\/#primaryimage"},"thumbnailUrl":"https:\/\/manitusolar.ro\/wp-content\/uploads\/2024\/10\/2003215-MD01_1920x1920.jpg","datePublished":"2024-10-15T08:57:12+00:00","dateModified":"2026-03-13T09:06:03+00:00","breadcrumb":{"@id":"https:\/\/manitusolar.ro\/produs\/k2-carlig-de-acoperis-k2-crosshook-3s-carlig-din-aluminiu-pentru-sine-crossrail-si-singlerail-pre-asamblat-cu-accesoriu-climber-nou\/#breadcrumb"},"inLanguage":"en-US","potentialAction":[{"@type":"ReadAction","target":["https:\/\/manitusolar.ro\/produs\/k2-carlig-de-acoperis-k2-crosshook-3s-carlig-din-aluminiu-pentru-sine-crossrail-si-singlerail-pre-asamblat-cu-accesoriu-climber-nou\/"]}]},{"@type":"ImageObject","inLanguage":"en-US","@id":"https:\/\/manitusolar.ro\/produs\/k2-carlig-de-acoperis-k2-crosshook-3s-carlig-din-aluminiu-pentru-sine-crossrail-si-singlerail-pre-asamblat-cu-accesoriu-climber-nou\/#primaryimage","url":"https:\/\/manitusolar.ro\/wp-content\/uploads\/2024\/10\/2003215-MD01_1920x1920.jpg","contentUrl":"https:\/\/manitusolar.ro\/wp-content\/uploads\/2024\/10\/2003215-MD01_1920x1920.jpg","width":1454,"height":997},{"@type":"BreadcrumbList","@id":"https:\/\/manitusolar.ro\/produs\/k2-carlig-de-acoperis-k2-crosshook-3s-carlig-din-aluminiu-pentru-sine-crossrail-si-singlerail-pre-asamblat-cu-accesoriu-climber-nou\/#breadcrumb","itemListElement":[{"@type":"ListItem","position":1,"name":"Home","item":"https:\/\/manitusolar.ro\/"},{"@type":"ListItem","position":2,"name":"Magazin B2B","item":"https:\/\/manitusolar.ro\/shop\/"},{"@type":"ListItem","position":3,"name":"K2 C\u00e2rlig acoperi\u0219 CrossHook 3S preasamblat pentru CrossRail \u0219i SingleRail"}]},{"@type":"WebSite","@id":"https:\/\/manitusolar.ro\/#website","url":"https:\/\/manitusolar.ro\/","name":"Manitu Solar","description":"Distribuitor fotovoltaice, importator direct de panouri si sisteme fotovoltaice","publisher":{"@id":"https:\/\/manitusolar.ro\/#organization"},"potentialAction":[{"@type":"SearchAction","target":{"@type":"EntryPoint","urlTemplate":"https:\/\/manitusolar.ro\/?s={search_term_string}"},"query-input":{"@type":"PropertyValueSpecification","valueRequired":true,"valueName":"search_term_string"}}],"inLanguage":"en-US"},{"@type":"Organization","@id":"https:\/\/manitusolar.ro\/#organization","name":"Manitu Solar","url":"https:\/\/manitusolar.ro\/","logo":{"@type":"ImageObject","inLanguage":"en-US","@id":"https:\/\/manitusolar.ro\/#\/schema\/logo\/image\/","url":"https:\/\/manitusolar.ro\/wp-content\/uploads\/2024\/08\/manitu_solar_color.svg","contentUrl":"https:\/\/manitusolar.ro\/wp-content\/uploads\/2024\/08\/manitu_solar_color.svg","width":280,"height":60,"caption":"Manitu Solar"},"image":{"@id":"https:\/\/manitusolar.ro\/#\/schema\/logo\/image\/"}}]}},"_links":{"self":[{"href":"https:\/\/manitusolar.ro\/en\/wp-json\/wp\/v2\/product\/6865","targetHints":{"allow":["GET"]}}],"collection":[{"href":"https:\/\/manitusolar.ro\/en\/wp-json\/wp\/v2\/product"}],"about":[{"href":"https:\/\/manitusolar.ro\/en\/wp-json\/wp\/v2\/types\/product"}],"version-history":[{"count":3,"href":"https:\/\/manitusolar.ro\/en\/wp-json\/wp\/v2\/product\/6865\/revisions"}],"predecessor-version":[{"id":10057,"href":"https:\/\/manitusolar.ro\/en\/wp-json\/wp\/v2\/product\/6865\/revisions\/10057"}],"wp:featuredmedia":[{"embeddable":true,"href":"https:\/\/manitusolar.ro\/en\/wp-json\/wp\/v2\/media\/7680"}],"wp:attachment":[{"href":"https:\/\/manitusolar.ro\/en\/wp-json\/wp\/v2\/media?parent=6865"}],"wp:term":[{"taxonomy":"product_brand","embeddable":true,"href":"https:\/\/manitusolar.ro\/en\/wp-json\/wp\/v2\/product_brand?post=6865"},{"taxonomy":"product_cat","embeddable":true,"href":"https:\/\/manitusolar.ro\/en\/wp-json\/wp\/v2\/product_cat?post=6865"},{"taxonomy":"product_tag","embeddable":true,"href":"https:\/\/manitusolar.ro\/en\/wp-json\/wp\/v2\/product_tag?post=6865"}],"curies":[{"name":"wp","href":"https:\/\/api.w.org\/{rel}","templated":true}]}}