{"id":6871,"date":"2024-10-15T11:59:21","date_gmt":"2024-10-15T08:59:21","guid":{"rendered":"https:\/\/manitusolar.ro\/produs\/produs\/"},"modified":"2026-03-06T10:01:18","modified_gmt":"2026-03-06T08:01:18","slug":"k2-carlig-de-acoperis-k2-pentru-acoperis-cu-coada-de-castor-otel-40x6mm-versiune-scurta","status":"publish","type":"product","link":"https:\/\/manitusolar.ro\/en\/product\/k2-carlig-de-acoperis-k2-pentru-acoperis-cu-coada-de-castor-otel-40x6mm-versiune-scurta\/","title":{"rendered":"K2 C\u00e2rlig acoperi\u0219 pentru \u021bigl\u0103 cu coad\u0103 de castor o\u021bel 40&#215;6 mm versiune scurt\u0103"},"content":{"rendered":"<div class=\"product-detail-description-text\"><span>Pentru fixarea pieselor sistemului K2 pe acoperi\u0219uri din c\u0103r\u0103mid\u0103 de lut cu acoperi\u0219 plat din \u021bigl\u0103. Suport cu orificiu alungit pentru fixarea SolidRail cu T-Bolt \u0219i Piuli\u021b\u0103 M10. Placa de baza: 40&#215;50 mm, Inaltime sub suport: 33 mm, Inaltime suport: 62 mm, Inaltime totala: 122 mm, Ad\u00e2ncime suport: 189 mm. Material: o\u021bel inoxidabil A2 (1.4301)<\/span><\/div>\n<div><\/div>\n<div class=\"product-detail-properties\">\n<div class=\"row product-detail-properties-container\">\n<div class=\"col-12\">\n<table class=\"table\">\n<tbody>\n<tr class=\"properties-row\">\n<th class=\"properties-label\"><span>Reglabil:<\/span><\/th>\n<td class=\"properties-value\"><span>Nu<\/span><\/td>\n<\/tr>\n<tr class=\"properties-row\">\n<th class=\"properties-label\"><span>Include hardware pentru montarea \u0219inei:<\/span><\/th>\n<td class=\"properties-value\"><span>Nu<\/span><\/td>\n<\/tr>\n<tr class=\"properties-row\">\n<th class=\"properties-label\"><span>Sisteme de montare:<\/span><\/th>\n<td class=\"properties-value\"><span>Sistemul K2 InsertionRail\u00a0<\/span><span>, Sistemul K2 SolidRail<\/span><\/td>\n<\/tr>\n<tr class=\"properties-row\">\n<th class=\"properties-label\"><span>Domeniul de aplicare:<\/span><\/th>\n<td class=\"properties-value\"><span>Acoperi\u0219 \u00eenclinat<\/span><\/td>\n<\/tr>\n<tr class=\"properties-row\">\n<th class=\"properties-label\"><span>Tip componente:<\/span><\/th>\n<td class=\"properties-value\"><span>C\u00e2rlig de acoperi\u0219<\/span><\/td>\n<\/tr>\n<tr class=\"properties-row\">\n<th class=\"properties-label\"><span>Material:<\/span><\/th>\n<td class=\"properties-value\"><span>O\u021bel inoxidabil 1.4301<\/span><\/td>\n<\/tr>\n<tr class=\"properties-row\">\n<th class=\"properties-label\"><span>Unitatea de v\u00e2nzare:<\/span><\/th>\n<td class=\"properties-value\"><span>25 bucat\u0103<\/span><\/td>\n<\/tr>\n<tr class=\"properties-row\">\n<th class=\"properties-label\"><span>Tip ambalaj:<\/span><\/th>\n<td class=\"properties-value\">\n<div><span>25 \/ Cutie<\/span><\/div>\n<div><span>1.000 \/ palet<\/span><\/div>\n<\/td>\n<\/tr>\n<tr class=\"properties-row\">\n<th class=\"properties-label\"><span>Greutate:<\/span><\/th>\n<td class=\"properties-value\"><span>0,7 Kg<\/span><\/td>\n<\/tr>\n<\/tbody>\n<\/table>\n<\/div>\n<\/div>\n<\/div>","protected":false},"excerpt":{"rendered":"<p>Pentru fixarea pieselor sistemului K2 pe acoperi\u0219uri din c\u0103r\u0103mid\u0103 de lut cu acoperi\u0219 plat din \u021bigl\u0103. Suport cu orificiu alungit pentru fixarea SolidRail cu T-Bolt \u0219i Piuli\u021b\u0103 M10. Placa de baza: 40&#215;50 mm, Inaltime sub suport: 33 mm, Inaltime suport: 62 mm, Inaltime totala: 122 mm, Ad\u00e2ncime suport: 189 mm. Material: o\u021bel inoxidabil A2 (1.4301) [&hellip;]<\/p>\n","protected":false},"featured_media":7673,"template":"","meta":[],"product_brand":[],"product_cat":[23],"product_tag":[],"class_list":{"0":"post-6871","1":"product","2":"type-product","3":"status-publish","4":"has-post-thumbnail","6":"product_cat-structuri-fotovoltaice-k2","8":"first","9":"outofstock","10":"taxable","11":"shipping-taxable","12":"purchasable","13":"product-type-simple"},"yoast_head":"<!-- This site is optimized with the Yoast SEO plugin v27.3 - https:\/\/yoast.com\/product\/yoast-seo-wordpress\/ -->\n<title>K2 C\u00e2rlig acoperi\u0219 pentru \u021bigl\u0103 cu coad\u0103 de castor o\u021bel 40x6 mm versiune scurt\u0103 - Manitu Solar<\/title>\n<meta name=\"robots\" content=\"index, follow, max-snippet:-1, max-image-preview:large, max-video-preview:-1\" \/>\n<link rel=\"canonical\" href=\"https:\/\/manitusolar.ro\/en\/product\/k2-carlig-de-acoperis-k2-pentru-acoperis-cu-coada-de-castor-otel-40x6mm-versiune-scurta\/\" \/>\n<meta property=\"og:locale\" content=\"en_US\" \/>\n<meta property=\"og:type\" content=\"article\" \/>\n<meta property=\"og:title\" content=\"K2 C\u00e2rlig acoperi\u0219 pentru \u021bigl\u0103 cu coad\u0103 de castor o\u021bel 40x6 mm versiune scurt\u0103 - Manitu Solar\" \/>\n<meta property=\"og:description\" content=\"Pentru fixarea pieselor sistemului K2 pe acoperi\u0219uri din c\u0103r\u0103mid\u0103 de lut cu acoperi\u0219 plat din \u021bigl\u0103. Suport cu orificiu alungit pentru fixarea SolidRail cu T-Bolt \u0219i Piuli\u021b\u0103 M10. Placa de baza: 40&#215;50 mm, Inaltime sub suport: 33 mm, Inaltime suport: 62 mm, Inaltime totala: 122 mm, Ad\u00e2ncime suport: 189 mm. Material: o\u021bel inoxidabil A2 (1.4301) [&hellip;]\" \/>\n<meta property=\"og:url\" content=\"https:\/\/manitusolar.ro\/en\/product\/k2-carlig-de-acoperis-k2-pentru-acoperis-cu-coada-de-castor-otel-40x6mm-versiune-scurta\/\" \/>\n<meta property=\"og:site_name\" content=\"Manitu Solar\" \/>\n<meta property=\"article:modified_time\" content=\"2026-03-06T08:01:18+00:00\" \/>\n<meta property=\"og:image\" content=\"https:\/\/manitusolar.ro\/wp-content\/uploads\/2024\/10\/1000214-MD01_1920x1920.jpg\" \/>\n\t<meta property=\"og:image:width\" content=\"1136\" \/>\n\t<meta property=\"og:image:height\" content=\"574\" \/>\n\t<meta property=\"og:image:type\" content=\"image\/jpeg\" \/>\n<meta name=\"twitter:card\" content=\"summary_large_image\" \/>\n<script type=\"application\/ld+json\" class=\"yoast-schema-graph\">{\"@context\":\"https:\\\/\\\/schema.org\",\"@graph\":[{\"@type\":\"WebPage\",\"@id\":\"https:\\\/\\\/manitusolar.ro\\\/produs\\\/k2-carlig-de-acoperis-k2-pentru-acoperis-cu-coada-de-castor-otel-40x6mm-versiune-scurta\\\/\",\"url\":\"https:\\\/\\\/manitusolar.ro\\\/produs\\\/k2-carlig-de-acoperis-k2-pentru-acoperis-cu-coada-de-castor-otel-40x6mm-versiune-scurta\\\/\",\"name\":\"K2 C\u00e2rlig acoperi\u0219 pentru \u021bigl\u0103 cu coad\u0103 de castor o\u021bel 40x6 mm versiune scurt\u0103 - Manitu Solar\",\"isPartOf\":{\"@id\":\"https:\\\/\\\/manitusolar.ro\\\/#website\"},\"primaryImageOfPage\":{\"@id\":\"https:\\\/\\\/manitusolar.ro\\\/produs\\\/k2-carlig-de-acoperis-k2-pentru-acoperis-cu-coada-de-castor-otel-40x6mm-versiune-scurta\\\/#primaryimage\"},\"image\":{\"@id\":\"https:\\\/\\\/manitusolar.ro\\\/produs\\\/k2-carlig-de-acoperis-k2-pentru-acoperis-cu-coada-de-castor-otel-40x6mm-versiune-scurta\\\/#primaryimage\"},\"thumbnailUrl\":\"https:\\\/\\\/manitusolar.ro\\\/wp-content\\\/uploads\\\/2024\\\/10\\\/1000214-MD01_1920x1920.jpg\",\"datePublished\":\"2024-10-15T08:59:21+00:00\",\"dateModified\":\"2026-03-06T08:01:18+00:00\",\"breadcrumb\":{\"@id\":\"https:\\\/\\\/manitusolar.ro\\\/produs\\\/k2-carlig-de-acoperis-k2-pentru-acoperis-cu-coada-de-castor-otel-40x6mm-versiune-scurta\\\/#breadcrumb\"},\"inLanguage\":\"en-US\",\"potentialAction\":[{\"@type\":\"ReadAction\",\"target\":[\"https:\\\/\\\/manitusolar.ro\\\/produs\\\/k2-carlig-de-acoperis-k2-pentru-acoperis-cu-coada-de-castor-otel-40x6mm-versiune-scurta\\\/\"]}]},{\"@type\":\"ImageObject\",\"inLanguage\":\"en-US\",\"@id\":\"https:\\\/\\\/manitusolar.ro\\\/produs\\\/k2-carlig-de-acoperis-k2-pentru-acoperis-cu-coada-de-castor-otel-40x6mm-versiune-scurta\\\/#primaryimage\",\"url\":\"https:\\\/\\\/manitusolar.ro\\\/wp-content\\\/uploads\\\/2024\\\/10\\\/1000214-MD01_1920x1920.jpg\",\"contentUrl\":\"https:\\\/\\\/manitusolar.ro\\\/wp-content\\\/uploads\\\/2024\\\/10\\\/1000214-MD01_1920x1920.jpg\",\"width\":1136,\"height\":574},{\"@type\":\"BreadcrumbList\",\"@id\":\"https:\\\/\\\/manitusolar.ro\\\/produs\\\/k2-carlig-de-acoperis-k2-pentru-acoperis-cu-coada-de-castor-otel-40x6mm-versiune-scurta\\\/#breadcrumb\",\"itemListElement\":[{\"@type\":\"ListItem\",\"position\":1,\"name\":\"Home\",\"item\":\"https:\\\/\\\/manitusolar.ro\\\/\"},{\"@type\":\"ListItem\",\"position\":2,\"name\":\"Magazin B2B\",\"item\":\"https:\\\/\\\/manitusolar.ro\\\/shop\\\/\"},{\"@type\":\"ListItem\",\"position\":3,\"name\":\"K2 C\u00e2rlig acoperi\u0219 pentru \u021bigl\u0103 cu coad\u0103 de castor o\u021bel 40&#215;6 mm versiune scurt\u0103\"}]},{\"@type\":\"WebSite\",\"@id\":\"https:\\\/\\\/manitusolar.ro\\\/#website\",\"url\":\"https:\\\/\\\/manitusolar.ro\\\/\",\"name\":\"Manitu Solar\",\"description\":\"Distribuitor fotovoltaice, importator direct de panouri si sisteme fotovoltaice\",\"publisher\":{\"@id\":\"https:\\\/\\\/manitusolar.ro\\\/#organization\"},\"potentialAction\":[{\"@type\":\"SearchAction\",\"target\":{\"@type\":\"EntryPoint\",\"urlTemplate\":\"https:\\\/\\\/manitusolar.ro\\\/?s={search_term_string}\"},\"query-input\":{\"@type\":\"PropertyValueSpecification\",\"valueRequired\":true,\"valueName\":\"search_term_string\"}}],\"inLanguage\":\"en-US\"},{\"@type\":\"Organization\",\"@id\":\"https:\\\/\\\/manitusolar.ro\\\/#organization\",\"name\":\"Manitu Solar\",\"url\":\"https:\\\/\\\/manitusolar.ro\\\/\",\"logo\":{\"@type\":\"ImageObject\",\"inLanguage\":\"en-US\",\"@id\":\"https:\\\/\\\/manitusolar.ro\\\/#\\\/schema\\\/logo\\\/image\\\/\",\"url\":\"https:\\\/\\\/manitusolar.ro\\\/wp-content\\\/uploads\\\/2024\\\/08\\\/manitu_solar_color.svg\",\"contentUrl\":\"https:\\\/\\\/manitusolar.ro\\\/wp-content\\\/uploads\\\/2024\\\/08\\\/manitu_solar_color.svg\",\"width\":280,\"height\":60,\"caption\":\"Manitu Solar\"},\"image\":{\"@id\":\"https:\\\/\\\/manitusolar.ro\\\/#\\\/schema\\\/logo\\\/image\\\/\"}}]}<\/script>\n<!-- \/ Yoast SEO plugin. -->","yoast_head_json":{"title":"K2 C\u00e2rlig acoperi\u0219 pentru \u021bigl\u0103 cu coad\u0103 de castor o\u021bel 40x6 mm versiune scurt\u0103 - Manitu Solar","robots":{"index":"index","follow":"follow","max-snippet":"max-snippet:-1","max-image-preview":"max-image-preview:large","max-video-preview":"max-video-preview:-1"},"canonical":"https:\/\/manitusolar.ro\/en\/product\/k2-carlig-de-acoperis-k2-pentru-acoperis-cu-coada-de-castor-otel-40x6mm-versiune-scurta\/","og_locale":"en_US","og_type":"article","og_title":"K2 C\u00e2rlig acoperi\u0219 pentru \u021bigl\u0103 cu coad\u0103 de castor o\u021bel 40x6 mm versiune scurt\u0103 - Manitu Solar","og_description":"Pentru fixarea pieselor sistemului K2 pe acoperi\u0219uri din c\u0103r\u0103mid\u0103 de lut cu acoperi\u0219 plat din \u021bigl\u0103. Suport cu orificiu alungit pentru fixarea SolidRail cu T-Bolt \u0219i Piuli\u021b\u0103 M10. Placa de baza: 40&#215;50 mm, Inaltime sub suport: 33 mm, Inaltime suport: 62 mm, Inaltime totala: 122 mm, Ad\u00e2ncime suport: 189 mm. Material: o\u021bel inoxidabil A2 (1.4301) [&hellip;]","og_url":"https:\/\/manitusolar.ro\/en\/product\/k2-carlig-de-acoperis-k2-pentru-acoperis-cu-coada-de-castor-otel-40x6mm-versiune-scurta\/","og_site_name":"Manitu Solar","article_modified_time":"2026-03-06T08:01:18+00:00","og_image":[{"width":1136,"height":574,"url":"https:\/\/manitusolar.ro\/wp-content\/uploads\/2024\/10\/1000214-MD01_1920x1920.jpg","type":"image\/jpeg"}],"twitter_card":"summary_large_image","schema":{"@context":"https:\/\/schema.org","@graph":[{"@type":"WebPage","@id":"https:\/\/manitusolar.ro\/produs\/k2-carlig-de-acoperis-k2-pentru-acoperis-cu-coada-de-castor-otel-40x6mm-versiune-scurta\/","url":"https:\/\/manitusolar.ro\/produs\/k2-carlig-de-acoperis-k2-pentru-acoperis-cu-coada-de-castor-otel-40x6mm-versiune-scurta\/","name":"K2 C\u00e2rlig acoperi\u0219 pentru \u021bigl\u0103 cu coad\u0103 de castor o\u021bel 40x6 mm versiune scurt\u0103 - Manitu Solar","isPartOf":{"@id":"https:\/\/manitusolar.ro\/#website"},"primaryImageOfPage":{"@id":"https:\/\/manitusolar.ro\/produs\/k2-carlig-de-acoperis-k2-pentru-acoperis-cu-coada-de-castor-otel-40x6mm-versiune-scurta\/#primaryimage"},"image":{"@id":"https:\/\/manitusolar.ro\/produs\/k2-carlig-de-acoperis-k2-pentru-acoperis-cu-coada-de-castor-otel-40x6mm-versiune-scurta\/#primaryimage"},"thumbnailUrl":"https:\/\/manitusolar.ro\/wp-content\/uploads\/2024\/10\/1000214-MD01_1920x1920.jpg","datePublished":"2024-10-15T08:59:21+00:00","dateModified":"2026-03-06T08:01:18+00:00","breadcrumb":{"@id":"https:\/\/manitusolar.ro\/produs\/k2-carlig-de-acoperis-k2-pentru-acoperis-cu-coada-de-castor-otel-40x6mm-versiune-scurta\/#breadcrumb"},"inLanguage":"en-US","potentialAction":[{"@type":"ReadAction","target":["https:\/\/manitusolar.ro\/produs\/k2-carlig-de-acoperis-k2-pentru-acoperis-cu-coada-de-castor-otel-40x6mm-versiune-scurta\/"]}]},{"@type":"ImageObject","inLanguage":"en-US","@id":"https:\/\/manitusolar.ro\/produs\/k2-carlig-de-acoperis-k2-pentru-acoperis-cu-coada-de-castor-otel-40x6mm-versiune-scurta\/#primaryimage","url":"https:\/\/manitusolar.ro\/wp-content\/uploads\/2024\/10\/1000214-MD01_1920x1920.jpg","contentUrl":"https:\/\/manitusolar.ro\/wp-content\/uploads\/2024\/10\/1000214-MD01_1920x1920.jpg","width":1136,"height":574},{"@type":"BreadcrumbList","@id":"https:\/\/manitusolar.ro\/produs\/k2-carlig-de-acoperis-k2-pentru-acoperis-cu-coada-de-castor-otel-40x6mm-versiune-scurta\/#breadcrumb","itemListElement":[{"@type":"ListItem","position":1,"name":"Home","item":"https:\/\/manitusolar.ro\/"},{"@type":"ListItem","position":2,"name":"Magazin B2B","item":"https:\/\/manitusolar.ro\/shop\/"},{"@type":"ListItem","position":3,"name":"K2 C\u00e2rlig acoperi\u0219 pentru \u021bigl\u0103 cu coad\u0103 de castor o\u021bel 40&#215;6 mm versiune scurt\u0103"}]},{"@type":"WebSite","@id":"https:\/\/manitusolar.ro\/#website","url":"https:\/\/manitusolar.ro\/","name":"Manitu Solar","description":"Distribuitor fotovoltaice, importator direct de panouri si sisteme fotovoltaice","publisher":{"@id":"https:\/\/manitusolar.ro\/#organization"},"potentialAction":[{"@type":"SearchAction","target":{"@type":"EntryPoint","urlTemplate":"https:\/\/manitusolar.ro\/?s={search_term_string}"},"query-input":{"@type":"PropertyValueSpecification","valueRequired":true,"valueName":"search_term_string"}}],"inLanguage":"en-US"},{"@type":"Organization","@id":"https:\/\/manitusolar.ro\/#organization","name":"Manitu Solar","url":"https:\/\/manitusolar.ro\/","logo":{"@type":"ImageObject","inLanguage":"en-US","@id":"https:\/\/manitusolar.ro\/#\/schema\/logo\/image\/","url":"https:\/\/manitusolar.ro\/wp-content\/uploads\/2024\/08\/manitu_solar_color.svg","contentUrl":"https:\/\/manitusolar.ro\/wp-content\/uploads\/2024\/08\/manitu_solar_color.svg","width":280,"height":60,"caption":"Manitu Solar"},"image":{"@id":"https:\/\/manitusolar.ro\/#\/schema\/logo\/image\/"}}]}},"_links":{"self":[{"href":"https:\/\/manitusolar.ro\/en\/wp-json\/wp\/v2\/product\/6871","targetHints":{"allow":["GET"]}}],"collection":[{"href":"https:\/\/manitusolar.ro\/en\/wp-json\/wp\/v2\/product"}],"about":[{"href":"https:\/\/manitusolar.ro\/en\/wp-json\/wp\/v2\/types\/product"}],"version-history":[{"count":4,"href":"https:\/\/manitusolar.ro\/en\/wp-json\/wp\/v2\/product\/6871\/revisions"}],"predecessor-version":[{"id":10059,"href":"https:\/\/manitusolar.ro\/en\/wp-json\/wp\/v2\/product\/6871\/revisions\/10059"}],"wp:featuredmedia":[{"embeddable":true,"href":"https:\/\/manitusolar.ro\/en\/wp-json\/wp\/v2\/media\/7673"}],"wp:attachment":[{"href":"https:\/\/manitusolar.ro\/en\/wp-json\/wp\/v2\/media?parent=6871"}],"wp:term":[{"taxonomy":"product_brand","embeddable":true,"href":"https:\/\/manitusolar.ro\/en\/wp-json\/wp\/v2\/product_brand?post=6871"},{"taxonomy":"product_cat","embeddable":true,"href":"https:\/\/manitusolar.ro\/en\/wp-json\/wp\/v2\/product_cat?post=6871"},{"taxonomy":"product_tag","embeddable":true,"href":"https:\/\/manitusolar.ro\/en\/wp-json\/wp\/v2\/product_tag?post=6871"}],"curies":[{"name":"wp","href":"https:\/\/api.w.org\/{rel}","templated":true}]}}