{"id":8219,"date":"2024-12-03T11:09:06","date_gmt":"2024-12-03T09:09:06","guid":{"rendered":"https:\/\/manitusolar.ro\/produs\/produs\/"},"modified":"2026-04-06T10:28:35","modified_gmt":"2026-04-06T07:28:35","slug":"k2-surub-hexagonal-m8x20-otel-inoxidabil-a2-flansa-cu-nervuri-nu-este-necesara-saiba","status":"publish","type":"product","link":"https:\/\/manitusolar.ro\/en\/product\/k2-surub-hexagonal-m8x20-otel-inoxidabil-a2-flansa-cu-nervuri-nu-este-necesara-saiba\/","title":{"rendered":"K2 \u0218urub hexagonal M8x20 (o\u021bel inoxidabil \u201eA2&#8243;), flan\u0219\u0103 cu nervuri (f\u0103r\u0103 \u0219aib\u0103)"},"content":{"rendered":"<div class=\"product-detail-description-text\"><span>\u0218urub cu cap cu cap hexagonal M8x20 cu zim\u021b ISO 4762. Dimensiune antrenare: A\/F 6. Material: o\u021bel inoxidabil A2<\/span><\/div>\n<div class=\"product-detail-properties\">\n<div class=\"row product-detail-properties-container\">\n<div class=\"col-12\">\n<table class=\"table\">\n<tbody>\n<tr class=\"properties-row\">\n<th class=\"properties-label\"><span>Diametru [mm]:<\/span><\/th>\n<td class=\"properties-value\"><span>8<\/span><\/td>\n<\/tr>\n<tr class=\"properties-row\">\n<th class=\"properties-label\"><span>Conduce:<\/span><\/th>\n<td class=\"properties-value\"><span>Cheie hexagonal\u0103 &#8211; 6 mm<\/span><\/td>\n<\/tr>\n<tr class=\"properties-row\">\n<th class=\"properties-label\"><span>Diametru cap [mm]:<\/span><\/th>\n<td class=\"properties-value\"><span>13<\/span><\/td>\n<\/tr>\n<tr class=\"properties-row\">\n<th class=\"properties-label\"><span>Forma capului:<\/span><\/th>\n<td class=\"properties-value\"><span>Chiulas\u0103<\/span><\/td>\n<\/tr>\n<tr class=\"properties-row\">\n<th class=\"properties-label\"><span>Lungime [mm]:<\/span><\/th>\n<td class=\"properties-value\"><span>20<\/span><\/td>\n<\/tr>\n<tr class=\"properties-row\">\n<th class=\"properties-label\"><span>Sisteme de montare:<\/span><\/th>\n<td class=\"properties-value\"><span>K2 Dome 6 System\u00a0<\/span><span>, K2 Dome Zero System\u00a0<\/span><span>, K2 GreenRoof Vento<\/span><\/td>\n<\/tr>\n<tr class=\"properties-row\">\n<th class=\"properties-label\"><span>Sisteme de montare | WallPV (UE):<\/span><\/th>\n<td class=\"properties-value\"><span>Clem\u0103 de fa\u021bad\u0103\u00a0<\/span><span>, K2 InsertionRail 2.0<\/span><\/td>\n<\/tr>\n<tr class=\"properties-row\">\n<th class=\"properties-label\"><span>Domeniul de aplicare:<\/span><\/th>\n<td class=\"properties-value\"><span>Acoperi\u0219 plat\u00a0<\/span><span>, acoperi\u0219 \u00eenclinat<\/span><\/td>\n<\/tr>\n<tr class=\"properties-row\">\n<th class=\"properties-label\"><span>Tip componente:<\/span><\/th>\n<td class=\"properties-value\"><span>Accesorii<\/span><\/td>\n<\/tr>\n<tr class=\"properties-row\">\n<th class=\"properties-label\"><span>Material:<\/span><\/th>\n<td class=\"properties-value\"><span>O\u021bel inoxidabil A2<\/span><\/td>\n<\/tr>\n<tr class=\"properties-row\">\n<th class=\"properties-label\"><span>Unitatea de v\u00e2nzare:<\/span><\/th>\n<td class=\"properties-value\"><span>200 buc<\/span><\/td>\n<\/tr>\n<tr class=\"properties-row\">\n<th class=\"properties-label\"><span>Tip ambalaj:<\/span><\/th>\n<td class=\"properties-value\">\n<div><span>200 \/ Cutie mic\u0103<\/span><\/div>\n<div><span>2.000 \/ cutie<\/span><\/div>\n<div><span>72.000 \/ Palet<\/span><\/div>\n<\/td>\n<\/tr>\n<tr class=\"properties-row\">\n<th class=\"properties-label\"><span>Greutate:<\/span><\/th>\n<td class=\"properties-value\"><span>0,013 Kg<\/span><\/td>\n<\/tr>\n<\/tbody>\n<\/table>\n<\/div>\n<\/div>\n<\/div>\n","protected":false},"excerpt":{"rendered":"<p>\u0218urub cu cap cu cap hexagonal M8x20 cu zim\u021b ISO 4762. Dimensiune antrenare: A\/F 6. Material: o\u021bel inoxidabil A2 Diametru [mm]: 8 Conduce: Cheie hexagonal\u0103 &#8211; 6 mm Diametru cap [mm]: 13 Forma capului: Chiulas\u0103 Lungime [mm]: 20 Sisteme de montare: K2 Dome 6 System\u00a0, K2 Dome Zero System\u00a0, K2 GreenRoof Vento Sisteme de montare [&hellip;]<\/p>\n","protected":false},"featured_media":8230,"template":"","meta":[],"product_brand":[],"product_cat":[23],"product_tag":[],"class_list":{"0":"post-8219","1":"product","2":"type-product","3":"status-publish","4":"has-post-thumbnail","6":"product_cat-structuri-fotovoltaice-k2","8":"first","9":"instock","10":"taxable","11":"shipping-taxable","12":"purchasable","13":"product-type-simple"},"yoast_head":"<!-- This site is optimized with the Yoast SEO plugin v27.3 - https:\/\/yoast.com\/product\/yoast-seo-wordpress\/ -->\n<title>K2 \u0218urub hexagonal M8x20 (o\u021bel inoxidabil \u201eA2&quot;), flan\u0219\u0103 cu nervuri (f\u0103r\u0103 \u0219aib\u0103) - Manitu Solar<\/title>\n<meta name=\"robots\" content=\"index, follow, max-snippet:-1, max-image-preview:large, max-video-preview:-1\" \/>\n<link rel=\"canonical\" href=\"https:\/\/manitusolar.ro\/en\/product\/k2-surub-hexagonal-m8x20-otel-inoxidabil-a2-flansa-cu-nervuri-nu-este-necesara-saiba\/\" \/>\n<meta property=\"og:locale\" content=\"en_US\" \/>\n<meta property=\"og:type\" content=\"article\" \/>\n<meta property=\"og:title\" content=\"K2 \u0218urub hexagonal M8x20 (o\u021bel inoxidabil \u201eA2&quot;), flan\u0219\u0103 cu nervuri (f\u0103r\u0103 \u0219aib\u0103) - Manitu Solar\" \/>\n<meta property=\"og:description\" content=\"\u0218urub cu cap cu cap hexagonal M8x20 cu zim\u021b ISO 4762. Dimensiune antrenare: A\/F 6. Material: o\u021bel inoxidabil A2 Diametru [mm]: 8 Conduce: Cheie hexagonal\u0103 &#8211; 6 mm Diametru cap [mm]: 13 Forma capului: Chiulas\u0103 Lungime [mm]: 20 Sisteme de montare: K2 Dome 6 System\u00a0, K2 Dome Zero System\u00a0, K2 GreenRoof Vento Sisteme de montare [&hellip;]\" \/>\n<meta property=\"og:url\" content=\"https:\/\/manitusolar.ro\/en\/product\/k2-surub-hexagonal-m8x20-otel-inoxidabil-a2-flansa-cu-nervuri-nu-este-necesara-saiba\/\" \/>\n<meta property=\"og:site_name\" content=\"Manitu Solar\" \/>\n<meta property=\"article:modified_time\" content=\"2026-04-06T07:28:35+00:00\" \/>\n<meta property=\"og:image\" content=\"https:\/\/manitusolar.ro\/wp-content\/uploads\/2024\/12\/2001729-MD01_1920x1920.jpg\" \/>\n\t<meta property=\"og:image:width\" content=\"124\" \/>\n\t<meta property=\"og:image:height\" content=\"375\" \/>\n\t<meta property=\"og:image:type\" content=\"image\/jpeg\" \/>\n<meta name=\"twitter:card\" content=\"summary_large_image\" \/>\n<script type=\"application\/ld+json\" class=\"yoast-schema-graph\">{\"@context\":\"https:\\\/\\\/schema.org\",\"@graph\":[{\"@type\":\"WebPage\",\"@id\":\"https:\\\/\\\/manitusolar.ro\\\/produs\\\/k2-surub-hexagonal-m8x20-otel-inoxidabil-a2-flansa-cu-nervuri-nu-este-necesara-saiba\\\/\",\"url\":\"https:\\\/\\\/manitusolar.ro\\\/produs\\\/k2-surub-hexagonal-m8x20-otel-inoxidabil-a2-flansa-cu-nervuri-nu-este-necesara-saiba\\\/\",\"name\":\"K2 \u0218urub hexagonal M8x20 (o\u021bel inoxidabil \u201eA2\\\"), flan\u0219\u0103 cu nervuri (f\u0103r\u0103 \u0219aib\u0103) - Manitu Solar\",\"isPartOf\":{\"@id\":\"https:\\\/\\\/manitusolar.ro\\\/#website\"},\"primaryImageOfPage\":{\"@id\":\"https:\\\/\\\/manitusolar.ro\\\/produs\\\/k2-surub-hexagonal-m8x20-otel-inoxidabil-a2-flansa-cu-nervuri-nu-este-necesara-saiba\\\/#primaryimage\"},\"image\":{\"@id\":\"https:\\\/\\\/manitusolar.ro\\\/produs\\\/k2-surub-hexagonal-m8x20-otel-inoxidabil-a2-flansa-cu-nervuri-nu-este-necesara-saiba\\\/#primaryimage\"},\"thumbnailUrl\":\"https:\\\/\\\/manitusolar.ro\\\/wp-content\\\/uploads\\\/2024\\\/12\\\/2001729-MD01_1920x1920.jpg\",\"datePublished\":\"2024-12-03T09:09:06+00:00\",\"dateModified\":\"2026-04-06T07:28:35+00:00\",\"breadcrumb\":{\"@id\":\"https:\\\/\\\/manitusolar.ro\\\/produs\\\/k2-surub-hexagonal-m8x20-otel-inoxidabil-a2-flansa-cu-nervuri-nu-este-necesara-saiba\\\/#breadcrumb\"},\"inLanguage\":\"en-US\",\"potentialAction\":[{\"@type\":\"ReadAction\",\"target\":[\"https:\\\/\\\/manitusolar.ro\\\/produs\\\/k2-surub-hexagonal-m8x20-otel-inoxidabil-a2-flansa-cu-nervuri-nu-este-necesara-saiba\\\/\"]}]},{\"@type\":\"ImageObject\",\"inLanguage\":\"en-US\",\"@id\":\"https:\\\/\\\/manitusolar.ro\\\/produs\\\/k2-surub-hexagonal-m8x20-otel-inoxidabil-a2-flansa-cu-nervuri-nu-este-necesara-saiba\\\/#primaryimage\",\"url\":\"https:\\\/\\\/manitusolar.ro\\\/wp-content\\\/uploads\\\/2024\\\/12\\\/2001729-MD01_1920x1920.jpg\",\"contentUrl\":\"https:\\\/\\\/manitusolar.ro\\\/wp-content\\\/uploads\\\/2024\\\/12\\\/2001729-MD01_1920x1920.jpg\",\"width\":124,\"height\":375},{\"@type\":\"BreadcrumbList\",\"@id\":\"https:\\\/\\\/manitusolar.ro\\\/produs\\\/k2-surub-hexagonal-m8x20-otel-inoxidabil-a2-flansa-cu-nervuri-nu-este-necesara-saiba\\\/#breadcrumb\",\"itemListElement\":[{\"@type\":\"ListItem\",\"position\":1,\"name\":\"Home\",\"item\":\"https:\\\/\\\/manitusolar.ro\\\/\"},{\"@type\":\"ListItem\",\"position\":2,\"name\":\"Magazin B2B\",\"item\":\"https:\\\/\\\/manitusolar.ro\\\/shop\\\/\"},{\"@type\":\"ListItem\",\"position\":3,\"name\":\"K2 \u0218urub hexagonal M8x20 (o\u021bel inoxidabil \u201eA2&#8243;), flan\u0219\u0103 cu nervuri (f\u0103r\u0103 \u0219aib\u0103)\"}]},{\"@type\":\"WebSite\",\"@id\":\"https:\\\/\\\/manitusolar.ro\\\/#website\",\"url\":\"https:\\\/\\\/manitusolar.ro\\\/\",\"name\":\"Manitu Solar\",\"description\":\"Distribuitor fotovoltaice, importator direct de panouri si sisteme fotovoltaice\",\"publisher\":{\"@id\":\"https:\\\/\\\/manitusolar.ro\\\/#organization\"},\"potentialAction\":[{\"@type\":\"SearchAction\",\"target\":{\"@type\":\"EntryPoint\",\"urlTemplate\":\"https:\\\/\\\/manitusolar.ro\\\/?s={search_term_string}\"},\"query-input\":{\"@type\":\"PropertyValueSpecification\",\"valueRequired\":true,\"valueName\":\"search_term_string\"}}],\"inLanguage\":\"en-US\"},{\"@type\":\"Organization\",\"@id\":\"https:\\\/\\\/manitusolar.ro\\\/#organization\",\"name\":\"Manitu Solar\",\"url\":\"https:\\\/\\\/manitusolar.ro\\\/\",\"logo\":{\"@type\":\"ImageObject\",\"inLanguage\":\"en-US\",\"@id\":\"https:\\\/\\\/manitusolar.ro\\\/#\\\/schema\\\/logo\\\/image\\\/\",\"url\":\"https:\\\/\\\/manitusolar.ro\\\/wp-content\\\/uploads\\\/2024\\\/08\\\/manitu_solar_color.svg\",\"contentUrl\":\"https:\\\/\\\/manitusolar.ro\\\/wp-content\\\/uploads\\\/2024\\\/08\\\/manitu_solar_color.svg\",\"width\":280,\"height\":60,\"caption\":\"Manitu Solar\"},\"image\":{\"@id\":\"https:\\\/\\\/manitusolar.ro\\\/#\\\/schema\\\/logo\\\/image\\\/\"}}]}<\/script>\n<!-- \/ Yoast SEO plugin. -->","yoast_head_json":{"title":"K2 \u0218urub hexagonal M8x20 (o\u021bel inoxidabil \u201eA2\"), flan\u0219\u0103 cu nervuri (f\u0103r\u0103 \u0219aib\u0103) - Manitu Solar","robots":{"index":"index","follow":"follow","max-snippet":"max-snippet:-1","max-image-preview":"max-image-preview:large","max-video-preview":"max-video-preview:-1"},"canonical":"https:\/\/manitusolar.ro\/en\/product\/k2-surub-hexagonal-m8x20-otel-inoxidabil-a2-flansa-cu-nervuri-nu-este-necesara-saiba\/","og_locale":"en_US","og_type":"article","og_title":"K2 \u0218urub hexagonal M8x20 (o\u021bel inoxidabil \u201eA2\"), flan\u0219\u0103 cu nervuri (f\u0103r\u0103 \u0219aib\u0103) - Manitu Solar","og_description":"\u0218urub cu cap cu cap hexagonal M8x20 cu zim\u021b ISO 4762. Dimensiune antrenare: A\/F 6. Material: o\u021bel inoxidabil A2 Diametru [mm]: 8 Conduce: Cheie hexagonal\u0103 &#8211; 6 mm Diametru cap [mm]: 13 Forma capului: Chiulas\u0103 Lungime [mm]: 20 Sisteme de montare: K2 Dome 6 System\u00a0, K2 Dome Zero System\u00a0, K2 GreenRoof Vento Sisteme de montare [&hellip;]","og_url":"https:\/\/manitusolar.ro\/en\/product\/k2-surub-hexagonal-m8x20-otel-inoxidabil-a2-flansa-cu-nervuri-nu-este-necesara-saiba\/","og_site_name":"Manitu Solar","article_modified_time":"2026-04-06T07:28:35+00:00","og_image":[{"width":124,"height":375,"url":"https:\/\/manitusolar.ro\/wp-content\/uploads\/2024\/12\/2001729-MD01_1920x1920.jpg","type":"image\/jpeg"}],"twitter_card":"summary_large_image","schema":{"@context":"https:\/\/schema.org","@graph":[{"@type":"WebPage","@id":"https:\/\/manitusolar.ro\/produs\/k2-surub-hexagonal-m8x20-otel-inoxidabil-a2-flansa-cu-nervuri-nu-este-necesara-saiba\/","url":"https:\/\/manitusolar.ro\/produs\/k2-surub-hexagonal-m8x20-otel-inoxidabil-a2-flansa-cu-nervuri-nu-este-necesara-saiba\/","name":"K2 \u0218urub hexagonal M8x20 (o\u021bel inoxidabil \u201eA2\"), flan\u0219\u0103 cu nervuri (f\u0103r\u0103 \u0219aib\u0103) - Manitu Solar","isPartOf":{"@id":"https:\/\/manitusolar.ro\/#website"},"primaryImageOfPage":{"@id":"https:\/\/manitusolar.ro\/produs\/k2-surub-hexagonal-m8x20-otel-inoxidabil-a2-flansa-cu-nervuri-nu-este-necesara-saiba\/#primaryimage"},"image":{"@id":"https:\/\/manitusolar.ro\/produs\/k2-surub-hexagonal-m8x20-otel-inoxidabil-a2-flansa-cu-nervuri-nu-este-necesara-saiba\/#primaryimage"},"thumbnailUrl":"https:\/\/manitusolar.ro\/wp-content\/uploads\/2024\/12\/2001729-MD01_1920x1920.jpg","datePublished":"2024-12-03T09:09:06+00:00","dateModified":"2026-04-06T07:28:35+00:00","breadcrumb":{"@id":"https:\/\/manitusolar.ro\/produs\/k2-surub-hexagonal-m8x20-otel-inoxidabil-a2-flansa-cu-nervuri-nu-este-necesara-saiba\/#breadcrumb"},"inLanguage":"en-US","potentialAction":[{"@type":"ReadAction","target":["https:\/\/manitusolar.ro\/produs\/k2-surub-hexagonal-m8x20-otel-inoxidabil-a2-flansa-cu-nervuri-nu-este-necesara-saiba\/"]}]},{"@type":"ImageObject","inLanguage":"en-US","@id":"https:\/\/manitusolar.ro\/produs\/k2-surub-hexagonal-m8x20-otel-inoxidabil-a2-flansa-cu-nervuri-nu-este-necesara-saiba\/#primaryimage","url":"https:\/\/manitusolar.ro\/wp-content\/uploads\/2024\/12\/2001729-MD01_1920x1920.jpg","contentUrl":"https:\/\/manitusolar.ro\/wp-content\/uploads\/2024\/12\/2001729-MD01_1920x1920.jpg","width":124,"height":375},{"@type":"BreadcrumbList","@id":"https:\/\/manitusolar.ro\/produs\/k2-surub-hexagonal-m8x20-otel-inoxidabil-a2-flansa-cu-nervuri-nu-este-necesara-saiba\/#breadcrumb","itemListElement":[{"@type":"ListItem","position":1,"name":"Home","item":"https:\/\/manitusolar.ro\/"},{"@type":"ListItem","position":2,"name":"Magazin B2B","item":"https:\/\/manitusolar.ro\/shop\/"},{"@type":"ListItem","position":3,"name":"K2 \u0218urub hexagonal M8x20 (o\u021bel inoxidabil \u201eA2&#8243;), flan\u0219\u0103 cu nervuri (f\u0103r\u0103 \u0219aib\u0103)"}]},{"@type":"WebSite","@id":"https:\/\/manitusolar.ro\/#website","url":"https:\/\/manitusolar.ro\/","name":"Manitu Solar","description":"Distribuitor fotovoltaice, importator direct de panouri si sisteme fotovoltaice","publisher":{"@id":"https:\/\/manitusolar.ro\/#organization"},"potentialAction":[{"@type":"SearchAction","target":{"@type":"EntryPoint","urlTemplate":"https:\/\/manitusolar.ro\/?s={search_term_string}"},"query-input":{"@type":"PropertyValueSpecification","valueRequired":true,"valueName":"search_term_string"}}],"inLanguage":"en-US"},{"@type":"Organization","@id":"https:\/\/manitusolar.ro\/#organization","name":"Manitu Solar","url":"https:\/\/manitusolar.ro\/","logo":{"@type":"ImageObject","inLanguage":"en-US","@id":"https:\/\/manitusolar.ro\/#\/schema\/logo\/image\/","url":"https:\/\/manitusolar.ro\/wp-content\/uploads\/2024\/08\/manitu_solar_color.svg","contentUrl":"https:\/\/manitusolar.ro\/wp-content\/uploads\/2024\/08\/manitu_solar_color.svg","width":280,"height":60,"caption":"Manitu Solar"},"image":{"@id":"https:\/\/manitusolar.ro\/#\/schema\/logo\/image\/"}}]}},"_links":{"self":[{"href":"https:\/\/manitusolar.ro\/en\/wp-json\/wp\/v2\/product\/8219","targetHints":{"allow":["GET"]}}],"collection":[{"href":"https:\/\/manitusolar.ro\/en\/wp-json\/wp\/v2\/product"}],"about":[{"href":"https:\/\/manitusolar.ro\/en\/wp-json\/wp\/v2\/types\/product"}],"version-history":[{"count":3,"href":"https:\/\/manitusolar.ro\/en\/wp-json\/wp\/v2\/product\/8219\/revisions"}],"predecessor-version":[{"id":10119,"href":"https:\/\/manitusolar.ro\/en\/wp-json\/wp\/v2\/product\/8219\/revisions\/10119"}],"wp:featuredmedia":[{"embeddable":true,"href":"https:\/\/manitusolar.ro\/en\/wp-json\/wp\/v2\/media\/8230"}],"wp:attachment":[{"href":"https:\/\/manitusolar.ro\/en\/wp-json\/wp\/v2\/media?parent=8219"}],"wp:term":[{"taxonomy":"product_brand","embeddable":true,"href":"https:\/\/manitusolar.ro\/en\/wp-json\/wp\/v2\/product_brand?post=8219"},{"taxonomy":"product_cat","embeddable":true,"href":"https:\/\/manitusolar.ro\/en\/wp-json\/wp\/v2\/product_cat?post=8219"},{"taxonomy":"product_tag","embeddable":true,"href":"https:\/\/manitusolar.ro\/en\/wp-json\/wp\/v2\/product_tag?post=8219"}],"curies":[{"name":"wp","href":"https:\/\/api.w.org\/{rel}","templated":true}]}}