{"id":8225,"date":"2024-12-03T11:11:10","date_gmt":"2024-12-03T09:11:10","guid":{"rendered":"https:\/\/manitusolar.ro\/produs\/produs\/"},"modified":"2026-03-06T11:33:08","modified_gmt":"2026-03-06T09:33:08","slug":"k2-minirail-60-set","status":"publish","type":"product","link":"https:\/\/manitusolar.ro\/en\/product\/k2-minirail-60-set\/","title":{"rendered":"K2 MiniRail 60 Set"},"content":{"rendered":"<div class=\"product-detail-description-text\"><span>Sina scurta pentru montarea modulelor solare pe acoperisuri de tabla trapezoidala. Sin\u0103 mai \u00eenalt\u0103 pentru instalarea optimizatoarelor \u0219i ventila\u021bie mai \u00eenalt\u0103 din spate. Include \u0219uruburi filetate cu \u0219aib\u0103 de etan\u0219are de 6&#215;25 mm. Material: Aluminiu EN AW-6063 T66, EPDM, otel inoxidabil A2<\/span><\/div>\n<div class=\"product-detail-properties\">\n<div class=\"row product-detail-properties-container\">\n<div class=\"col-12\">\n<table class=\"table\">\n<tbody>\n<tr class=\"properties-row\">\n<th class=\"properties-label\"><span>\u00cen\u0103l\u021bime [mm]:<\/span><\/th>\n<td class=\"properties-value\"><span>60<\/span><\/td>\n<\/tr>\n<tr class=\"properties-row\">\n<th class=\"properties-label\"><span>Lungime [m]:<\/span><\/th>\n<td class=\"properties-value\"><span>0,385<\/span><\/td>\n<\/tr>\n<tr class=\"properties-row\">\n<th class=\"properties-label\"><span>Sisteme de montare:<\/span><\/th>\n<td class=\"properties-value\"><span>Sistem K2 MiniRail MK2\u00a0<\/span><span>, Sistem K2 MiniRail<\/span><\/td>\n<\/tr>\n<tr class=\"properties-row\">\n<th class=\"properties-label\"><span>Suprafa\u0163\u0103:<\/span><\/th>\n<td class=\"properties-value\"><span>Moara de aluminiu<\/span><\/td>\n<\/tr>\n<tr class=\"properties-row\">\n<th class=\"properties-label\"><span>Latime [mm]:<\/span><\/th>\n<td class=\"properties-value\"><span>85,4<\/span><\/td>\n<\/tr>\n<tr class=\"properties-row\">\n<th class=\"properties-label\"><span>Tip componente:<\/span><\/th>\n<td class=\"properties-value\"><span>Sina de montare<\/span><\/td>\n<\/tr>\n<tr class=\"properties-row\">\n<th class=\"properties-label\"><span>Material:<\/span><\/th>\n<td class=\"properties-value\"><span>Aluminiu EN AW-6063 T66, EPDM, o\u021bel inoxidabil A2<\/span><\/td>\n<\/tr>\n<tr class=\"properties-row\">\n<th class=\"properties-label\"><span>Unitatea de v\u00e2nzare:<\/span><\/th>\n<td class=\"properties-value\"><span>40 buc<\/span><\/td>\n<\/tr>\n<tr class=\"properties-row\">\n<th class=\"properties-label\"><span>Tip ambalaj:<\/span><\/th>\n<td class=\"properties-value\">\n<div><span>40 \/ Cutie<\/span><\/div>\n<div><span>480 \/ Palet<\/span><\/div>\n<\/td>\n<\/tr>\n<tr class=\"properties-row\">\n<th class=\"properties-label\"><span>Greutate:<\/span><\/th>\n<td class=\"properties-value\"><span>0,46 Kg<\/span><\/td>\n<\/tr>\n<\/tbody>\n<\/table>\n<\/div>\n<\/div>\n<\/div>\n","protected":false},"excerpt":{"rendered":"<p>Sina scurta pentru montarea modulelor solare pe acoperisuri de tabla trapezoidala. Sin\u0103 mai \u00eenalt\u0103 pentru instalarea optimizatoarelor \u0219i ventila\u021bie mai \u00eenalt\u0103 din spate. Include \u0219uruburi filetate cu \u0219aib\u0103 de etan\u0219are de 6&#215;25 mm. Material: Aluminiu EN AW-6063 T66, EPDM, otel inoxidabil A2 \u00cen\u0103l\u021bime [mm]: 60 Lungime [m]: 0,385 Sisteme de montare: Sistem K2 MiniRail MK2\u00a0, [&hellip;]<\/p>\n","protected":false},"featured_media":8233,"template":"","meta":[],"product_brand":[],"product_cat":[23],"product_tag":[],"class_list":{"0":"post-8225","1":"product","2":"type-product","3":"status-publish","4":"has-post-thumbnail","6":"product_cat-structuri-fotovoltaice-k2","8":"first","9":"outofstock","10":"taxable","11":"shipping-taxable","12":"purchasable","13":"product-type-simple"},"yoast_head":"<!-- This site is optimized with the Yoast SEO plugin v27.3 - https:\/\/yoast.com\/product\/yoast-seo-wordpress\/ -->\n<title>K2 MiniRail 60 Set - Manitu Solar<\/title>\n<meta name=\"robots\" content=\"index, follow, max-snippet:-1, max-image-preview:large, max-video-preview:-1\" \/>\n<link rel=\"canonical\" href=\"https:\/\/manitusolar.ro\/en\/product\/k2-minirail-60-set\/\" \/>\n<meta property=\"og:locale\" content=\"en_US\" \/>\n<meta property=\"og:type\" content=\"article\" \/>\n<meta property=\"og:title\" content=\"K2 MiniRail 60 Set - Manitu Solar\" \/>\n<meta property=\"og:description\" content=\"Sina scurta pentru montarea modulelor solare pe acoperisuri de tabla trapezoidala. Sin\u0103 mai \u00eenalt\u0103 pentru instalarea optimizatoarelor \u0219i ventila\u021bie mai \u00eenalt\u0103 din spate. Include \u0219uruburi filetate cu \u0219aib\u0103 de etan\u0219are de 6&#215;25 mm. Material: Aluminiu EN AW-6063 T66, EPDM, otel inoxidabil A2 \u00cen\u0103l\u021bime [mm]: 60 Lungime [m]: 0,385 Sisteme de montare: Sistem K2 MiniRail MK2\u00a0, [&hellip;]\" \/>\n<meta property=\"og:url\" content=\"https:\/\/manitusolar.ro\/en\/product\/k2-minirail-60-set\/\" \/>\n<meta property=\"og:site_name\" content=\"Manitu Solar\" \/>\n<meta property=\"article:modified_time\" content=\"2026-03-06T09:33:08+00:00\" \/>\n<meta property=\"og:image\" content=\"https:\/\/manitusolar.ro\/wp-content\/uploads\/2024\/12\/2004596-MD01_1920x1920.jpg\" \/>\n\t<meta property=\"og:image:width\" content=\"1920\" \/>\n\t<meta property=\"og:image:height\" content=\"1324\" \/>\n\t<meta property=\"og:image:type\" content=\"image\/jpeg\" \/>\n<meta name=\"twitter:card\" content=\"summary_large_image\" \/>\n<script type=\"application\/ld+json\" class=\"yoast-schema-graph\">{\"@context\":\"https:\\\/\\\/schema.org\",\"@graph\":[{\"@type\":\"WebPage\",\"@id\":\"https:\\\/\\\/manitusolar.ro\\\/produs\\\/k2-minirail-60-set\\\/\",\"url\":\"https:\\\/\\\/manitusolar.ro\\\/produs\\\/k2-minirail-60-set\\\/\",\"name\":\"K2 MiniRail 60 Set - Manitu Solar\",\"isPartOf\":{\"@id\":\"https:\\\/\\\/manitusolar.ro\\\/#website\"},\"primaryImageOfPage\":{\"@id\":\"https:\\\/\\\/manitusolar.ro\\\/produs\\\/k2-minirail-60-set\\\/#primaryimage\"},\"image\":{\"@id\":\"https:\\\/\\\/manitusolar.ro\\\/produs\\\/k2-minirail-60-set\\\/#primaryimage\"},\"thumbnailUrl\":\"https:\\\/\\\/manitusolar.ro\\\/wp-content\\\/uploads\\\/2024\\\/12\\\/2004596-MD01_1920x1920.jpg\",\"datePublished\":\"2024-12-03T09:11:10+00:00\",\"dateModified\":\"2026-03-06T09:33:08+00:00\",\"breadcrumb\":{\"@id\":\"https:\\\/\\\/manitusolar.ro\\\/produs\\\/k2-minirail-60-set\\\/#breadcrumb\"},\"inLanguage\":\"en-US\",\"potentialAction\":[{\"@type\":\"ReadAction\",\"target\":[\"https:\\\/\\\/manitusolar.ro\\\/produs\\\/k2-minirail-60-set\\\/\"]}]},{\"@type\":\"ImageObject\",\"inLanguage\":\"en-US\",\"@id\":\"https:\\\/\\\/manitusolar.ro\\\/produs\\\/k2-minirail-60-set\\\/#primaryimage\",\"url\":\"https:\\\/\\\/manitusolar.ro\\\/wp-content\\\/uploads\\\/2024\\\/12\\\/2004596-MD01_1920x1920.jpg\",\"contentUrl\":\"https:\\\/\\\/manitusolar.ro\\\/wp-content\\\/uploads\\\/2024\\\/12\\\/2004596-MD01_1920x1920.jpg\",\"width\":1920,\"height\":1324},{\"@type\":\"BreadcrumbList\",\"@id\":\"https:\\\/\\\/manitusolar.ro\\\/produs\\\/k2-minirail-60-set\\\/#breadcrumb\",\"itemListElement\":[{\"@type\":\"ListItem\",\"position\":1,\"name\":\"Home\",\"item\":\"https:\\\/\\\/manitusolar.ro\\\/\"},{\"@type\":\"ListItem\",\"position\":2,\"name\":\"Magazin B2B\",\"item\":\"https:\\\/\\\/manitusolar.ro\\\/shop\\\/\"},{\"@type\":\"ListItem\",\"position\":3,\"name\":\"K2 MiniRail 60 Set\"}]},{\"@type\":\"WebSite\",\"@id\":\"https:\\\/\\\/manitusolar.ro\\\/#website\",\"url\":\"https:\\\/\\\/manitusolar.ro\\\/\",\"name\":\"Manitu Solar\",\"description\":\"Distribuitor fotovoltaice, importator direct de panouri si sisteme fotovoltaice\",\"publisher\":{\"@id\":\"https:\\\/\\\/manitusolar.ro\\\/#organization\"},\"potentialAction\":[{\"@type\":\"SearchAction\",\"target\":{\"@type\":\"EntryPoint\",\"urlTemplate\":\"https:\\\/\\\/manitusolar.ro\\\/?s={search_term_string}\"},\"query-input\":{\"@type\":\"PropertyValueSpecification\",\"valueRequired\":true,\"valueName\":\"search_term_string\"}}],\"inLanguage\":\"en-US\"},{\"@type\":\"Organization\",\"@id\":\"https:\\\/\\\/manitusolar.ro\\\/#organization\",\"name\":\"Manitu Solar\",\"url\":\"https:\\\/\\\/manitusolar.ro\\\/\",\"logo\":{\"@type\":\"ImageObject\",\"inLanguage\":\"en-US\",\"@id\":\"https:\\\/\\\/manitusolar.ro\\\/#\\\/schema\\\/logo\\\/image\\\/\",\"url\":\"https:\\\/\\\/manitusolar.ro\\\/wp-content\\\/uploads\\\/2024\\\/08\\\/manitu_solar_color.svg\",\"contentUrl\":\"https:\\\/\\\/manitusolar.ro\\\/wp-content\\\/uploads\\\/2024\\\/08\\\/manitu_solar_color.svg\",\"width\":280,\"height\":60,\"caption\":\"Manitu Solar\"},\"image\":{\"@id\":\"https:\\\/\\\/manitusolar.ro\\\/#\\\/schema\\\/logo\\\/image\\\/\"}}]}<\/script>\n<!-- \/ Yoast SEO plugin. -->","yoast_head_json":{"title":"K2 MiniRail 60 Set - Manitu Solar","robots":{"index":"index","follow":"follow","max-snippet":"max-snippet:-1","max-image-preview":"max-image-preview:large","max-video-preview":"max-video-preview:-1"},"canonical":"https:\/\/manitusolar.ro\/en\/product\/k2-minirail-60-set\/","og_locale":"en_US","og_type":"article","og_title":"K2 MiniRail 60 Set - Manitu Solar","og_description":"Sina scurta pentru montarea modulelor solare pe acoperisuri de tabla trapezoidala. Sin\u0103 mai \u00eenalt\u0103 pentru instalarea optimizatoarelor \u0219i ventila\u021bie mai \u00eenalt\u0103 din spate. Include \u0219uruburi filetate cu \u0219aib\u0103 de etan\u0219are de 6&#215;25 mm. Material: Aluminiu EN AW-6063 T66, EPDM, otel inoxidabil A2 \u00cen\u0103l\u021bime [mm]: 60 Lungime [m]: 0,385 Sisteme de montare: Sistem K2 MiniRail MK2\u00a0, [&hellip;]","og_url":"https:\/\/manitusolar.ro\/en\/product\/k2-minirail-60-set\/","og_site_name":"Manitu Solar","article_modified_time":"2026-03-06T09:33:08+00:00","og_image":[{"width":1920,"height":1324,"url":"https:\/\/manitusolar.ro\/wp-content\/uploads\/2024\/12\/2004596-MD01_1920x1920.jpg","type":"image\/jpeg"}],"twitter_card":"summary_large_image","schema":{"@context":"https:\/\/schema.org","@graph":[{"@type":"WebPage","@id":"https:\/\/manitusolar.ro\/produs\/k2-minirail-60-set\/","url":"https:\/\/manitusolar.ro\/produs\/k2-minirail-60-set\/","name":"K2 MiniRail 60 Set - Manitu Solar","isPartOf":{"@id":"https:\/\/manitusolar.ro\/#website"},"primaryImageOfPage":{"@id":"https:\/\/manitusolar.ro\/produs\/k2-minirail-60-set\/#primaryimage"},"image":{"@id":"https:\/\/manitusolar.ro\/produs\/k2-minirail-60-set\/#primaryimage"},"thumbnailUrl":"https:\/\/manitusolar.ro\/wp-content\/uploads\/2024\/12\/2004596-MD01_1920x1920.jpg","datePublished":"2024-12-03T09:11:10+00:00","dateModified":"2026-03-06T09:33:08+00:00","breadcrumb":{"@id":"https:\/\/manitusolar.ro\/produs\/k2-minirail-60-set\/#breadcrumb"},"inLanguage":"en-US","potentialAction":[{"@type":"ReadAction","target":["https:\/\/manitusolar.ro\/produs\/k2-minirail-60-set\/"]}]},{"@type":"ImageObject","inLanguage":"en-US","@id":"https:\/\/manitusolar.ro\/produs\/k2-minirail-60-set\/#primaryimage","url":"https:\/\/manitusolar.ro\/wp-content\/uploads\/2024\/12\/2004596-MD01_1920x1920.jpg","contentUrl":"https:\/\/manitusolar.ro\/wp-content\/uploads\/2024\/12\/2004596-MD01_1920x1920.jpg","width":1920,"height":1324},{"@type":"BreadcrumbList","@id":"https:\/\/manitusolar.ro\/produs\/k2-minirail-60-set\/#breadcrumb","itemListElement":[{"@type":"ListItem","position":1,"name":"Home","item":"https:\/\/manitusolar.ro\/"},{"@type":"ListItem","position":2,"name":"Magazin B2B","item":"https:\/\/manitusolar.ro\/shop\/"},{"@type":"ListItem","position":3,"name":"K2 MiniRail 60 Set"}]},{"@type":"WebSite","@id":"https:\/\/manitusolar.ro\/#website","url":"https:\/\/manitusolar.ro\/","name":"Manitu Solar","description":"Distribuitor fotovoltaice, importator direct de panouri si sisteme fotovoltaice","publisher":{"@id":"https:\/\/manitusolar.ro\/#organization"},"potentialAction":[{"@type":"SearchAction","target":{"@type":"EntryPoint","urlTemplate":"https:\/\/manitusolar.ro\/?s={search_term_string}"},"query-input":{"@type":"PropertyValueSpecification","valueRequired":true,"valueName":"search_term_string"}}],"inLanguage":"en-US"},{"@type":"Organization","@id":"https:\/\/manitusolar.ro\/#organization","name":"Manitu Solar","url":"https:\/\/manitusolar.ro\/","logo":{"@type":"ImageObject","inLanguage":"en-US","@id":"https:\/\/manitusolar.ro\/#\/schema\/logo\/image\/","url":"https:\/\/manitusolar.ro\/wp-content\/uploads\/2024\/08\/manitu_solar_color.svg","contentUrl":"https:\/\/manitusolar.ro\/wp-content\/uploads\/2024\/08\/manitu_solar_color.svg","width":280,"height":60,"caption":"Manitu Solar"},"image":{"@id":"https:\/\/manitusolar.ro\/#\/schema\/logo\/image\/"}}]}},"_links":{"self":[{"href":"https:\/\/manitusolar.ro\/en\/wp-json\/wp\/v2\/product\/8225","targetHints":{"allow":["GET"]}}],"collection":[{"href":"https:\/\/manitusolar.ro\/en\/wp-json\/wp\/v2\/product"}],"about":[{"href":"https:\/\/manitusolar.ro\/en\/wp-json\/wp\/v2\/types\/product"}],"version-history":[{"count":3,"href":"https:\/\/manitusolar.ro\/en\/wp-json\/wp\/v2\/product\/8225\/revisions"}],"predecessor-version":[{"id":8234,"href":"https:\/\/manitusolar.ro\/en\/wp-json\/wp\/v2\/product\/8225\/revisions\/8234"}],"wp:featuredmedia":[{"embeddable":true,"href":"https:\/\/manitusolar.ro\/en\/wp-json\/wp\/v2\/media\/8233"}],"wp:attachment":[{"href":"https:\/\/manitusolar.ro\/en\/wp-json\/wp\/v2\/media?parent=8225"}],"wp:term":[{"taxonomy":"product_brand","embeddable":true,"href":"https:\/\/manitusolar.ro\/en\/wp-json\/wp\/v2\/product_brand?post=8225"},{"taxonomy":"product_cat","embeddable":true,"href":"https:\/\/manitusolar.ro\/en\/wp-json\/wp\/v2\/product_cat?post=8225"},{"taxonomy":"product_tag","embeddable":true,"href":"https:\/\/manitusolar.ro\/en\/wp-json\/wp\/v2\/product_tag?post=8225"}],"curies":[{"name":"wp","href":"https:\/\/api.w.org\/{rel}","templated":true}]}}