{"id":8540,"date":"2025-04-25T09:01:21","date_gmt":"2025-04-25T06:01:21","guid":{"rendered":"https:\/\/manitusolar.ro\/produs\/produs\/"},"modified":"2026-04-16T08:10:05","modified_gmt":"2026-04-16T05:10:05","slug":"panou-fotovoltaic-canadian-solar-460wp-cs6-2-48td-rama-neagra","status":"publish","type":"product","link":"https:\/\/manitusolar.ro\/en\/product\/panou-fotovoltaic-canadian-solar-460wp-cs6-2-48td-rama-neagra\/","title":{"rendered":"Panou fotovoltaic Canadian Solar 460 Wp CS6.2-48TD rama neagra"},"content":{"rendered":"<p data-start=\"210\" data-end=\"611\"><strong>Panou fotovoltaic Canadian Solar 460 Wp CS6.2-48TD<\/strong> din gama TOPHiKu6 este un modul cu tehnologie N-type TOPCon, proiectat pentru eficienta ridicata si performanta stabila in timp. Cu o eficienta de 23.0%, panou fotovoltaic Canadian Solar 460 Wp CS6.2-48TD este potrivit pentru aplicatii rezidentiale si comerciale unde se doreste productie ridicata de energie si fiabilitate pe termen lung.<\/p>\n<p data-start=\"613\" data-end=\"939\"><strong>Tehnologie si constructie<\/strong><br data-start=\"638\" data-end=\"641\" \/>Tehnologie celule: N-type TOPCon<br data-start=\"673\" data-end=\"676\" \/>Tip celule: TOPCon<br data-start=\"694\" data-end=\"697\" \/>Design modul: TOPHiKu6<br data-start=\"719\" data-end=\"722\" \/>Constructie modul: 2.0 mm sticla securizata termic cu strat antireflex \/ 2.0 mm sticla securizata termic<br data-start=\"826\" data-end=\"829\" \/>Configuratie celule: 144 [2 x (12 x 6)]<br data-start=\"868\" data-end=\"871\" \/>Tehnologii integrate: Performanta excelenta anti-LeTID si anti-PID<\/p>\n<hr data-start=\"941\" data-end=\"983\" \/>\n<p data-start=\"985\" data-end=\"1351\"><strong>Performanta electrica<\/strong><br data-start=\"1006\" data-end=\"1009\" \/>Putere nominala (Pmax): 460 W<br data-start=\"1038\" data-end=\"1041\" \/>Eficienta modul: 23.0%<br data-start=\"1063\" data-end=\"1066\" \/>Tensiune la putere maxima (Vmp): 45.2 V<br data-start=\"1105\" data-end=\"1108\" \/>Curent la putere maxima (Imp): 10.18 A<br data-start=\"1146\" data-end=\"1149\" \/>Tensiune in circuit deschis (Voc): 53.3 V<br data-start=\"1190\" data-end=\"1193\" \/>Curent de scurtcircuit (Isc): 10.82 A<br data-start=\"1230\" data-end=\"1233\" \/>Coeficient de temperatura Pmax: -0.29 % \/ \u00b0C<br data-start=\"1277\" data-end=\"1280\" \/>Tensiune maxima sistem: 1500V (IEC\/UL)<br data-start=\"1318\" data-end=\"1321\" \/>Toleranta putere: 0 ~ + 10 W<\/p>\n<hr data-start=\"1353\" data-end=\"1395\" \/>\n<p data-start=\"1397\" data-end=\"1775\"><strong>Fiabilitate si certificari<\/strong><br data-start=\"1423\" data-end=\"1426\" \/>Rezistenta la degradare: Degradare a puterii in primul an de cel mult 1%; degradare anuala ulterioara de cel mult 0.4%<br data-start=\"1544\" data-end=\"1547\" \/>Certificari de conformitate: IEC 61215; IEC 61730; UL 61730; IEC 61701; IEC 62716; ISO 9001:2015; ISO 14001:2015; ISO 45001:2018; IEC62941:2019<br data-start=\"1690\" data-end=\"1693\" \/>Standarde de testare suplimentare: UNI 9177 Reactie la foc: Clasa 1 \/ Take-e-way<\/p>\n<hr data-start=\"1777\" data-end=\"1819\" \/>\n<p data-start=\"1821\" data-end=\"2034\"><strong>Garantii<\/strong><br data-start=\"1829\" data-end=\"1832\" \/>Garantie produs: 25 ani garantie limitata pentru materiale si manopera<br data-start=\"1902\" data-end=\"1905\" \/>Garantie performanta liniara: 30 ani garantie liniara pentru performanta puterii<br data-start=\"1985\" data-end=\"1988\" \/>Putere garantata la finalul perioadei: 87.4%<\/p>\n<hr data-start=\"2036\" data-end=\"2078\" \/>\n<p data-start=\"2080\" data-end=\"2545\"><strong>Dimensiuni si caracteristici mecanice<\/strong><br data-start=\"2117\" data-end=\"2120\" \/>Dimensiuni modul: 1762 x 1134 x 30 mm<br data-start=\"2157\" data-end=\"2160\" \/>Greutate: 24.6 kg<br data-start=\"2177\" data-end=\"2180\" \/>Tip sticla frontala: 2.0 mm sticla securizata termic cu strat antireflex<br data-start=\"2252\" data-end=\"2255\" \/>Tip rama: Aluminiu anodizat<br data-start=\"2363\" data-end=\"2366\" \/>Clasa protectie cutie jonctiune: IP68<br data-start=\"2403\" data-end=\"2406\" \/>Numar diode bypass: 3<br data-start=\"2427\" data-end=\"2430\" \/>Tip conectori: T6 sau MC4-EVO2 sau MC4-EVO2A<br data-start=\"2474\" data-end=\"2477\" \/>Lungime cabluri: Portret: 300 mm (+) \/ 200 mm (-); peisaj: 1100 mm<\/p>\n<p data-start=\"2547\" data-end=\"2922\"><strong>Panou fotovoltaic Canadian Solar 460<\/strong>\u00a0ofera eficienta de 23.0% si toleranta pozitiva de putere, fiind optimizat pentru randament ridicat si cost redus pe kWh. Datorita tehnologiei N-type TOPCon si coeficientului redus de temperatura, panou fotovoltaic Canadian Solar 460 Wp CS6.2-48TD asigura performanta stabila si productie constanta de energie pe termen lung.<\/p>\n<p data-start=\"2244\" data-end=\"2466\">Desc\u0103rca\u021bi <a href=\"https:\/\/manitusolar.ro\/wp-content\/uploads\/2025\/04\/CS-Datasheet-TOPHiKu6_CS6.2-48TD_Black-Frame_v1.2W25_F47_EN_435-460W.pdf\">fi\u0219a tehnic\u0103<\/a> \u0219i contacta\u021bi echipa Manitu Solar pentru oferte \u0219i disponibilitate \u00een stoc.<\/p>\n","protected":false},"excerpt":{"rendered":"<p>Panoul fotovoltaic <strong data-start=\"301\" data-end=\"349\">Canadian Solar 460 Wp CS6.2-48TD rama neagr\u0103<\/strong> din seria <strong data-start=\"360\" data-end=\"372\">TOPHiKu6<\/strong> utilizeaz\u0103 tehnologia <strong data-start=\"395\" data-end=\"412\">N-Type TOPCon<\/strong> pentru eficien\u021b\u0103 ridicat\u0103 de p\u00e2n\u0103 la <strong data-start=\"450\" data-end=\"457\">23%<\/strong> \u0219i durabilitate sporit\u0103. Cu structur\u0103 <strong data-start=\"496\" data-end=\"512\">double glass<\/strong>, rezisten\u021b\u0103 mecanic\u0103 excelent\u0103 \u0219i garan\u021bie de <strong data-start=\"559\" data-end=\"597\">25 ani produs \/ 30 ani performan\u021b\u0103<\/strong>, este alegerea ideal\u0103 pentru proiecte <strong data-start=\"636\" data-end=\"666\">reziden\u021biale \u0219i comerciale<\/strong>. Compatibil cu <strong data-start=\"682\" data-end=\"733\">K2 Systems, Fronius, Solplanet, Sungrow<\/strong><\/p>","protected":false},"featured_media":9949,"template":"","meta":[],"product_brand":[],"product_cat":[58,75],"product_tag":[133],"class_list":{"0":"post-8540","1":"product","2":"type-product","3":"status-publish","4":"has-post-thumbnail","6":"product_cat-panouri-fotovoltaice","7":"product_cat-panouri-fotovoltaice-canadian-solar","8":"product_tag-contact-vanzari","10":"first","11":"instock","12":"taxable","13":"shipping-taxable","14":"purchasable","15":"product-type-simple"},"yoast_head":"<!-- This site is optimized with the Yoast SEO plugin v27.3 - https:\/\/yoast.com\/product\/yoast-seo-wordpress\/ -->\n<title>Panou fotovoltaic Canadian Solar 460 Wp CS6.2-48TD \u2013 N-Type<\/title>\n<meta name=\"description\" content=\"Panou fotovoltaic Canadian Solar 460 Wp CS6.2-48TD, eficien\u021b\u0103 23%, celule N-Type TOPCon, randament excelent chiar \u0219i \u00een condi\u021bii de temperatur\u0103 ridicat\u0103.\" \/>\n<meta name=\"robots\" content=\"index, follow, max-snippet:-1, max-image-preview:large, max-video-preview:-1\" \/>\n<link rel=\"canonical\" href=\"https:\/\/manitusolar.ro\/en\/product\/panou-fotovoltaic-canadian-solar-460wp-cs6-2-48td-rama-neagra\/\" \/>\n<meta property=\"og:locale\" content=\"en_US\" \/>\n<meta property=\"og:type\" content=\"article\" \/>\n<meta property=\"og:title\" content=\"Panou fotovoltaic Canadian Solar 460 Wp CS6.2-48TD \u2013 N-Type\" \/>\n<meta property=\"og:description\" content=\"Panou fotovoltaic Canadian Solar 460 Wp CS6.2-48TD, eficien\u021b\u0103 23%, celule N-Type TOPCon, randament excelent chiar \u0219i \u00een condi\u021bii de temperatur\u0103 ridicat\u0103.\" \/>\n<meta property=\"og:url\" content=\"https:\/\/manitusolar.ro\/en\/product\/panou-fotovoltaic-canadian-solar-460wp-cs6-2-48td-rama-neagra\/\" \/>\n<meta property=\"og:site_name\" content=\"Manitu Solar\" \/>\n<meta property=\"article:modified_time\" content=\"2026-04-16T05:10:05+00:00\" \/>\n<meta property=\"og:image\" content=\"https:\/\/manitusolar.ro\/wp-content\/uploads\/2025\/04\/Canadian-Solar-460-Wp-CS6.2-48TD-rama-neagra-scaled.png\" \/>\n\t<meta property=\"og:image:width\" content=\"2560\" \/>\n\t<meta property=\"og:image:height\" content=\"2560\" \/>\n\t<meta property=\"og:image:type\" content=\"image\/png\" \/>\n<meta name=\"twitter:card\" content=\"summary_large_image\" \/>\n<meta name=\"twitter:label1\" content=\"Est. reading time\" \/>\n\t<meta name=\"twitter:data1\" content=\"3 minutes\" \/>\n<script type=\"application\/ld+json\" class=\"yoast-schema-graph\">{\"@context\":\"https:\\\/\\\/schema.org\",\"@graph\":[{\"@type\":\"WebPage\",\"@id\":\"https:\\\/\\\/manitusolar.ro\\\/produs\\\/panou-fotovoltaic-canadian-solar-460wp-cs6-2-48td-rama-neagra\\\/\",\"url\":\"https:\\\/\\\/manitusolar.ro\\\/produs\\\/panou-fotovoltaic-canadian-solar-460wp-cs6-2-48td-rama-neagra\\\/\",\"name\":\"Panou fotovoltaic Canadian Solar 460 Wp CS6.2-48TD \u2013 N-Type\",\"isPartOf\":{\"@id\":\"https:\\\/\\\/manitusolar.ro\\\/#website\"},\"primaryImageOfPage\":{\"@id\":\"https:\\\/\\\/manitusolar.ro\\\/produs\\\/panou-fotovoltaic-canadian-solar-460wp-cs6-2-48td-rama-neagra\\\/#primaryimage\"},\"image\":{\"@id\":\"https:\\\/\\\/manitusolar.ro\\\/produs\\\/panou-fotovoltaic-canadian-solar-460wp-cs6-2-48td-rama-neagra\\\/#primaryimage\"},\"thumbnailUrl\":\"https:\\\/\\\/manitusolar.ro\\\/wp-content\\\/uploads\\\/2025\\\/04\\\/Canadian-Solar-460-Wp-CS6.2-48TD-rama-neagra-scaled.png\",\"datePublished\":\"2025-04-25T06:01:21+00:00\",\"dateModified\":\"2026-04-16T05:10:05+00:00\",\"description\":\"Panou fotovoltaic Canadian Solar 460 Wp CS6.2-48TD, eficien\u021b\u0103 23%, celule N-Type TOPCon, randament excelent chiar \u0219i \u00een condi\u021bii de temperatur\u0103 ridicat\u0103.\",\"breadcrumb\":{\"@id\":\"https:\\\/\\\/manitusolar.ro\\\/produs\\\/panou-fotovoltaic-canadian-solar-460wp-cs6-2-48td-rama-neagra\\\/#breadcrumb\"},\"inLanguage\":\"en-US\",\"potentialAction\":[{\"@type\":\"ReadAction\",\"target\":[\"https:\\\/\\\/manitusolar.ro\\\/produs\\\/panou-fotovoltaic-canadian-solar-460wp-cs6-2-48td-rama-neagra\\\/\"]}]},{\"@type\":\"ImageObject\",\"inLanguage\":\"en-US\",\"@id\":\"https:\\\/\\\/manitusolar.ro\\\/produs\\\/panou-fotovoltaic-canadian-solar-460wp-cs6-2-48td-rama-neagra\\\/#primaryimage\",\"url\":\"https:\\\/\\\/manitusolar.ro\\\/wp-content\\\/uploads\\\/2025\\\/04\\\/Canadian-Solar-460-Wp-CS6.2-48TD-rama-neagra-scaled.png\",\"contentUrl\":\"https:\\\/\\\/manitusolar.ro\\\/wp-content\\\/uploads\\\/2025\\\/04\\\/Canadian-Solar-460-Wp-CS6.2-48TD-rama-neagra-scaled.png\",\"width\":2560,\"height\":2560,\"caption\":\"Canadian-Solar-460-Wp-CS6.2-48TD-rama-neagra\"},{\"@type\":\"BreadcrumbList\",\"@id\":\"https:\\\/\\\/manitusolar.ro\\\/produs\\\/panou-fotovoltaic-canadian-solar-460wp-cs6-2-48td-rama-neagra\\\/#breadcrumb\",\"itemListElement\":[{\"@type\":\"ListItem\",\"position\":1,\"name\":\"Home\",\"item\":\"https:\\\/\\\/manitusolar.ro\\\/\"},{\"@type\":\"ListItem\",\"position\":2,\"name\":\"Magazin B2B\",\"item\":\"https:\\\/\\\/manitusolar.ro\\\/shop\\\/\"},{\"@type\":\"ListItem\",\"position\":3,\"name\":\"Panou fotovoltaic Canadian Solar 460 Wp CS6.2-48TD rama neagra\"}]},{\"@type\":\"WebSite\",\"@id\":\"https:\\\/\\\/manitusolar.ro\\\/#website\",\"url\":\"https:\\\/\\\/manitusolar.ro\\\/\",\"name\":\"Manitu Solar\",\"description\":\"Distribuitor fotovoltaice, importator direct de panouri si sisteme fotovoltaice\",\"publisher\":{\"@id\":\"https:\\\/\\\/manitusolar.ro\\\/#organization\"},\"potentialAction\":[{\"@type\":\"SearchAction\",\"target\":{\"@type\":\"EntryPoint\",\"urlTemplate\":\"https:\\\/\\\/manitusolar.ro\\\/?s={search_term_string}\"},\"query-input\":{\"@type\":\"PropertyValueSpecification\",\"valueRequired\":true,\"valueName\":\"search_term_string\"}}],\"inLanguage\":\"en-US\"},{\"@type\":\"Organization\",\"@id\":\"https:\\\/\\\/manitusolar.ro\\\/#organization\",\"name\":\"Manitu Solar\",\"url\":\"https:\\\/\\\/manitusolar.ro\\\/\",\"logo\":{\"@type\":\"ImageObject\",\"inLanguage\":\"en-US\",\"@id\":\"https:\\\/\\\/manitusolar.ro\\\/#\\\/schema\\\/logo\\\/image\\\/\",\"url\":\"https:\\\/\\\/manitusolar.ro\\\/wp-content\\\/uploads\\\/2024\\\/08\\\/manitu_solar_color.svg\",\"contentUrl\":\"https:\\\/\\\/manitusolar.ro\\\/wp-content\\\/uploads\\\/2024\\\/08\\\/manitu_solar_color.svg\",\"width\":280,\"height\":60,\"caption\":\"Manitu Solar\"},\"image\":{\"@id\":\"https:\\\/\\\/manitusolar.ro\\\/#\\\/schema\\\/logo\\\/image\\\/\"}}]}<\/script>\n<!-- \/ Yoast SEO plugin. -->","yoast_head_json":{"title":"Panou fotovoltaic Canadian Solar 460 Wp CS6.2-48TD \u2013 N-Type","description":"Panou fotovoltaic Canadian Solar 460 Wp CS6.2-48TD, eficien\u021b\u0103 23%, celule N-Type TOPCon, randament excelent chiar \u0219i \u00een condi\u021bii de temperatur\u0103 ridicat\u0103.","robots":{"index":"index","follow":"follow","max-snippet":"max-snippet:-1","max-image-preview":"max-image-preview:large","max-video-preview":"max-video-preview:-1"},"canonical":"https:\/\/manitusolar.ro\/en\/product\/panou-fotovoltaic-canadian-solar-460wp-cs6-2-48td-rama-neagra\/","og_locale":"en_US","og_type":"article","og_title":"Panou fotovoltaic Canadian Solar 460 Wp CS6.2-48TD \u2013 N-Type","og_description":"Panou fotovoltaic Canadian Solar 460 Wp CS6.2-48TD, eficien\u021b\u0103 23%, celule N-Type TOPCon, randament excelent chiar \u0219i \u00een condi\u021bii de temperatur\u0103 ridicat\u0103.","og_url":"https:\/\/manitusolar.ro\/en\/product\/panou-fotovoltaic-canadian-solar-460wp-cs6-2-48td-rama-neagra\/","og_site_name":"Manitu Solar","article_modified_time":"2026-04-16T05:10:05+00:00","og_image":[{"width":2560,"height":2560,"url":"https:\/\/manitusolar.ro\/wp-content\/uploads\/2025\/04\/Canadian-Solar-460-Wp-CS6.2-48TD-rama-neagra-scaled.png","type":"image\/png"}],"twitter_card":"summary_large_image","twitter_misc":{"Est. reading time":"3 minutes"},"schema":{"@context":"https:\/\/schema.org","@graph":[{"@type":"WebPage","@id":"https:\/\/manitusolar.ro\/produs\/panou-fotovoltaic-canadian-solar-460wp-cs6-2-48td-rama-neagra\/","url":"https:\/\/manitusolar.ro\/produs\/panou-fotovoltaic-canadian-solar-460wp-cs6-2-48td-rama-neagra\/","name":"Panou fotovoltaic Canadian Solar 460 Wp CS6.2-48TD \u2013 N-Type","isPartOf":{"@id":"https:\/\/manitusolar.ro\/#website"},"primaryImageOfPage":{"@id":"https:\/\/manitusolar.ro\/produs\/panou-fotovoltaic-canadian-solar-460wp-cs6-2-48td-rama-neagra\/#primaryimage"},"image":{"@id":"https:\/\/manitusolar.ro\/produs\/panou-fotovoltaic-canadian-solar-460wp-cs6-2-48td-rama-neagra\/#primaryimage"},"thumbnailUrl":"https:\/\/manitusolar.ro\/wp-content\/uploads\/2025\/04\/Canadian-Solar-460-Wp-CS6.2-48TD-rama-neagra-scaled.png","datePublished":"2025-04-25T06:01:21+00:00","dateModified":"2026-04-16T05:10:05+00:00","description":"Panou fotovoltaic Canadian Solar 460 Wp CS6.2-48TD, eficien\u021b\u0103 23%, celule N-Type TOPCon, randament excelent chiar \u0219i \u00een condi\u021bii de temperatur\u0103 ridicat\u0103.","breadcrumb":{"@id":"https:\/\/manitusolar.ro\/produs\/panou-fotovoltaic-canadian-solar-460wp-cs6-2-48td-rama-neagra\/#breadcrumb"},"inLanguage":"en-US","potentialAction":[{"@type":"ReadAction","target":["https:\/\/manitusolar.ro\/produs\/panou-fotovoltaic-canadian-solar-460wp-cs6-2-48td-rama-neagra\/"]}]},{"@type":"ImageObject","inLanguage":"en-US","@id":"https:\/\/manitusolar.ro\/produs\/panou-fotovoltaic-canadian-solar-460wp-cs6-2-48td-rama-neagra\/#primaryimage","url":"https:\/\/manitusolar.ro\/wp-content\/uploads\/2025\/04\/Canadian-Solar-460-Wp-CS6.2-48TD-rama-neagra-scaled.png","contentUrl":"https:\/\/manitusolar.ro\/wp-content\/uploads\/2025\/04\/Canadian-Solar-460-Wp-CS6.2-48TD-rama-neagra-scaled.png","width":2560,"height":2560,"caption":"Canadian-Solar-460-Wp-CS6.2-48TD-rama-neagra"},{"@type":"BreadcrumbList","@id":"https:\/\/manitusolar.ro\/produs\/panou-fotovoltaic-canadian-solar-460wp-cs6-2-48td-rama-neagra\/#breadcrumb","itemListElement":[{"@type":"ListItem","position":1,"name":"Home","item":"https:\/\/manitusolar.ro\/"},{"@type":"ListItem","position":2,"name":"Magazin B2B","item":"https:\/\/manitusolar.ro\/shop\/"},{"@type":"ListItem","position":3,"name":"Panou fotovoltaic Canadian Solar 460 Wp CS6.2-48TD rama neagra"}]},{"@type":"WebSite","@id":"https:\/\/manitusolar.ro\/#website","url":"https:\/\/manitusolar.ro\/","name":"Manitu Solar","description":"Distribuitor fotovoltaice, importator direct de panouri si sisteme fotovoltaice","publisher":{"@id":"https:\/\/manitusolar.ro\/#organization"},"potentialAction":[{"@type":"SearchAction","target":{"@type":"EntryPoint","urlTemplate":"https:\/\/manitusolar.ro\/?s={search_term_string}"},"query-input":{"@type":"PropertyValueSpecification","valueRequired":true,"valueName":"search_term_string"}}],"inLanguage":"en-US"},{"@type":"Organization","@id":"https:\/\/manitusolar.ro\/#organization","name":"Manitu Solar","url":"https:\/\/manitusolar.ro\/","logo":{"@type":"ImageObject","inLanguage":"en-US","@id":"https:\/\/manitusolar.ro\/#\/schema\/logo\/image\/","url":"https:\/\/manitusolar.ro\/wp-content\/uploads\/2024\/08\/manitu_solar_color.svg","contentUrl":"https:\/\/manitusolar.ro\/wp-content\/uploads\/2024\/08\/manitu_solar_color.svg","width":280,"height":60,"caption":"Manitu Solar"},"image":{"@id":"https:\/\/manitusolar.ro\/#\/schema\/logo\/image\/"}}]}},"_links":{"self":[{"href":"https:\/\/manitusolar.ro\/en\/wp-json\/wp\/v2\/product\/8540","targetHints":{"allow":["GET"]}}],"collection":[{"href":"https:\/\/manitusolar.ro\/en\/wp-json\/wp\/v2\/product"}],"about":[{"href":"https:\/\/manitusolar.ro\/en\/wp-json\/wp\/v2\/types\/product"}],"version-history":[{"count":4,"href":"https:\/\/manitusolar.ro\/en\/wp-json\/wp\/v2\/product\/8540\/revisions"}],"predecessor-version":[{"id":9924,"href":"https:\/\/manitusolar.ro\/en\/wp-json\/wp\/v2\/product\/8540\/revisions\/9924"}],"wp:featuredmedia":[{"embeddable":true,"href":"https:\/\/manitusolar.ro\/en\/wp-json\/wp\/v2\/media\/9949"}],"wp:attachment":[{"href":"https:\/\/manitusolar.ro\/en\/wp-json\/wp\/v2\/media?parent=8540"}],"wp:term":[{"taxonomy":"product_brand","embeddable":true,"href":"https:\/\/manitusolar.ro\/en\/wp-json\/wp\/v2\/product_brand?post=8540"},{"taxonomy":"product_cat","embeddable":true,"href":"https:\/\/manitusolar.ro\/en\/wp-json\/wp\/v2\/product_cat?post=8540"},{"taxonomy":"product_tag","embeddable":true,"href":"https:\/\/manitusolar.ro\/en\/wp-json\/wp\/v2\/product_tag?post=8540"}],"curies":[{"name":"wp","href":"https:\/\/api.w.org\/{rel}","templated":true}]}}