{"id":9440,"date":"2025-11-11T11:06:11","date_gmt":"2025-11-11T09:06:11","guid":{"rendered":"https:\/\/manitusolar.ro\/produs\/produs\/"},"modified":"2026-03-05T11:15:41","modified_gmt":"2026-03-05T09:15:41","slug":"chint-smart-meter-dtsu666","status":"publish","type":"product","link":"https:\/\/manitusolar.ro\/en\/product\/chint-smart-meter-dtsu666\/","title":{"rendered":"Chint Smart Meter DTSU666"},"content":{"rendered":"<div class=\"flex flex-col text-sm pb-25\">\n<article class=\"text-token-text-primary w-full focus:outline-none [--shadow-height:45px] has-data-writing-block:pointer-events-none has-data-writing-block:-mt-(--shadow-height) has-data-writing-block:pt-(--shadow-height) [&amp;:has([data-writing-block])&gt;*]:pointer-events-auto scroll-mt-[calc(var(--header-height)+min(200px,max(70px,20svh)))]\" dir=\"auto\" tabindex=\"-1\" data-turn-id=\"request-WEB:56bf49ae-23ee-48bb-8b3a-dd923e7f36b1-134\" data-testid=\"conversation-turn-98\" data-scroll-anchor=\"true\" data-turn=\"assistant\">\n<div class=\"text-base my-auto mx-auto pb-10 [--thread-content-margin:--spacing(4)] @w-sm\/main:[--thread-content-margin:--spacing(6)] @w-lg\/main:[--thread-content-margin:--spacing(16)] px-(--thread-content-margin)\">\n<div class=\"[--thread-content-max-width:40rem] @w-lg\/main:[--thread-content-max-width:48rem] mx-auto max-w-(--thread-content-max-width) flex-1 group\/turn-messages focus-visible:outline-hidden relative flex w-full min-w-0 flex-col agent-turn\" tabindex=\"-1\">\n<div class=\"flex max-w-full flex-col grow\">\n<div class=\"min-h-8 text-message relative flex w-full flex-col items-end gap-2 text-start break-words whitespace-normal [.text-message+&amp;]:mt-1\" dir=\"auto\" data-message-author-role=\"assistant\" data-message-id=\"c04a5612-c3ca-40fc-b11d-3d0514834745\" data-message-model-slug=\"gpt-5-3\">\n<div class=\"flex w-full flex-col gap-1 empty:hidden first:pt-[1px]\">\n<div class=\"markdown prose dark:prose-invert w-full wrap-break-word light markdown-new-styling\">\n<p data-start=\"0\" data-end=\"488\">Contorul inteligent <strong data-start=\"20\" data-end=\"49\">Chint Smart Meter DTSU666<\/strong> este un dispozitiv trifazat utilizat pentru monitorizarea si managementul energiei electrice in sistemele fotovoltaice. Proiectat pentru montaj pe sina DIN si echipat cu comunicatie RS485, <strong data-start=\"239\" data-end=\"268\">contorul<\/strong> permite masurarea precisa a energiei consumate si injectate in retea, fiind utilizat frecvent pentru functii de monitorizare si limitare a exportului in instalatiile fotovoltaice.<\/p>\n<hr data-start=\"506\" data-end=\"548\" \/>\n<p data-start=\"550\" data-end=\"732\">Tip masurare: Trifazat<br data-start=\"629\" data-end=\"632\" \/>Tip conexiune: 3P4W<br data-start=\"651\" data-end=\"654\" \/>Montaj: Sina DIN<br data-start=\"670\" data-end=\"673\" \/>Afisaj: LCD digital<\/p>\n<hr data-start=\"734\" data-end=\"776\" \/>\n<p data-start=\"778\" data-end=\"802\"><strong>Specificatii electrice<\/strong><\/p>\n<p data-start=\"804\" data-end=\"1055\">Clasa precizie: Clasa 1.0 pentru energie activa<br data-start=\"851\" data-end=\"854\" \/>Tensiune nominala: 3 \u00d7 220\/380 V; 3 \u00d7 57.7\/100 V<br data-start=\"902\" data-end=\"905\" \/>Interval tensiune operare: 0.7 Un \u2013 1.2 Un<br data-start=\"947\" data-end=\"950\" \/>Consum propriu: \u2264 1 W, 5 VA<br data-start=\"977\" data-end=\"980\" \/>Frecventa nominala: 50 Hz sau 60 Hz<\/p>\n<hr data-start=\"1057\" data-end=\"1099\" \/>\n<p data-start=\"1101\" data-end=\"1118\"><strong>Masurare curent<\/strong><\/p>\n<p data-start=\"1120\" data-end=\"1216\">Transformator curent (CT): 1.5(6) A<br data-start=\"1155\" data-end=\"1158\" \/>Curent DC: 5(80) A<\/p>\n<hr data-start=\"1218\" data-end=\"1260\" \/>\n<p data-start=\"1262\" data-end=\"1279\"><strong>Valori masurate<\/strong><\/p>\n<p data-start=\"1281\" data-end=\"1567\">Energie activa totala (kWh): Da<br data-start=\"1312\" data-end=\"1315\" \/>Energie reactiva totala (kvarh): Da<br data-start=\"1350\" data-end=\"1353\" \/>Putere activa instantanee (kW): Da<br data-start=\"1387\" data-end=\"1390\" \/>Putere reactiva (kvar): Da<br data-start=\"1416\" data-end=\"1419\" \/>Curent instantaneu (Irms): Da<br data-start=\"1448\" data-end=\"1451\" \/>Tensiune instantanee (Vrms): Da<br data-start=\"1482\" data-end=\"1485\" \/>Frecventa retea: Da<br data-start=\"1504\" data-end=\"1507\" \/>Factor de putere: Da<\/p>\n<hr data-start=\"1569\" data-end=\"1611\" \/>\n<p data-start=\"1613\" data-end=\"1638\"><strong>Comunicare si interfete<\/strong><\/p>\n<p data-start=\"1640\" data-end=\"1744\">Interfata comunicare: RS485<br data-start=\"1667\" data-end=\"1670\" \/>Protocol comunicare: Modbus \/ DL-T<\/p>\n<hr data-start=\"1746\" data-end=\"1788\" \/>\n<p data-start=\"1790\" data-end=\"1811\"><strong>Conditii de operare<\/strong><\/p>\n<p data-start=\"1813\" data-end=\"1998\">Temperatura operare: -40 \u00b0C pana la +75 \u00b0C<br data-start=\"1855\" data-end=\"1858\" \/>Temperatura depozitare: -40 \u00b0C pana la +85 \u00b0C<br data-start=\"1903\" data-end=\"1906\" \/>Umiditate relativa: \u2264 95 % RH<br data-start=\"1935\" data-end=\"1938\" \/>Grad protectie: IP54<\/p>\n<hr data-start=\"2000\" data-end=\"2042\" \/>\n<p data-start=\"2044\" data-end=\"2083\"><strong>Dimensiuni si caracteristici mecanice<\/strong><\/p>\n<p data-start=\"2085\" data-end=\"2183\">Dimensiuni: 98 \u00d7 65 \u00d7 72 mm<br data-start=\"2112\" data-end=\"2115\" \/>Greutate: aproximativ 0.4 kg<\/p>\n<hr data-start=\"2185\" data-end=\"2227\" \/>\n<p data-start=\"2229\" data-end=\"2239\"><strong>Garantii<\/strong><\/p>\n<p data-start=\"2241\" data-end=\"2330\">Garantie produs: Conform fisei tehnice \/ certificatului de garantie emis de producator.<\/p>\n<hr data-start=\"2332\" data-end=\"2374\" \/>\n<p data-start=\"2376\" data-end=\"2888\" data-is-last-node=\"\" data-is-only-node=\"\">Contorul inteligent <strong data-start=\"2396\" data-end=\"2425\">Chint Smart Meter DTSU666<\/strong> este utilizat frecvent in sistemele fotovoltaice pentru monitorizarea productiei si consumului de energie, precum si pentru implementarea functiei de limitare a exportului in retea. Datorita preciziei ridicate de masurare, comunicatiei RS485 cu protocol Modbus si instalarii rapide pe sina DIN, <strong data-start=\"2721\" data-end=\"2750\">Chint Smart Meter DTSU666<\/strong> reprezinta o solutie eficienta pentru integrarea sistemelor fotovoltaice moderne si pentru managementul inteligent al energiei electrice.<\/p>\n<\/div>\n<\/div>\n<\/div>\n<\/div>\n<div class=\"z-0 flex min-h-[46px] justify-start\">Pentru detalii suplimentare, descarcati <a href=\"https:\/\/manitusolar.ro\/wp-content\/uploads\/2025\/11\/Deye-Chint-DTSU666.pdf\">fisa tehnica<\/a> a produsului si contactati echipa Manitu Solar pentru oferte personalizate.<\/div>\n<\/div>\n<\/div>\n<\/article>\n<\/div>\n","protected":false},"excerpt":{"rendered":"<p><strong data-start=\"917\" data-end=\"946\">Chint Smart Meter DTSU666<\/strong> este un contor inteligent trifazat utilizat pentru monitorizarea sistemelor fotovoltaice echipate cu invertoare <strong data-start=\"1059\" data-end=\"1067\">Deye<\/strong>. Ofer\u0103 m\u0103sur\u0103tori precise ale puterii active, reactive \u0219i a energiei totale, fiind compatibil cu comunica\u021bia <strong data-start=\"1177\" data-end=\"1199\">RS485 (Modbus RTU)<\/strong>.<\/p>","protected":false},"featured_media":10026,"template":"","meta":[],"product_brand":[],"product_cat":[126],"product_tag":[],"class_list":{"0":"post-9440","1":"product","2":"type-product","3":"status-publish","4":"has-post-thumbnail","6":"product_cat-accesorii-fotovoltaice","8":"first","9":"outofstock","10":"taxable","11":"shipping-taxable","12":"purchasable","13":"product-type-simple"},"yoast_head":"<!-- This site is optimized with the Yoast SEO plugin v27.3 - https:\/\/yoast.com\/product\/yoast-seo-wordpress\/ -->\n<title>Chint Smart Meter DTSU666 - contor inteligent trifazat pentru Deye<\/title>\n<meta name=\"description\" content=\"Chint Smart Meter DTSU666, contor inteligent trifazat pentru invertoare Deye, m\u0103surare precis\u0103 a puterii, curentului \u0219i energiei active.\" \/>\n<meta name=\"robots\" content=\"index, follow, max-snippet:-1, max-image-preview:large, max-video-preview:-1\" \/>\n<link rel=\"canonical\" href=\"https:\/\/manitusolar.ro\/en\/product\/chint-smart-meter-dtsu666\/\" \/>\n<meta property=\"og:locale\" content=\"en_US\" \/>\n<meta property=\"og:type\" content=\"article\" \/>\n<meta property=\"og:title\" content=\"Chint Smart Meter DTSU666 - contor inteligent trifazat pentru Deye\" \/>\n<meta property=\"og:description\" content=\"Chint Smart Meter DTSU666, contor inteligent trifazat pentru invertoare Deye, m\u0103surare precis\u0103 a puterii, curentului \u0219i energiei active.\" \/>\n<meta property=\"og:url\" content=\"https:\/\/manitusolar.ro\/en\/product\/chint-smart-meter-dtsu666\/\" \/>\n<meta property=\"og:site_name\" content=\"Manitu Solar\" \/>\n<meta property=\"article:modified_time\" content=\"2026-03-05T09:15:41+00:00\" \/>\n<meta property=\"og:image\" content=\"https:\/\/manitusolar.ro\/wp-content\/uploads\/2025\/11\/Chint-Smart-Meter-DTSU666-1-1-scaled.png\" \/>\n\t<meta property=\"og:image:width\" content=\"2560\" \/>\n\t<meta property=\"og:image:height\" content=\"2560\" \/>\n\t<meta property=\"og:image:type\" content=\"image\/png\" \/>\n<meta name=\"twitter:card\" content=\"summary_large_image\" \/>\n<meta name=\"twitter:label1\" content=\"Est. reading time\" \/>\n\t<meta name=\"twitter:data1\" content=\"2 minutes\" \/>\n<script type=\"application\/ld+json\" class=\"yoast-schema-graph\">{\"@context\":\"https:\\\/\\\/schema.org\",\"@graph\":[{\"@type\":\"WebPage\",\"@id\":\"https:\\\/\\\/manitusolar.ro\\\/produs\\\/chint-smart-meter-dtsu666\\\/\",\"url\":\"https:\\\/\\\/manitusolar.ro\\\/produs\\\/chint-smart-meter-dtsu666\\\/\",\"name\":\"Chint Smart Meter DTSU666 - contor inteligent trifazat pentru Deye\",\"isPartOf\":{\"@id\":\"https:\\\/\\\/manitusolar.ro\\\/#website\"},\"primaryImageOfPage\":{\"@id\":\"https:\\\/\\\/manitusolar.ro\\\/produs\\\/chint-smart-meter-dtsu666\\\/#primaryimage\"},\"image\":{\"@id\":\"https:\\\/\\\/manitusolar.ro\\\/produs\\\/chint-smart-meter-dtsu666\\\/#primaryimage\"},\"thumbnailUrl\":\"https:\\\/\\\/manitusolar.ro\\\/wp-content\\\/uploads\\\/2025\\\/11\\\/Chint-Smart-Meter-DTSU666-1-1-scaled.png\",\"datePublished\":\"2025-11-11T09:06:11+00:00\",\"dateModified\":\"2026-03-05T09:15:41+00:00\",\"description\":\"Chint Smart Meter DTSU666, contor inteligent trifazat pentru invertoare Deye, m\u0103surare precis\u0103 a puterii, curentului \u0219i energiei active.\",\"breadcrumb\":{\"@id\":\"https:\\\/\\\/manitusolar.ro\\\/produs\\\/chint-smart-meter-dtsu666\\\/#breadcrumb\"},\"inLanguage\":\"en-US\",\"potentialAction\":[{\"@type\":\"ReadAction\",\"target\":[\"https:\\\/\\\/manitusolar.ro\\\/produs\\\/chint-smart-meter-dtsu666\\\/\"]}]},{\"@type\":\"ImageObject\",\"inLanguage\":\"en-US\",\"@id\":\"https:\\\/\\\/manitusolar.ro\\\/produs\\\/chint-smart-meter-dtsu666\\\/#primaryimage\",\"url\":\"https:\\\/\\\/manitusolar.ro\\\/wp-content\\\/uploads\\\/2025\\\/11\\\/Chint-Smart-Meter-DTSU666-1-1-scaled.png\",\"contentUrl\":\"https:\\\/\\\/manitusolar.ro\\\/wp-content\\\/uploads\\\/2025\\\/11\\\/Chint-Smart-Meter-DTSU666-1-1-scaled.png\",\"width\":2560,\"height\":2560,\"caption\":\"Chint-Smart-Meter-DTSU666-1-1\"},{\"@type\":\"BreadcrumbList\",\"@id\":\"https:\\\/\\\/manitusolar.ro\\\/produs\\\/chint-smart-meter-dtsu666\\\/#breadcrumb\",\"itemListElement\":[{\"@type\":\"ListItem\",\"position\":1,\"name\":\"Home\",\"item\":\"https:\\\/\\\/manitusolar.ro\\\/\"},{\"@type\":\"ListItem\",\"position\":2,\"name\":\"Magazin B2B\",\"item\":\"https:\\\/\\\/manitusolar.ro\\\/shop\\\/\"},{\"@type\":\"ListItem\",\"position\":3,\"name\":\"Chint Smart Meter DTSU666\"}]},{\"@type\":\"WebSite\",\"@id\":\"https:\\\/\\\/manitusolar.ro\\\/#website\",\"url\":\"https:\\\/\\\/manitusolar.ro\\\/\",\"name\":\"Manitu Solar\",\"description\":\"Distribuitor fotovoltaice, importator direct de panouri si sisteme fotovoltaice\",\"publisher\":{\"@id\":\"https:\\\/\\\/manitusolar.ro\\\/#organization\"},\"potentialAction\":[{\"@type\":\"SearchAction\",\"target\":{\"@type\":\"EntryPoint\",\"urlTemplate\":\"https:\\\/\\\/manitusolar.ro\\\/?s={search_term_string}\"},\"query-input\":{\"@type\":\"PropertyValueSpecification\",\"valueRequired\":true,\"valueName\":\"search_term_string\"}}],\"inLanguage\":\"en-US\"},{\"@type\":\"Organization\",\"@id\":\"https:\\\/\\\/manitusolar.ro\\\/#organization\",\"name\":\"Manitu Solar\",\"url\":\"https:\\\/\\\/manitusolar.ro\\\/\",\"logo\":{\"@type\":\"ImageObject\",\"inLanguage\":\"en-US\",\"@id\":\"https:\\\/\\\/manitusolar.ro\\\/#\\\/schema\\\/logo\\\/image\\\/\",\"url\":\"https:\\\/\\\/manitusolar.ro\\\/wp-content\\\/uploads\\\/2024\\\/08\\\/manitu_solar_color.svg\",\"contentUrl\":\"https:\\\/\\\/manitusolar.ro\\\/wp-content\\\/uploads\\\/2024\\\/08\\\/manitu_solar_color.svg\",\"width\":280,\"height\":60,\"caption\":\"Manitu Solar\"},\"image\":{\"@id\":\"https:\\\/\\\/manitusolar.ro\\\/#\\\/schema\\\/logo\\\/image\\\/\"}}]}<\/script>\n<!-- \/ Yoast SEO plugin. -->","yoast_head_json":{"title":"Chint Smart Meter DTSU666 - contor inteligent trifazat pentru Deye","description":"Chint Smart Meter DTSU666, contor inteligent trifazat pentru invertoare Deye, m\u0103surare precis\u0103 a puterii, curentului \u0219i energiei active.","robots":{"index":"index","follow":"follow","max-snippet":"max-snippet:-1","max-image-preview":"max-image-preview:large","max-video-preview":"max-video-preview:-1"},"canonical":"https:\/\/manitusolar.ro\/en\/product\/chint-smart-meter-dtsu666\/","og_locale":"en_US","og_type":"article","og_title":"Chint Smart Meter DTSU666 - contor inteligent trifazat pentru Deye","og_description":"Chint Smart Meter DTSU666, contor inteligent trifazat pentru invertoare Deye, m\u0103surare precis\u0103 a puterii, curentului \u0219i energiei active.","og_url":"https:\/\/manitusolar.ro\/en\/product\/chint-smart-meter-dtsu666\/","og_site_name":"Manitu Solar","article_modified_time":"2026-03-05T09:15:41+00:00","og_image":[{"width":2560,"height":2560,"url":"https:\/\/manitusolar.ro\/wp-content\/uploads\/2025\/11\/Chint-Smart-Meter-DTSU666-1-1-scaled.png","type":"image\/png"}],"twitter_card":"summary_large_image","twitter_misc":{"Est. reading time":"2 minutes"},"schema":{"@context":"https:\/\/schema.org","@graph":[{"@type":"WebPage","@id":"https:\/\/manitusolar.ro\/produs\/chint-smart-meter-dtsu666\/","url":"https:\/\/manitusolar.ro\/produs\/chint-smart-meter-dtsu666\/","name":"Chint Smart Meter DTSU666 - contor inteligent trifazat pentru Deye","isPartOf":{"@id":"https:\/\/manitusolar.ro\/#website"},"primaryImageOfPage":{"@id":"https:\/\/manitusolar.ro\/produs\/chint-smart-meter-dtsu666\/#primaryimage"},"image":{"@id":"https:\/\/manitusolar.ro\/produs\/chint-smart-meter-dtsu666\/#primaryimage"},"thumbnailUrl":"https:\/\/manitusolar.ro\/wp-content\/uploads\/2025\/11\/Chint-Smart-Meter-DTSU666-1-1-scaled.png","datePublished":"2025-11-11T09:06:11+00:00","dateModified":"2026-03-05T09:15:41+00:00","description":"Chint Smart Meter DTSU666, contor inteligent trifazat pentru invertoare Deye, m\u0103surare precis\u0103 a puterii, curentului \u0219i energiei active.","breadcrumb":{"@id":"https:\/\/manitusolar.ro\/produs\/chint-smart-meter-dtsu666\/#breadcrumb"},"inLanguage":"en-US","potentialAction":[{"@type":"ReadAction","target":["https:\/\/manitusolar.ro\/produs\/chint-smart-meter-dtsu666\/"]}]},{"@type":"ImageObject","inLanguage":"en-US","@id":"https:\/\/manitusolar.ro\/produs\/chint-smart-meter-dtsu666\/#primaryimage","url":"https:\/\/manitusolar.ro\/wp-content\/uploads\/2025\/11\/Chint-Smart-Meter-DTSU666-1-1-scaled.png","contentUrl":"https:\/\/manitusolar.ro\/wp-content\/uploads\/2025\/11\/Chint-Smart-Meter-DTSU666-1-1-scaled.png","width":2560,"height":2560,"caption":"Chint-Smart-Meter-DTSU666-1-1"},{"@type":"BreadcrumbList","@id":"https:\/\/manitusolar.ro\/produs\/chint-smart-meter-dtsu666\/#breadcrumb","itemListElement":[{"@type":"ListItem","position":1,"name":"Home","item":"https:\/\/manitusolar.ro\/"},{"@type":"ListItem","position":2,"name":"Magazin B2B","item":"https:\/\/manitusolar.ro\/shop\/"},{"@type":"ListItem","position":3,"name":"Chint Smart Meter DTSU666"}]},{"@type":"WebSite","@id":"https:\/\/manitusolar.ro\/#website","url":"https:\/\/manitusolar.ro\/","name":"Manitu Solar","description":"Distribuitor fotovoltaice, importator direct de panouri si sisteme fotovoltaice","publisher":{"@id":"https:\/\/manitusolar.ro\/#organization"},"potentialAction":[{"@type":"SearchAction","target":{"@type":"EntryPoint","urlTemplate":"https:\/\/manitusolar.ro\/?s={search_term_string}"},"query-input":{"@type":"PropertyValueSpecification","valueRequired":true,"valueName":"search_term_string"}}],"inLanguage":"en-US"},{"@type":"Organization","@id":"https:\/\/manitusolar.ro\/#organization","name":"Manitu Solar","url":"https:\/\/manitusolar.ro\/","logo":{"@type":"ImageObject","inLanguage":"en-US","@id":"https:\/\/manitusolar.ro\/#\/schema\/logo\/image\/","url":"https:\/\/manitusolar.ro\/wp-content\/uploads\/2024\/08\/manitu_solar_color.svg","contentUrl":"https:\/\/manitusolar.ro\/wp-content\/uploads\/2024\/08\/manitu_solar_color.svg","width":280,"height":60,"caption":"Manitu Solar"},"image":{"@id":"https:\/\/manitusolar.ro\/#\/schema\/logo\/image\/"}}]}},"_links":{"self":[{"href":"https:\/\/manitusolar.ro\/en\/wp-json\/wp\/v2\/product\/9440","targetHints":{"allow":["GET"]}}],"collection":[{"href":"https:\/\/manitusolar.ro\/en\/wp-json\/wp\/v2\/product"}],"about":[{"href":"https:\/\/manitusolar.ro\/en\/wp-json\/wp\/v2\/types\/product"}],"version-history":[{"count":5,"href":"https:\/\/manitusolar.ro\/en\/wp-json\/wp\/v2\/product\/9440\/revisions"}],"predecessor-version":[{"id":10027,"href":"https:\/\/manitusolar.ro\/en\/wp-json\/wp\/v2\/product\/9440\/revisions\/10027"}],"wp:featuredmedia":[{"embeddable":true,"href":"https:\/\/manitusolar.ro\/en\/wp-json\/wp\/v2\/media\/10026"}],"wp:attachment":[{"href":"https:\/\/manitusolar.ro\/en\/wp-json\/wp\/v2\/media?parent=9440"}],"wp:term":[{"taxonomy":"product_brand","embeddable":true,"href":"https:\/\/manitusolar.ro\/en\/wp-json\/wp\/v2\/product_brand?post=9440"},{"taxonomy":"product_cat","embeddable":true,"href":"https:\/\/manitusolar.ro\/en\/wp-json\/wp\/v2\/product_cat?post=9440"},{"taxonomy":"product_tag","embeddable":true,"href":"https:\/\/manitusolar.ro\/en\/wp-json\/wp\/v2\/product_tag?post=9440"}],"curies":[{"name":"wp","href":"https:\/\/api.w.org\/{rel}","templated":true}]}}